{"id":381,"date":"2023-06-29T20:57:22","date_gmt":"2023-06-29T18:57:22","guid":{"rendered":"http:\/\/orisha-ossain.com\/?post_type=product&#038;p=381"},"modified":"2026-04-17T15:47:20","modified_gmt":"2026-04-17T13:47:20","slug":"sananga","status":"publish","type":"product","link":"https:\/\/orisha-ossain.com\/de\/product\/sananga\/","title":{"rendered":"Sananga"},"content":{"rendered":"<h2><span style=\"font-size: 12pt;\">Sananga<\/span><\/h2>\n<p>Dies ist ein spezieller Fl\u00fcssigextrakt aus dem Wald mit einer starken Verbindung zu schamanischer Medizin und seinen einzigartigen Heilqualit\u00e4ten. Ich hoffe, dass Sie dies als eine sinnvolle Erg\u00e4nzung des Sortiments von Orisha Ossain empfinden werden.<\/p>\n<h2><span style=\"font-size: 12pt;\">Der Strauch<\/span><\/h2>\n<p>Die Indianer des Amazonas nennen den Sananga-Strauch \"Apocynaceae\". Innerhalb der Sananga gibt es 2 Varianten. Ihre lateinischen Namen sind Tabernaentana Undalata und Tabernaentana Sahanho. Der Undalata-Typ scheint eher in Peru verbreitet zu sein, w\u00e4hrend der Sahanho aus Brasilien stammt. Man hat mir gesagt, dass es noch 2 weitere Untersorten gibt, aber damit enden die Informationen. Nicht alle analytischen Erkenntnisse \u00fcber Sananga stehen uns zur Verf\u00fcgung, und das ist auch gut so. Letztendlich k\u00f6nnen wir uns nur dann wirklich mit der Medizin verbinden, wenn wir sie anwenden. Informationen sind hilfreich, k\u00f6nnen aber auch ablenkend oder sogar irref\u00fchrend sein, wenn nicht alle Details bekannt sind. Das wahre Wissen steckt immer in der Medizin.<\/p>\n<p><a href=\"http:\/\/orisha-ossain.com\/wp-content\/uploads\/2023\/06\/Sananga-application.jpg\"><img decoding=\"async\" class=\"aligncenter wp-image-274 size-medium\" src=\"http:\/\/orisha-ossain.com\/wp-content\/uploads\/2023\/06\/Sananga-application-300x201.jpg\" alt=\"Nahaufnahme eines Inders, der eine Behandlung mit Sananga-Augentropfen erh\u00e4lt, Tabernaentana Sahanho\" width=\"300\" height=\"201\" srcset=\"https:\/\/orisha-ossain.com\/wp-content\/uploads\/2023\/06\/Sananga-application-300x201.jpg 300w, https:\/\/orisha-ossain.com\/wp-content\/uploads\/2023\/06\/Sananga-application.jpg 612w\" sizes=\"(max-width: 300px) 100vw, 300px\" \/><\/a><\/p>\n<h2><span style=\"font-size: 12pt;\">Stammesbezogene Verwendung<\/span><\/h2>\n<p>Verschiedene Amazonas-St\u00e4mme verwenden Sananga-Augentropfen, um ihre Jagdf\u00e4higkeiten zu verbessern. Der Geist von Sananga hilft bei der tiefen Reinigung auf energetischer, k\u00f6rperlicher, emotionaler und spiritueller Ebene. Er hilft auch, alle Chakren zu entblockieren und festgefahrene Energie freizusetzen.<\/p>\n<p>Traditionell verwenden die St\u00e4mme die Augentropfen zur Beseitigung von \"Panemas\". Denken Sie bei Panemas an Pech bei der Jagd und im Leben. Depressionen, Faulheit, mangelnde Motivation, Konzentrationsschw\u00e4che, schlechte Laune, Wutausbr\u00fcche, Traurigkeit und schlechte Stimmung. Es beeinflusst positiv alle Faktoren, die Schwierigkeiten und Krankheiten anziehen.<\/p>\n<p>Mehrere St\u00e4mme im Amazonasgebiet verwenden Sananga, um ihre Jagdf\u00e4higkeiten zu verbessern, indem sie ihnen eine Art Nachtsicht verleihen. Es verleiht ihnen auch eine bessere Tiefenwahrnehmung und ein sch\u00e4rferes, feineres Sehverm\u00f6gen und hilft bei der Verbesserung von Lang- und Kurzsichtigkeit. Auf diese Weise hilft es den Indianern, die kleinsten Bewegungen im Wald zu sehen, w\u00e4hrend sie jagen, und gibt ihnen die Kraft, sich durch den dichten Wald zu bewegen.<\/p>\n<p><a href=\"http:\/\/orisha-ossain.com\/wp-content\/uploads\/2023\/06\/Sananga.jpg\"><img decoding=\"async\" class=\"aligncenter wp-image-273 size-medium\" src=\"http:\/\/orisha-ossain.com\/wp-content\/uploads\/2023\/06\/Sananga-300x300.jpg\" alt=\"Nahaufnahme von 2 H\u00e4nden, eine h\u00e4lt ein Messer, zerkleinert Sananga-Wurzel, Tabernaentana Undalata, Tabernaentana Sahanho\" width=\"300\" height=\"300\" srcset=\"https:\/\/orisha-ossain.com\/wp-content\/uploads\/2023\/06\/Sananga-300x300.jpg 300w, https:\/\/orisha-ossain.com\/wp-content\/uploads\/2023\/06\/Sananga-100x100.jpg 100w, https:\/\/orisha-ossain.com\/wp-content\/uploads\/2023\/06\/Sananga-465x465.jpg 465w, https:\/\/orisha-ossain.com\/wp-content\/uploads\/2023\/06\/Sananga-150x150.jpg 150w, https:\/\/orisha-ossain.com\/wp-content\/uploads\/2023\/06\/Sananga.jpg 500w\" sizes=\"(max-width: 300px) 100vw, 300px\" \/><\/a><\/p>\n<h2><span style=\"font-size: 12pt;\">Die Vorbereitung<\/span><\/h2>\n<p>Sananga wird hergestellt, indem die Wurzel\/Rinde des Strauchs in Wasser eingeweicht wird. Zun\u00e4chst m\u00fcssen die Wurzeln gut gereinigt werden. Nach der Reinigung werden die Wurzeln von ihrer \u00e4u\u00dferen Schicht abgesch\u00e4lt. Diese Wurzeln werden mehrere Stunden lang im Wasser liegen gelassen. Eine recht einfache Extraktionsmethode, fast wie die Herstellung von Tee.<\/p>\n<h2><span style=\"font-size: 12pt;\">Ein Zitat<\/span><\/h2>\n<p>Tuin Hua Kaxinaw\u00e1, Schamane des Dorfes Caucho, erkl\u00e4rt den Zweck von Sananga.<\/p>\n<p><span class=\"\">\"Die Augen sind die Fenster zu allem, was wir sehen und gestalten.\u00a0<\/span>Unsere Augen speichern alles ab, sogar unsere Geschichte. Der Geist von Sananga f\u00f6rdert die Heilung. Er vertreibt alle \u00dcbel der Seele und der Materie. \"<\/p>\n<h2><span style=\"font-size: 12pt;\">Vorteile von Sananga<\/span><\/h2>\n<div id=\"ds_div\">\n<p>Die St\u00e4mme im Amazonasgebiet kennen die Vorteile der Sananga-Augentropfen seit Jahrhunderten oder sogar noch l\u00e4nger. In den letzten zehn Jahren haben diese Medizin und ihre Vorteile auch den Rest der Welt erreicht. Sananga wird h\u00e4ufig vor einer Ayahuasca\/Kambo-Zeremonie oder als eigenst\u00e4ndige Behandlung verwendet.<\/p>\n<p>Auf energetischer Ebene hilft Sananga, die innere Vision, das dritte Auge, die Visionen zu \u00f6ffnen. Es aktiviert die Zirbeldr\u00fcse und kl\u00e4rt alle geistigen Verwirrungen. Es befreit auch von negativen Gedanken und reinigt tiefgreifend die gesamte Aura von innen heraus.<\/p>\n<p>Eine Zusammenfassung der potenziellen Kraft von Sananga.<\/p>\n<p>- Entgiftet den K\u00f6rper.<br \/>\n- Erh\u00f6ht die visuelle Wahrnehmung und verbessert die Farben.<br \/>\n- Beseitigt langfristigen inneren \u00c4rger.<br \/>\n- Verleiht dem Energiefeld einen Reset.<br \/>\n- Behandelt Geisteskrankheiten, die durch negative Energien im K\u00f6rper verursacht werden.<\/p>\n<p>Es hilft auch, alle Chakren neu auszurichten und zu \u00f6ffnen, insbesondere das dritte Auge und das Kronenchakra. Sananga hat das Potenzial, deine Visualisierung und spirituellen Ideen zu steigern. Weitere traditionelle Anwendungen sind die Verwendung als Fiebermittel, Brechmittel, Diuretikum, Beruhigungsmittel und f\u00fcr viele andere Zwecke, einschlie\u00dflich Hautkrankheiten. Sananga hilft auch, Zahnprobleme zu lindern. Es wirkt auch gegen Wunden und heilt verschiedene Augenverletzungen.<\/p>\n<p>Ein weiterer wichtiger heilender Aspekt der Apocynaceae-Familie ist ihre antimikrobielle Aktivit\u00e4t. Sananga ist ein starkes Antioxidans, wirkt krebshemmend, fieberhemmend, entz\u00fcndungshemmend, antimykobakteriell und antimikrobiell. Sanamga kann auch helfen, vergangene Traumata loszulassen. Es hilft dabei, festsitzende negative Energien loszulassen und L\u00f6cher in unseren aurischen Feldern zu schlie\u00dfen. Es unterst\u00fctzt auch das luzide Tr\u00e4umen.<\/p>\n<p>Ein interessanter Artikel \u00fcber Sananga: <a href=\"https:\/\/psychedelictimes.com\/traditional-medicines\/scientific-studies-hint-at-how-sananga-eye-drops-treat-ocular-diseases\/\" target=\"_blank\" rel=\"noopener noreferrer\">Wissenschaftliche Studien weisen darauf hin, wie Sananga-Augentropfen Augenkrankheiten behandeln<\/a><\/p>\n<h2><span style=\"font-size: 12pt;\">Wie man Sananga verabreicht<\/span><\/h2>\n<p>Sananga wird am besten von einem Freund oder einer Freundin ausgef\u00fchrt, w\u00e4hrend Sie sich an einem bequemen Ort hinlegen. Der Empf\u00e4nger h\u00e4lt die Augen geschlossen. Zwei Tropfen werden auf die Innenseite der Augenh\u00f6hlen gegeben. Nun \u00f6ffnen Sie Ihre Augen, damit die Tropfen auf Ihre Aug\u00e4pfel flie\u00dfen k\u00f6nnen. Die Wirkung tritt sofort ein, und je nach St\u00e4rke des Sananga kann sie mild sein, aber im Allgemeinen ist sie ziemlich stark. Diese Behandlung kann recht schmerzhaft sein. Halten Sie Ihre Augen geschlossen, atmen Sie tief ein und entspannen Sie sich in dieser Kraft. Wenn die Kraft nachl\u00e4sst, \u00f6ffne die Augen wieder, um den Prozess fortzusetzen.<\/p>\n<h2><span style=\"font-size: 12pt;\">Lagerung<\/span><\/h2>\n<p>Mit der Zeit verlieren die Sananga-Augentropfen ihre Kraft. Daher ist es wichtig, sie an einem k\u00fchlen und dunklen Ort aufzubewahren, am besten im K\u00fchlschrank. Vor Gebrauch gut sch\u00fctteln.<\/p>\n<\/div>\n<p>&nbsp;<\/p>","protected":false},"excerpt":{"rendered":"<p>Sananga-Augentropfen. Ich habe die Sananga-Fl\u00fcssigkeit gefiltert, damit sie keine R\u00fcckst\u00e4nde von Pflanzenmaterial enth\u00e4lt. Dieses Sananga ist v\u00f6llig sauber, frisch und stark. Erh\u00e4ltlich in 5 ml und 10 ml kobaltblauen Glasflaschen mit Tropfer.<\/p>","protected":false},"featured_media":1475,"template":"","meta":{"_seopress_robots_primary_cat":"none","_seopress_titles_title":"%%post_title%% - Eye Drops - Tabernaentana Sahanho - Shamanic","_seopress_titles_desc":"Sanganga knows , Tabernaentana Undalata & Tabernaentana Sahanho. Sananga cleans deeply on an energetic, physical, emotional and spiritual level.","_seopress_robots_index":"","_kad_blocks_custom_css":"","_kad_blocks_head_custom_js":"","_kad_blocks_body_custom_js":"","_kad_blocks_footer_custom_js":"","_kad_post_transparent":"default","_kad_post_title":"","_kad_post_layout":"default","_kad_post_sidebar_id":"","_kad_post_content_style":"default","_kad_post_vertical_padding":"default","_kad_post_feature":"","_kad_post_feature_position":"","_kad_post_header":false,"_kad_post_footer":false,"_kad_post_classname":""},"product_brand":[],"product_cat":[51],"product_tag":[],"class_list":{"0":"post-381","1":"product","2":"type-product","3":"status-publish","4":"has-post-thumbnail","6":"product_cat-sananga","8":"first","9":"instock","10":"taxable","11":"shipping-taxable","12":"purchasable","13":"product-type-variable","14":"entry","15":"content-bg","16":"loop-entry"},"taxonomy_info":{"product_cat":[{"value":51,"label":"Sananga"}]},"featured_image_src_large":["https:\/\/orisha-ossain.com\/wp-content\/uploads\/2023\/08\/002.jpg",809,756,false],"author_info":[],"comment_info":"","_links":{"self":[{"href":"https:\/\/orisha-ossain.com\/de\/wp-json\/wp\/v2\/product\/381","targetHints":{"allow":["GET"]}}],"collection":[{"href":"https:\/\/orisha-ossain.com\/de\/wp-json\/wp\/v2\/product"}],"about":[{"href":"https:\/\/orisha-ossain.com\/de\/wp-json\/wp\/v2\/types\/product"}],"wp:featuredmedia":[{"embeddable":true,"href":"https:\/\/orisha-ossain.com\/de\/wp-json\/wp\/v2\/media\/1475"}],"wp:attachment":[{"href":"https:\/\/orisha-ossain.com\/de\/wp-json\/wp\/v2\/media?parent=381"}],"wp:term":[{"taxonomy":"product_brand","embeddable":true,"href":"https:\/\/orisha-ossain.com\/de\/wp-json\/wp\/v2\/product_brand?post=381"},{"taxonomy":"product_cat","embeddable":true,"href":"https:\/\/orisha-ossain.com\/de\/wp-json\/wp\/v2\/product_cat?post=381"},{"taxonomy":"product_tag","embeddable":true,"href":"https:\/\/orisha-ossain.com\/de\/wp-json\/wp\/v2\/product_tag?post=381"}],"curies":[{"name":"wp","href":"https:\/\/api.w.org\/{rel}","templated":true}]}}