{"id":38087,"date":"2025-01-05T14:37:16","date_gmt":"2025-01-05T13:37:16","guid":{"rendered":"https:\/\/orisha-ossain.com\/?post_type=product&#038;p=38087"},"modified":"2026-04-03T15:50:11","modified_gmt":"2026-04-03T13:50:11","slug":"pasion","status":"publish","type":"product","link":"https:\/\/orisha-ossain.com\/de\/product\/pasion\/","title":{"rendered":"Pasi\u00f3n"},"content":{"rendered":"<h2>Entfachen Sie Ihre innere Leidenschaft<\/h2>\n<p>Genie\u00dfen Sie die herz\u00f6ffnende Wirkung von Ceremonial Cacao und die erhebende Freude und das Gl\u00fcck von Mucuna Pruriens.  Erlauben Sie Ihrem inneren Licht, hell zu leuchten und teilen Sie die Liebe, die tief aus Ihrem Herzen flie\u00dft, mit der Welt um Sie herum.<\/p>\n<p><img decoding=\"async\" class=\"aligncenter wp-image-38093 size-large\" src=\"https:\/\/orisha-ossain.com\/wp-content\/uploads\/2024\/12\/Pasion-9-1024x1024.webp\" alt=\"\" width=\"1024\" height=\"1024\" srcset=\"https:\/\/orisha-ossain.com\/wp-content\/uploads\/2024\/12\/Pasion-9-1024x1024.webp 1024w, https:\/\/orisha-ossain.com\/wp-content\/uploads\/2024\/12\/Pasion-9-300x300.webp 300w, https:\/\/orisha-ossain.com\/wp-content\/uploads\/2024\/12\/Pasion-9-768x768.webp 768w, https:\/\/orisha-ossain.com\/wp-content\/uploads\/2024\/12\/Pasion-9-12x12.webp 12w, https:\/\/orisha-ossain.com\/wp-content\/uploads\/2024\/12\/Pasion-9-75x75.webp 75w, https:\/\/orisha-ossain.com\/wp-content\/uploads\/2024\/12\/Pasion-9-465x465.webp 465w, https:\/\/orisha-ossain.com\/wp-content\/uploads\/2024\/12\/Pasion-9-100x100.webp 100w, https:\/\/orisha-ossain.com\/wp-content\/uploads\/2024\/12\/Pasion-9.webp 1080w\" sizes=\"(max-width: 1024px) 100vw, 1024px\" \/><\/p>\n<h2>Wichtigste Vorteile<\/h2>\n<ul>\n<li aria-level=\"1\">Stimmungsaufhellend<\/li>\n<li aria-level=\"1\">Hormonelles Gleichgewicht<\/li>\n<li aria-level=\"1\">Libidosteigerung<\/li>\n<\/ul>\n<p><b>Energetisches Profil:<\/b>\u00a0Beruhigend, liebevoll, Leichtigkeit des Seins, erhebend, erweckend, Lebenskraft aktivierend.<\/p>\n<h2 data-pm-slice=\"1 1 []\"><strong>Adaptogenes Kraut - Mucuna Pruriens: Die \"Dopamin-Bohne\"<\/strong><\/h2>\n<h3>Entfesseln Sie die Kraft der Freude, Vitalit\u00e4t und kognitiven Klarheit<\/h3>\n<p>Mucuna Pruriens, auch bekannt unter Namen wie Kapikachhu, Samtbohne und die ber\u00fchmte Dopaminbohne, ist ein nat\u00fcrlicher Schatz. Als eine der reichsten Quellen von L-Dopa unterst\u00fctzt diese bemerkenswerte H\u00fclsenfrucht direkt die Produktion von Dopamin, einem Neurotransmitter, der f\u00fcr Gef\u00fchle von Freude, Motivation und Wohlbefinden unerl\u00e4sslich ist. Dieses adaptogene Supernahrungsmittel wird seit Jahrhunderten in der ayurvedischen und traditionellen Medizin verehrt und bietet tiefgreifende Vorteile f\u00fcr K\u00f6rper und Geist.<\/p>\n<h3>Mit Sorgfalt und Tradition hergestellt<\/h3>\n<p>Dieser Mucuna Pruriens-Extrakt wird nachhaltig von kleinb\u00e4uerlichen Familienbetrieben im Herzen von Rajasthan, Indien, bezogen. Diese Farmen halten traditionelle landwirtschaftliche Praktiken in Ehren, um die h\u00f6chste Qualit\u00e4t und Wirksamkeit zu gew\u00e4hrleisten und gleichzeitig die nat\u00fcrliche Integrit\u00e4t des Landes zu bewahren. Seit Generationen wird Mucuna Pruriens als Grundnahrungsmittel und Heilmittelrapeutic verwendet, das f\u00fcr seine n\u00e4hrende und verj\u00fcngende Wirkung bekannt ist.<\/p>\n<h3>Vorteile von Mucuna Pruriens<\/h3>\n<ol start=\"1\" data-spread=\"true\">\n<li><strong>Stimmungsaufheller und Energiebooster<\/strong>:\n<ul data-spread=\"false\">\n<li>Ein hoher L-Dopa-Gehalt f\u00f6rdert die Dopaminproduktion, was Gl\u00fccksgef\u00fchle, Motivation und Vitalit\u00e4t steigert.<\/li>\n<\/ul>\n<\/li>\n<li><strong>Nat\u00fcrlicher Libidoverst\u00e4rker<\/strong>:\n<ul data-spread=\"false\">\n<li>F\u00f6rdert die Gesundheit der Fortpflanzungsorgane und steigert die Libido bei M\u00e4nnern und Frauen, wodurch die allgemeine Vitalit\u00e4t und Intimit\u00e4t verbessert wird.<\/li>\n<\/ul>\n<\/li>\n<li><strong>Gesundheit des Gehirns und Unterst\u00fctzung der Kognition<\/strong>:\n<ul data-spread=\"false\">\n<li>Wirkt als starkes Nootropikum, das die geistige Klarheit, die Konzentration und das Ged\u00e4chtnis verbessert und gleichzeitig vor oxidativem Stress im Gehirn sch\u00fctzt.<\/li>\n<\/ul>\n<\/li>\n<li><strong>Adaptogene Eigenschaften<\/strong>:\n<ul data-spread=\"false\">\n<li>Hilft dem K\u00f6rper, sich an Stress anzupassen und das Gleichgewicht aufrechtzuerhalten, f\u00f6rdert die Widerstandsf\u00e4higkeit und das allgemeine Wohlbefinden.<\/li>\n<\/ul>\n<\/li>\n<\/ol>\n<h3>Energetisches Profil<\/h3>\n<ul data-spread=\"false\">\n<li><strong>Belebend<\/strong>: F\u00f6rdert Energie und Vitalit\u00e4t.<\/li>\n<li><strong>Erdung<\/strong>: Stabilisiert die Stimmung und f\u00f6rdert die geistige Klarheit.<\/li>\n<li><strong>Er\u00f6ffnung<\/strong>: F\u00f6rdert die Freude und die emotionale Bindung.<\/li>\n<\/ul>\n<h3>Wie man Mucuna Pruriens verwendet<\/h3>\n<ul data-spread=\"false\">\n<li><strong>Pulver<\/strong>: Mischen Sie 1-2 Teel\u00f6ffel in Ihre Lieblings-Smoothies, Tees oder pflanzliche Milch f\u00fcr ein cremiges, nahrhaftes Getr\u00e4nk.<\/li>\n<li><strong>Kapseln<\/strong>: Praktisch f\u00fcr die t\u00e4gliche Nahrungserg\u00e4nzung, ideal f\u00fcr die Einnahme unterwegs.<\/li>\n<li><strong>Tinktur<\/strong>: F\u00fcr eine schnelle Aufnahme und Wirkung ein paar Tropfen in Wasser oder Saft geben.<\/li>\n<\/ul>\n<h3>Warum sollten Sie unser Mucuna Pruriens w\u00e4hlen?<\/h3>\n<ul data-spread=\"false\">\n<li><strong>100% Nat\u00fcrlich und \u00f6kologisch<\/strong>: Keine synthetischen Zusatzstoffe oder F\u00fcllstoffe.<\/li>\n<li><strong>Hoher L-Dopa-Gehalt<\/strong>: F\u00fcr maximale Potenz und Wirksamkeit.<\/li>\n<li><strong>Nachhaltig beschafft<\/strong>: Unterst\u00fctzung von Kleinbauern und traditionellen Praktiken.<\/li>\n<li><strong>Gepr\u00fcft durch Dritte<\/strong>: Gew\u00e4hrleistung von Reinheit, Sicherheit und Qualit\u00e4t.<\/li>\n<\/ul>\n<h3>Treten Sie ein in Gl\u00fcckseligkeit und Gleichgewicht<\/h3>\n<p>Jede Einnahme von Mucuna Pruriens ist eine Einladung, Ihr volles Potenzial zu entfalten. Ganz gleich, ob Sie Ihre Stimmung heben, Ihre geistige Klarheit verbessern oder Ihre Vitalit\u00e4t st\u00e4rken wollen, dieses adaptogene Kraut hat alles f\u00fcr Sie.<\/p>\n<p><strong>Heute bestellen<\/strong> <strong>und erleben Sie die transformativen Vorteile von Mucuna Pruriens, der nat\u00fcrlichen Dopaminbohne!<\/strong><\/p>","protected":false},"excerpt":{"rendered":"<h3><b>Zeremonieller Kakao\u00a0<\/b><strong>- Belize - 100 Gramm<\/strong><\/h3>\n<ul>\n<li><b><strong>\u00a0<\/strong><\/b>Mucuna Prurienextrakt (Kapikachhu)<\/li>\n<li><b>\u00a0<\/b>Infundiert mit Rosenbl\u00fcten und Vanille<\/li>\n<\/ul>","protected":false},"featured_media":38094,"template":"","meta":{"_seopress_robots_primary_cat":"none","_seopress_titles_title":"","_seopress_titles_desc":"","_seopress_robots_index":"","_kad_blocks_custom_css":"","_kad_blocks_head_custom_js":"","_kad_blocks_body_custom_js":"","_kad_blocks_footer_custom_js":"","_kad_post_transparent":"default","_kad_post_title":"","_kad_post_layout":"default","_kad_post_sidebar_id":"","_kad_post_content_style":"default","_kad_post_vertical_padding":"default","_kad_post_feature":"","_kad_post_feature_position":"","_kad_post_header":false,"_kad_post_footer":false,"_kad_post_classname":""},"product_brand":[],"product_cat":[150],"product_tag":[151],"class_list":{"0":"post-38087","1":"product","2":"type-product","3":"status-publish","4":"has-post-thumbnail","6":"product_cat-cacao","7":"product_tag-cacao","9":"first","10":"instock","11":"taxable","12":"shipping-taxable","13":"purchasable","14":"product-type-simple","15":"entry","16":"content-bg","17":"loop-entry"},"taxonomy_info":{"product_cat":[{"value":150,"label":"Cacao"}],"product_tag":[{"value":151,"label":"Cacao"}]},"featured_image_src_large":["https:\/\/orisha-ossain.com\/wp-content\/uploads\/2024\/12\/Pasion-transparent-1024x1024.webp",1024,1024,true],"author_info":[],"comment_info":"","_links":{"self":[{"href":"https:\/\/orisha-ossain.com\/de\/wp-json\/wp\/v2\/product\/38087","targetHints":{"allow":["GET"]}}],"collection":[{"href":"https:\/\/orisha-ossain.com\/de\/wp-json\/wp\/v2\/product"}],"about":[{"href":"https:\/\/orisha-ossain.com\/de\/wp-json\/wp\/v2\/types\/product"}],"wp:featuredmedia":[{"embeddable":true,"href":"https:\/\/orisha-ossain.com\/de\/wp-json\/wp\/v2\/media\/38094"}],"wp:attachment":[{"href":"https:\/\/orisha-ossain.com\/de\/wp-json\/wp\/v2\/media?parent=38087"}],"wp:term":[{"taxonomy":"product_brand","embeddable":true,"href":"https:\/\/orisha-ossain.com\/de\/wp-json\/wp\/v2\/product_brand?post=38087"},{"taxonomy":"product_cat","embeddable":true,"href":"https:\/\/orisha-ossain.com\/de\/wp-json\/wp\/v2\/product_cat?post=38087"},{"taxonomy":"product_tag","embeddable":true,"href":"https:\/\/orisha-ossain.com\/de\/wp-json\/wp\/v2\/product_tag?post=38087"}],"curies":[{"name":"wp","href":"https:\/\/api.w.org\/{rel}","templated":true}]}}