{"id":3651,"date":"2024-07-26T12:25:42","date_gmt":"2024-07-26T10:25:42","guid":{"rendered":"http:\/\/orisha-ossain.com\/?post_type=product&#038;p=3651"},"modified":"2026-03-11T10:26:01","modified_gmt":"2026-03-11T09:26:01","slug":"tepi-natural","status":"publish","type":"product","link":"https:\/\/orisha-ossain.com\/de\/product\/tepi-natural\/","title":{"rendered":"Tepi Nat\u00fcrlich"},"content":{"rendered":"<p><img decoding=\"async\" class=\"aligncenter wp-image-53589 size-full\" src=\"https:\/\/orisha-ossain.com\/wp-content\/uploads\/2026\/03\/20260310_125146.jpg\" alt=\"\" width=\"1577\" height=\"1779\" srcset=\"https:\/\/orisha-ossain.com\/wp-content\/uploads\/2026\/03\/20260310_125146.jpg 1577w, https:\/\/orisha-ossain.com\/wp-content\/uploads\/2026\/03\/20260310_125146-266x300.jpg 266w, https:\/\/orisha-ossain.com\/wp-content\/uploads\/2026\/03\/20260310_125146-908x1024.jpg 908w, https:\/\/orisha-ossain.com\/wp-content\/uploads\/2026\/03\/20260310_125146-768x866.jpg 768w, https:\/\/orisha-ossain.com\/wp-content\/uploads\/2026\/03\/20260310_125146-1362x1536.jpg 1362w, https:\/\/orisha-ossain.com\/wp-content\/uploads\/2026\/03\/20260310_125146-11x12.jpg 11w\" sizes=\"(max-width: 1577px) 100vw, 1577px\" \/><\/p>\n<p>Das hier vorgestellte St\u00fcck ist das Werk meines lieben Freundes Paco. Er lebt im S\u00fcden Brasiliens in der N\u00e4he von Porto Alegre. Ich habe Paco in seinem Haus im S\u00fcden besucht und einige Zeit mit ihm verbracht, um mehr \u00fcber ihn und seine Arbeit zu erfahren. Pacos Arbeitsethik ist etwas Besonderes. Das Holz, das er verwendet, stammt aus abgerissenen H\u00e4usern oder von abgestorbenen B\u00e4umen aus der Natur. Die Knochen, die er verwendet, stammen von \u00fcberfahrenen oder auf nat\u00fcrliche Weise gestorbenen Tieren. Weder Paco noch andere mussten direkt einen Baum oder ein Tier opfern, um eines seiner Kunstwerke herzustellen. Und jedes St\u00fcck, das er herstellt, ist ein Unikat. Pacos Arbeit ist ein integraler Bestandteil von Orisha Ossain.<\/p>\n<figure id=\"attachment_1352\" aria-describedby=\"caption-attachment-1352\" style=\"width: 169px\" class=\"wp-caption alignright\"><a href=\"http:\/\/orisha-ossain.com\/wp-content\/uploads\/2023\/08\/paco-01.jpg\"><img decoding=\"async\" class=\"wp-image-1352 size-medium\" src=\"http:\/\/orisha-ossain.com\/wp-content\/uploads\/2023\/08\/paco-01-169x300.jpg\" alt=\"\" width=\"169\" height=\"300\" srcset=\"https:\/\/orisha-ossain.com\/wp-content\/uploads\/2023\/08\/paco-01-169x300.jpg 169w, https:\/\/orisha-ossain.com\/wp-content\/uploads\/2023\/08\/paco-01.jpg 517w\" sizes=\"(max-width: 169px) 100vw, 169px\" \/><\/a><figcaption id=\"caption-attachment-1352\" class=\"wp-caption-text\">Drei Teile, die eine neue Kuripe bilden werden<\/figcaption><\/figure>\n<h2>Handwerkliches K\u00f6nnen<\/h2>\n<p>Die Tepi und Kuripe, die Paco herstellt, haben alle eine sehr organische Ausstrahlung. Alle St\u00fccke haben ihren eigenen Charakter. Er verwendet verschiedene Techniken, um sehr saubere und solide Verbindungen zwischen den Teilen seiner schamanischen Instrumente herzustellen. Ein h\u00e4ufiges Problem bei einer V-f\u00f6rmigen Kurpfeife ist, dass ein Teil des Schnupftabaks im Boden des Vs stecken bleibt. Pacos L\u00f6sung besteht darin, einen Boden im Inneren der Kurpfeife zu schaffen, der eine gebogene Form hat. Auf diese Weise wird immer der gesamte Schnupftabak aus dem Blasrohr geblasen. Seine St\u00fccke sind sehr kraftvoll. Im Allgemeinen ist die Blasst\u00e4rke seiner Blasrohre recht hoch und gew\u00e4hrleistet ein tiefes Eindringen des Rap\u00e9. Es handelt sich um qualitativ hochwertige St\u00fccke, die sehr lange halten werden.<a style=\"font-weight: bold;\" href=\"http:\/\/orisha-ossain.com\/wp-content\/uploads\/2023\/08\/paco-02.jpg\"><img decoding=\"async\" class=\"size-medium wp-image-1353 alignnone\" src=\"http:\/\/orisha-ossain.com\/wp-content\/uploads\/2023\/08\/paco-02-169x300.jpg\" alt=\"\" width=\"169\" height=\"300\" srcset=\"https:\/\/orisha-ossain.com\/wp-content\/uploads\/2023\/08\/paco-02-169x300.jpg 169w, https:\/\/orisha-ossain.com\/wp-content\/uploads\/2023\/08\/paco-02.jpg 520w\" sizes=\"(max-width: 169px) 100vw, 169px\" \/><\/a><\/p>\n<p>Eine Schnur aus lieber Haut ist befestigt<\/p>\n<h2>Hervorragend!<\/h2>\n<p>In der Woche, die ich mit Paco verbrachte, genoss ich die Zeit, in der ich neben ihm sa\u00df und ihm bei der Arbeit zusah. Zusammen haben wir meine neue pers\u00f6nliche Kuripe gemacht. Ich habe unsere gemeinsame Zeit sehr genossen. Um Paco ein wenig zu helfen, kaufte ich ihm einige neue Werkzeuge wie eine Holzfeile und eine Raspel. Einige seiner Werkzeuge waren einfach zu alt und bremsten ihn sehr. Paco verwendet verschiedene Arten von Holz. Von einer einheimischen Kiefernsorte \u00fcber Zimtholz bis hin zu einem amazonischen Holz namens \"Roxinho\". Alle St\u00fccke haben ihr spezifisches, einzigartiges Aussehen\/Frequenz. Das hohe Niveau der Handwerkskunst macht seine St\u00fccke au\u00dfergew\u00f6hnlich.  Einfach, organisch, sch\u00f6n und kraftvoll sind einige Worte, die ausdr\u00fccken, was ich f\u00fchle, wenn ich seine Kunst betrachte und in den H\u00e4nden halte.<\/p>\n<figure id=\"attachment_1354\" aria-describedby=\"caption-attachment-1354\" style=\"width: 170px\" class=\"wp-caption alignright\"><a href=\"http:\/\/orisha-ossain.com\/wp-content\/uploads\/2023\/08\/paco-03.jpg\"><img decoding=\"async\" class=\"wp-image-1354 size-medium\" src=\"http:\/\/orisha-ossain.com\/wp-content\/uploads\/2023\/08\/paco-03-170x300.jpg\" alt=\"\" width=\"170\" height=\"300\" srcset=\"https:\/\/orisha-ossain.com\/wp-content\/uploads\/2023\/08\/paco-03-170x300.jpg 170w, https:\/\/orisha-ossain.com\/wp-content\/uploads\/2023\/08\/paco-03.jpg 520w\" sizes=\"(max-width: 170px) 100vw, 170px\" \/><\/a><figcaption id=\"caption-attachment-1354\" class=\"wp-caption-text\">Endkontrolle<\/figcaption><\/figure>\n<h2>Sonderanfertigung<\/h2>\n<p>Paco arbeitete fr\u00fcher als Automechaniker, f\u00fchlte sich aber berufen, sein Leben v\u00f6llig zu \u00e4ndern. Zusammen mit seiner wunderbaren Frau und seiner Tochter lebt er auf dem Land und hat es geschafft, einen anderen Weg zu finden, seine Familie zu ern\u00e4hren. Sein einziges Einkommen stammt aus seiner k\u00fcnstlerischen T\u00e4tigkeit, und das bedeutet nicht, dass er am Flie\u00dfband produziert. Paco liebt den pers\u00f6nlichen Kontakt. Er m\u00f6chte eine enge Beziehung zu seinen Kunden aufbauen, damit er die Energie und die W\u00fcnsche seiner Kunden in das von ihm gefertigte Werk umsetzen kann. Wenn Sie spezielle W\u00fcnsche f\u00fcr ein Tepi oder eine Kuripe haben, die Sie gerne von ihm anfertigen lassen m\u00f6chten, kontaktieren Sie mich bitte.<\/p>\n<figure id=\"attachment_1359\" aria-describedby=\"caption-attachment-1359\" style=\"width: 300px\" class=\"wp-caption aligncenter\"><a href=\"http:\/\/orisha-ossain.com\/wp-content\/uploads\/2023\/08\/P-A-e1582819785384.jpeg\"><img decoding=\"async\" class=\"wp-image-1359 size-medium\" src=\"http:\/\/orisha-ossain.com\/wp-content\/uploads\/2023\/08\/P-A-e1582819785384-300x225.jpeg\" alt=\"\" width=\"300\" height=\"225\" srcset=\"https:\/\/orisha-ossain.com\/wp-content\/uploads\/2023\/08\/P-A-e1582819785384-300x225.jpeg 300w, https:\/\/orisha-ossain.com\/wp-content\/uploads\/2023\/08\/P-A-e1582819785384-1024x768.jpeg 1024w, https:\/\/orisha-ossain.com\/wp-content\/uploads\/2023\/08\/P-A-e1582819785384-768x576.jpeg 768w, https:\/\/orisha-ossain.com\/wp-content\/uploads\/2023\/08\/P-A-e1582819785384-1536x1152.jpeg 1536w, https:\/\/orisha-ossain.com\/wp-content\/uploads\/2023\/08\/P-A-e1582819785384.jpeg 1600w\" sizes=\"(max-width: 300px) 100vw, 300px\" \/><\/a><figcaption id=\"caption-attachment-1359\" class=\"wp-caption-text\">Paco und ich<\/figcaption><\/figure>\n<h2 style=\"text-align: center;\"><a href=\"http:\/\/orisha-ossain.com\/de\/product-category\/tepi\/\">Tepi<\/a> und Kuripe<span style=\"font-size: 16px;\">\u00a0<\/span><\/h2>\n<p style=\"text-align: center;\">Werfen Sie einen Blick auf die Kollektion von Tepi und Kuripe. Verschiedene Stile von verschiedenen K\u00fcnstlern sind verf\u00fcgbar. <a style=\"font-weight: bold; font-family: var(--global-body-font-family);\" href=\"http:\/\/orisha-ossain.com\/wp-content\/uploads\/2023\/06\/Tepi-Blessings.jpg\"><img decoding=\"async\" class=\"wp-image-55 size-medium aligncenter\" src=\"http:\/\/orisha-ossain.com\/wp-content\/uploads\/2023\/06\/Tepi-Blessings-300x199.jpg\" alt=\"Tepis erhalten Segen von ihren Sch\u00f6pfern\" width=\"300\" height=\"199\" srcset=\"https:\/\/orisha-ossain.com\/wp-content\/uploads\/2023\/06\/Tepi-Blessings-300x199.jpg 300w, https:\/\/orisha-ossain.com\/wp-content\/uploads\/2023\/06\/Tepi-Blessings.jpg 640w\" sizes=\"(max-width: 300px) 100vw, 300px\" \/><\/a><span style=\"font-size: 14px; font-family: var(--global-body-font-family);\">Tepis erhalten Segen von ihren Sch\u00f6pfern<\/span><\/p>","protected":false},"excerpt":{"rendered":"<p>Ein einzelnes St\u00fcck Orangenbaumholz Tepi.<br \/>\nZum Schutz mit Naturlack behandelt.<\/p>","protected":false},"featured_media":53587,"template":"","meta":{"_seopress_robots_primary_cat":"none","_seopress_titles_title":"Tepi Natural","_seopress_titles_desc":"","_seopress_robots_index":"","_kad_blocks_custom_css":"","_kad_blocks_head_custom_js":"","_kad_blocks_body_custom_js":"","_kad_blocks_footer_custom_js":"","_kad_post_transparent":"default","_kad_post_title":"","_kad_post_layout":"default","_kad_post_sidebar_id":"","_kad_post_content_style":"default","_kad_post_vertical_padding":"default","_kad_post_feature":"","_kad_post_feature_position":"","_kad_post_header":false,"_kad_post_footer":false,"_kad_post_classname":""},"product_brand":[],"product_cat":[66],"product_tag":[76],"class_list":{"0":"post-3651","1":"product","2":"type-product","3":"status-publish","4":"has-post-thumbnail","6":"product_cat-tepi","7":"product_tag-tepi","9":"first","10":"instock","11":"taxable","12":"shipping-taxable","13":"purchasable","14":"product-type-simple","15":"entry","16":"content-bg","17":"loop-entry"},"taxonomy_info":{"product_cat":[{"value":66,"label":"Tepi"}],"product_tag":[{"value":76,"label":"Tepi"}]},"featured_image_src_large":["https:\/\/orisha-ossain.com\/wp-content\/uploads\/2026\/03\/20260310_125111-1024x890.jpg",1024,890,true],"author_info":[],"comment_info":"","_links":{"self":[{"href":"https:\/\/orisha-ossain.com\/de\/wp-json\/wp\/v2\/product\/3651","targetHints":{"allow":["GET"]}}],"collection":[{"href":"https:\/\/orisha-ossain.com\/de\/wp-json\/wp\/v2\/product"}],"about":[{"href":"https:\/\/orisha-ossain.com\/de\/wp-json\/wp\/v2\/types\/product"}],"wp:featuredmedia":[{"embeddable":true,"href":"https:\/\/orisha-ossain.com\/de\/wp-json\/wp\/v2\/media\/53587"}],"wp:attachment":[{"href":"https:\/\/orisha-ossain.com\/de\/wp-json\/wp\/v2\/media?parent=3651"}],"wp:term":[{"taxonomy":"product_brand","embeddable":true,"href":"https:\/\/orisha-ossain.com\/de\/wp-json\/wp\/v2\/product_brand?post=3651"},{"taxonomy":"product_cat","embeddable":true,"href":"https:\/\/orisha-ossain.com\/de\/wp-json\/wp\/v2\/product_cat?post=3651"},{"taxonomy":"product_tag","embeddable":true,"href":"https:\/\/orisha-ossain.com\/de\/wp-json\/wp\/v2\/product_tag?post=3651"}],"curies":[{"name":"wp","href":"https:\/\/api.w.org\/{rel}","templated":true}]}}