{"id":35847,"date":"2025-03-24T10:35:26","date_gmt":"2025-03-24T09:35:26","guid":{"rendered":"https:\/\/orisha-ossain.com\/?post_type=product&#038;p=35847"},"modified":"2026-04-17T16:49:42","modified_gmt":"2026-04-17T14:49:42","slug":"sabia-mapacho-roll","status":"publish","type":"product","link":"https:\/\/orisha-ossain.com\/de\/product\/sabia-mapacho-roll\/","title":{"rendered":"Sabi\u00e1-Mapacho-Rolle"},"content":{"rendered":"<h2>Die Kraft hinter den Sabi\u00e1-Mapacho-Rollen<\/h2>\n<p>Nicotiana rustica, oft als \"wilder Tabak\" bezeichnet, ist eine robuste und starke Tabaksorte, die sich von ihrem bekannteren Cousin Nicotiana tabacum unterscheidet. Die aus Amerika stammende Pflanze wurde schon lange vor der Einf\u00fchrung des kommerziellen Tabaks von den indigenen V\u00f6lkern angebaut und in verschiedenen traditionellen Praktiken verwendet.<\/p>\n<h3>Sabi\u00e1-Tabak: Eine reiche brasilianische Tradition<\/h3>\n<p>Sabi\u00e1-Tabak, der aus Nicotiana rustica gewonnen wird, ist f\u00fcr seine St\u00e4rke und tiefschwarze Qualit\u00e4t bekannt, insbesondere in der Region Arapiraca in Alagoas, Brasilien. Diese Sorte ist nicht nur f\u00fcr ihre intensiven Eigenschaften bekannt, sondern auch f\u00fcr ihre kulturelle Bedeutung in Brasilien. Sie wird in einer Region angebaut, die f\u00fcr ihre reichen, fruchtbaren B\u00f6den bekannt ist, was zur Robustheit des Tabaks beitr\u00e4gt.<\/p>\n<h3>Handwerkskunst und Nachhaltigkeit<\/h3>\n<p>Die Sabi\u00e1-Tabakrollen von Maya werden von geschickten Handwerkern hergestellt, die sich der Beibehaltung traditioneller Methoden verschrieben haben, die \u00fcber Generationen hinweg weitergegeben wurden. Jede Rolle wird sorgf\u00e4ltig vorbereitet, um sicherzustellen, dass das kulturelle Erbe und die Authentizit\u00e4t des Tabaks erhalten bleiben. Dieser Prozess beinhaltet einen nachhaltigen Ansatz in der Landwirtschaft, bei dem keine Pestizide verwendet werden, um ein reines und nat\u00fcrliches Produkt zu gew\u00e4hrleisten, das sowohl die Umwelt als auch die Gesundheit der Verbraucher respektiert.<\/p>","protected":false},"excerpt":{"rendered":"<h2 class=\"product_title entry-title\">Sabi\u00e1-Mapacho-Rollen - aus Brasilien<\/h2>\n<p>Frischer vakuumverpackter Sabi\u00e1 Mapacho.<\/p>\n<h2 class=\"product_title entry-title\"><span style=\"color: #ff0000;\"><strong style=\"font-family: var(--global-body-font-family); font-size: 16px;\">Dieses Produkt wird nur innerhalb der EU verschickt.<\/strong><\/span><\/h2>\n<p>Vakuumverpackt in 100, 250 und 500 Gramm. Sie erhalten immer etwas mehr, da es schwierig ist, auf das Gramm genau zu schneiden.<\/p>\n<div class=\"woocommerce-product-attributes-item woocommerce-product-attributes-item--attribute_pa_botanical-name\"><span class=\"woocommerce-product-attributes-item__label\"><strong>Botanischer Name<\/strong><span class=\"ckit-chosen-attribute_semicolon\">\u00a0-\u00a0<\/span><\/span><span class=\"woocommerce-product-attributes-item__value\">Nicotiana Rustica<\/span><\/div>\n<div class=\"woocommerce-product-attributes-item woocommerce-product-attributes-item--attribute_pa_plant-part\"><span class=\"woocommerce-product-attributes-item__label\"><strong>Pflanzenteil<\/strong><span class=\"ckit-chosen-attribute_semicolon\">\u00a0-\u00a0<\/span><\/span><span class=\"woocommerce-product-attributes-item__value\">Blatt<\/span><\/div>\n<div class=\"woocommerce-product-attributes-item woocommerce-product-attributes-item--attribute_pa_country\"><span class=\"woocommerce-product-attributes-item__label\"><strong>Land<\/strong><span class=\"ckit-chosen-attribute_semicolon\">\u00a0-\u00a0<\/span><\/span><span class=\"woocommerce-product-attributes-item__value\">Brasilien<\/span><\/div>","protected":false},"featured_media":41116,"template":"","meta":{"_seopress_robots_primary_cat":"none","_seopress_titles_title":"%%post_title%% - Strong Mapacho from Brazil","_seopress_titles_desc":"Sabi\u00e1 Mapacho Rolls. is a robust and potent variety of tobacco that stands distinct from its more commonly known cousin, Nicotiana tabacum.","_seopress_robots_index":"","_kad_blocks_custom_css":"","_kad_blocks_head_custom_js":"","_kad_blocks_body_custom_js":"","_kad_blocks_footer_custom_js":"","_kad_post_transparent":"default","_kad_post_title":"","_kad_post_layout":"default","_kad_post_sidebar_id":"","_kad_post_content_style":"default","_kad_post_vertical_padding":"default","_kad_post_feature":"","_kad_post_feature_position":"","_kad_post_header":false,"_kad_post_footer":false,"_kad_post_classname":""},"product_brand":[],"product_cat":[145],"product_tag":[],"class_list":{"0":"post-35847","1":"product","2":"type-product","3":"status-publish","4":"has-post-thumbnail","6":"product_cat-mapacho","8":"first","9":"instock","10":"taxable","11":"shipping-taxable","12":"purchasable","13":"product-type-variable","14":"entry","15":"content-bg","16":"loop-entry"},"taxonomy_info":{"product_cat":[{"value":145,"label":"Mapacho"}]},"featured_image_src_large":["https:\/\/orisha-ossain.com\/wp-content\/uploads\/2025\/03\/sab-roll-1024x878.png",1024,878,true],"author_info":[],"comment_info":"","_links":{"self":[{"href":"https:\/\/orisha-ossain.com\/de\/wp-json\/wp\/v2\/product\/35847","targetHints":{"allow":["GET"]}}],"collection":[{"href":"https:\/\/orisha-ossain.com\/de\/wp-json\/wp\/v2\/product"}],"about":[{"href":"https:\/\/orisha-ossain.com\/de\/wp-json\/wp\/v2\/types\/product"}],"wp:featuredmedia":[{"embeddable":true,"href":"https:\/\/orisha-ossain.com\/de\/wp-json\/wp\/v2\/media\/41116"}],"wp:attachment":[{"href":"https:\/\/orisha-ossain.com\/de\/wp-json\/wp\/v2\/media?parent=35847"}],"wp:term":[{"taxonomy":"product_brand","embeddable":true,"href":"https:\/\/orisha-ossain.com\/de\/wp-json\/wp\/v2\/product_brand?post=35847"},{"taxonomy":"product_cat","embeddable":true,"href":"https:\/\/orisha-ossain.com\/de\/wp-json\/wp\/v2\/product_cat?post=35847"},{"taxonomy":"product_tag","embeddable":true,"href":"https:\/\/orisha-ossain.com\/de\/wp-json\/wp\/v2\/product_tag?post=35847"}],"curies":[{"name":"wp","href":"https:\/\/api.w.org\/{rel}","templated":true}]}}