{"id":35841,"date":"2025-04-10T11:35:32","date_gmt":"2025-04-10T09:35:32","guid":{"rendered":"https:\/\/orisha-ossain.com\/?post_type=product&#038;p=35841"},"modified":"2026-04-10T13:44:59","modified_gmt":"2026-04-10T11:44:59","slug":"moi-powder","status":"publish","type":"product","link":"https:\/\/orisha-ossain.com\/de\/product\/moi-powder\/","title":{"rendered":"M\u00f3i-Pulver"},"content":{"rendered":"<h2>\u00dcber M\u00f3i Mapacho<\/h2>\n<p>Tief im Herzen des brasilianischen Amazonasgebiets, nahe der Grenze zu Peru, liegt die Quelle des ber\u00fchmten Moi Mapacho, eines einheimischen Tabaks, der f\u00fcr seine einzigartigen Eigenschaften gesch\u00e4tzt wird. Diese besondere Sorte von Nicotiana rustica wird von lokalen Waldgemeinschaften angebaut, Nachkommen indigener St\u00e4mme, die sich w\u00e4hrend des Kautschukbooms im fr\u00fchen zwanzigsten Jahrhundert mit Einwanderern aus dem Nordosten vermischten. Sie gedeiht in den gr\u00fcnen Landschaften der Reserva Extrativista in der oberen Jurua-Region, nahe der peruanischen Grenze.<\/p>\n<p>In dieser unber\u00fchrten Umgebung gedeiht die hohe Kunst des Anbaus von Moi Mapacho. Dieser exquisite Tabak, der im Vergleich zu anderen brasilianischen Rustica-Sorten f\u00fcr seine Milde bekannt ist, verstr\u00f6mt ein bet\u00f6rendes Aroma und besitzt einen unverwechselbaren Charakter, der die Reinheit seiner Herkunft widerspiegelt. Ohne den Einsatz von Pestiziden angebaut, tr\u00e4gt jedes Blatt die Essenz des ungez\u00e4hmten Amazonas und ist ein Zeugnis f\u00fcr die harmonische Beziehung zwischen Mensch und Natur.<\/p>","protected":false},"excerpt":{"rendered":"<p>Eine sehr fein gemahlene Charge von Mo\u00ed Mapacho. Mo\u00ed ist auch innerhalb der Sorte N Rustica. Sie ist in Brasilien sehr bekannt f\u00fcr ihr einzigartiges Aroma und ihren Geschmack.<br \/>\nVerschiedene Arten von rap\u00e9, die Sie hier finden k\u00f6nnen, sind mit diesem wunderbaren Mapacho gemacht.<\/p>","protected":false},"featured_media":37202,"template":"","meta":{"_seopress_robots_primary_cat":"none","_seopress_titles_title":"","_seopress_titles_desc":"","_seopress_robots_index":"","_kad_blocks_custom_css":"","_kad_blocks_head_custom_js":"","_kad_blocks_body_custom_js":"","_kad_blocks_footer_custom_js":"","_kad_post_transparent":"default","_kad_post_title":"","_kad_post_layout":"default","_kad_post_sidebar_id":"","_kad_post_content_style":"default","_kad_post_vertical_padding":"default","_kad_post_feature":"","_kad_post_feature_position":"","_kad_post_header":false,"_kad_post_footer":false,"_kad_post_classname":""},"product_brand":[],"product_cat":[145],"product_tag":[],"class_list":{"0":"post-35841","1":"product","2":"type-product","3":"status-publish","4":"has-post-thumbnail","6":"product_cat-mapacho","8":"first","9":"instock","10":"taxable","11":"shipping-taxable","12":"purchasable","13":"product-type-variable","14":"entry","15":"content-bg","16":"loop-entry"},"taxonomy_info":{"product_cat":[{"value":145,"label":"Mapacho"}]},"featured_image_src_large":["https:\/\/orisha-ossain.com\/wp-content\/uploads\/2024\/12\/Moi_Orisha_Ossain.png",736,736,false],"author_info":[],"comment_info":"","_links":{"self":[{"href":"https:\/\/orisha-ossain.com\/de\/wp-json\/wp\/v2\/product\/35841","targetHints":{"allow":["GET"]}}],"collection":[{"href":"https:\/\/orisha-ossain.com\/de\/wp-json\/wp\/v2\/product"}],"about":[{"href":"https:\/\/orisha-ossain.com\/de\/wp-json\/wp\/v2\/types\/product"}],"wp:featuredmedia":[{"embeddable":true,"href":"https:\/\/orisha-ossain.com\/de\/wp-json\/wp\/v2\/media\/37202"}],"wp:attachment":[{"href":"https:\/\/orisha-ossain.com\/de\/wp-json\/wp\/v2\/media?parent=35841"}],"wp:term":[{"taxonomy":"product_brand","embeddable":true,"href":"https:\/\/orisha-ossain.com\/de\/wp-json\/wp\/v2\/product_brand?post=35841"},{"taxonomy":"product_cat","embeddable":true,"href":"https:\/\/orisha-ossain.com\/de\/wp-json\/wp\/v2\/product_cat?post=35841"},{"taxonomy":"product_tag","embeddable":true,"href":"https:\/\/orisha-ossain.com\/de\/wp-json\/wp\/v2\/product_tag?post=35841"}],"curies":[{"name":"wp","href":"https:\/\/api.w.org\/{rel}","templated":true}]}}