{"id":35838,"date":"2025-01-05T15:23:04","date_gmt":"2025-01-05T14:23:04","guid":{"rendered":"https:\/\/orisha-ossain.com\/?post_type=product&#038;p=35838"},"modified":"2026-03-30T13:25:52","modified_gmt":"2026-03-30T11:25:52","slug":"arapiraca-roll","status":"publish","type":"product","link":"https:\/\/orisha-ossain.com\/de\/product\/arapiraca-roll\/","title":{"rendered":"Arapiraca-Mapacho-Rolle"},"content":{"rendered":"<h2>Arapiraca Mapacho-Rolle: Premium aus Brasilien<\/h2>\n<h3>Einf\u00fchrung in die Arapiraca-Mapacho-Rolle<\/h3>\n<p>Im malerischen Nordosten Brasiliens liegt Arapiraca, eine Stadt, die als die Tabakhauptstadt von Alagoas bekannt ist. Diese Region ist ber\u00fchmt f\u00fcr den Anbau von Nicotiana rustica, einer starken und traditionellen Tabaksorte. Im Gegensatz zu Nicotiana tabacum, der \u00fcblicherweise f\u00fcr Zigaretten verwendet wird, hat Nicotiana rustica einen st\u00e4rkeren Geschmack und einzigartige Eigenschaften, die ihn von anderen unterscheiden.<\/p>\n<h2>Arapiraca-Mapacho-Rollen aus Brasilien.<\/h2>\n<p>Im sch\u00f6nen und l\u00e4ndlichen Nordosten Brasiliens liegt eine Stadt namens Arapiraca, die Hauptstadt des Bundesstaates Alagoas. Sie ist der wichtigste brasilianische Erzeuger von Nicotiana Rustica-Tabak, der st\u00e4rkeren und traditionelleren Sorte im Gegensatz zu Nicotiana Tabacum, die f\u00fcr Zigaretten verwendet wird.<\/p>\n<h2>Traditionelle Verwendungen von Arapiraca-Tabak<\/h2>\n<h3>Ein reiches historisches Erbe<\/h3>\n<p>Seit Jahrhunderten wird im Nordosten Brasiliens Arapiraca-Tabak angebaut, der auf die Zeit der ausgedehnten Plantagen und der internationalen Handelsrouten der Galeonen zur\u00fcckgeht. Auch heute noch wird er traditionell in l\u00e4ndlichen Gemeinden und f\u00fcr spirituelle Praktiken verwendet.<\/p>\n<h3>Spirituelle und praktische Anwendungen<\/h3>\n<ul>\n<li>Spirituelle Zeremonien: In brasilianischen spiritistischen Religionen wird dieser Tabak in speziellen Pfeifen von Wesenheiten w\u00e4hrend Ritualen zur energetischen Reinigung geraucht.<\/li>\n<li>Bienenzucht und \u00f6kologischer Landbau: Landwirte verwenden diesen Tabak als \"Bienenblatt\" zur Erzeugung von Rauch f\u00fcr die Bienenzucht oder als nat\u00fcrliches Sch\u00e4dlingsbek\u00e4mpfungsmittel.<\/li>\n<\/ul>\n<h2>Arapiraca-Tabak in der Rap\u00e9-Produktion<\/h2>\n<p>Mit dem Wiederaufleben des einheimischen Rap\u00e9 (schamanischer Schnupftabak) ist der Arapiraca-Tabak sehr begehrt geworden. St\u00e4mme und Waldgemeinschaften im gesamten Amazonasgebiet bevorzugen diese Sorte aufgrund ihrer au\u00dfergew\u00f6hnlichen Potenz und verwenden sie als Grundlage f\u00fcr hochwertige Rap\u00e9-Mischungen.<\/p>\n<h2>Merkmale von Arapiraca Mapacho-Tabak<\/h2>\n<p>Arapiraca Mapacho hat sich einen marken\u00e4hnlichen Ruf erworben und wird f\u00fcr seine hervorragende Qualit\u00e4t gefeiert. Hier ist, was es auszeichnet:<\/p>\n<ul>\n<li><strong>Ganz nat\u00fcrlicher Anbau<\/strong>: Dieser ohne Chemikalien angebaute Tabak wird von Hand verarbeitet und zu einzigartigen Rollen geformt.<\/li>\n<li><strong>Unverwechselbares Erscheinungsbild<\/strong>: Die Rollen \u00e4hneln dicken Seilen, die aus mehreren Str\u00e4ngen bestehen. Urspr\u00fcnglich tiefschwarz, werden sie beim Trocknen dunkelbraun.<\/li>\n<li><strong>Aromatische Anziehungskraft<\/strong>: Dieser Tabak ist f\u00fcr seinen reichen, erdigen Duft bekannt und bietet ein authentisches und robustes Raucherlebnis.<\/li>\n<\/ul>","protected":false},"excerpt":{"rendered":"<h2 class=\"product_title entry-title\">Arapiraca Mapacho Roll - Aus Brasilien<\/h2>\n<div>\n<div>\n<p>Frische vakuumverpackte Arapiraca Mapacho.<\/p>\n<p><span style=\"color: #ff0000;\"><strong>Dieses Produkt wird nur innerhalb der EU verschickt.<\/strong><\/span><\/p>\n<p>Sie erhalten immer mehr als das bestellte Gewicht, da genaue Grammangaben schwer zu erreichen sind.<\/p>\n<\/div>\n<div><\/div>\n<\/div>\n<div><\/div>\n<div class=\"woocommerce-product-attributes-item woocommerce-product-attributes-item--attribute_pa_botanical-name\"><span class=\"woocommerce-product-attributes-item__label\"><strong>Botanischer Name<\/strong><span class=\"ckit-chosen-attribute_semicolon\">\u00a0-\u00a0<\/span><\/span><span class=\"woocommerce-product-attributes-item__value\">Nicotiana Rustica<\/span><\/div>\n<div class=\"woocommerce-product-attributes-item woocommerce-product-attributes-item--attribute_pa_plant-part\"><span class=\"woocommerce-product-attributes-item__label\"><strong>Pflanzenteil<\/strong><span class=\"ckit-chosen-attribute_semicolon\">\u00a0-\u00a0<\/span><\/span><span class=\"woocommerce-product-attributes-item__value\">Blatt<\/span><\/div>\n<div class=\"woocommerce-product-attributes-item woocommerce-product-attributes-item--attribute_pa_country\"><span class=\"woocommerce-product-attributes-item__label\"><strong>Land<\/strong><span class=\"ckit-chosen-attribute_semicolon\">\u00a0-\u00a0<\/span><\/span><span class=\"woocommerce-product-attributes-item__value\">Brasilien<\/span><\/div>","protected":false},"featured_media":38545,"template":"","meta":{"_seopress_robots_primary_cat":"none","_seopress_titles_title":"%%post_title%% - Mapacho from Brazil -","_seopress_titles_desc":"","_seopress_robots_index":"","_kad_blocks_custom_css":"","_kad_blocks_head_custom_js":"","_kad_blocks_body_custom_js":"","_kad_blocks_footer_custom_js":"","_kad_post_transparent":"default","_kad_post_title":"","_kad_post_layout":"default","_kad_post_sidebar_id":"","_kad_post_content_style":"default","_kad_post_vertical_padding":"default","_kad_post_feature":"","_kad_post_feature_position":"","_kad_post_header":false,"_kad_post_footer":false,"_kad_post_classname":""},"product_brand":[],"product_cat":[145],"product_tag":[],"class_list":{"0":"post-35838","1":"product","2":"type-product","3":"status-publish","4":"has-post-thumbnail","6":"product_cat-mapacho","8":"first","9":"instock","10":"taxable","11":"shipping-taxable","12":"purchasable","13":"product-type-variable","14":"entry","15":"content-bg","16":"loop-entry"},"taxonomy_info":{"product_cat":[{"value":145,"label":"Mapacho"}]},"featured_image_src_large":["https:\/\/orisha-ossain.com\/wp-content\/uploads\/2025\/01\/Arapiraca-roll-1024x572.png",1024,572,true],"author_info":[],"comment_info":"","_links":{"self":[{"href":"https:\/\/orisha-ossain.com\/de\/wp-json\/wp\/v2\/product\/35838","targetHints":{"allow":["GET"]}}],"collection":[{"href":"https:\/\/orisha-ossain.com\/de\/wp-json\/wp\/v2\/product"}],"about":[{"href":"https:\/\/orisha-ossain.com\/de\/wp-json\/wp\/v2\/types\/product"}],"wp:featuredmedia":[{"embeddable":true,"href":"https:\/\/orisha-ossain.com\/de\/wp-json\/wp\/v2\/media\/38545"}],"wp:attachment":[{"href":"https:\/\/orisha-ossain.com\/de\/wp-json\/wp\/v2\/media?parent=35838"}],"wp:term":[{"taxonomy":"product_brand","embeddable":true,"href":"https:\/\/orisha-ossain.com\/de\/wp-json\/wp\/v2\/product_brand?post=35838"},{"taxonomy":"product_cat","embeddable":true,"href":"https:\/\/orisha-ossain.com\/de\/wp-json\/wp\/v2\/product_cat?post=35838"},{"taxonomy":"product_tag","embeddable":true,"href":"https:\/\/orisha-ossain.com\/de\/wp-json\/wp\/v2\/product_tag?post=35838"}],"curies":[{"name":"wp","href":"https:\/\/api.w.org\/{rel}","templated":true}]}}