{"id":35835,"date":"2025-02-01T19:05:12","date_gmt":"2025-02-01T18:05:12","guid":{"rendered":"https:\/\/orisha-ossain.com\/?post_type=product&#038;p=35835"},"modified":"2026-04-17T16:49:42","modified_gmt":"2026-04-17T14:49:42","slug":"moi-mapacho-roll","status":"publish","type":"product","link":"https:\/\/orisha-ossain.com\/de\/product\/moi-mapacho-roll\/","title":{"rendered":"M\u00f3i Mapacho-Rolle"},"content":{"rendered":"<h2>M\u00f3i Mapacho-Rolle: Ein brasilianischer Amazonas-Schatz<\/h2>\n<p>Versteckt in den \u00fcppigen Landschaften des brasilianischen Amazonas, nahe der Grenze zu Peru, ist der legend\u00e4re M\u00f3i Mapacho ein einheimischer Tabak, der f\u00fcr seine besonderen Eigenschaften gesch\u00e4tzt wird. Diese einzigartige Sorte von <em>Nicotiana rustica<\/em> wird von lokalen Waldgemeinschaften angebaut, Nachfahren indigener St\u00e4mme, die sich mit Einwanderern aus dem Nordosten Brasiliens vermischten, die w\u00e4hrend des Kautschukbooms Anfang des 20. Jahrhunderts kamen.<\/p>\n<p>Moi Mapacho wird auf den fruchtbaren B\u00f6den der Reserva Extrativista in der oberen Jurua-Region angebaut und verk\u00f6rpert die biologische Vielfalt und das kulturelle Erbe des Amazonas. In diesem Gebiet leben indigene Gemeinschaften wie die Ashaninka, Kuntanawa, Arara Shaw\u00e3dawa und Kaxinawa, deren Traditionen mit den nat\u00fcrlichen Rhythmen der Region harmonieren. Diese Gemeinschaften halten nachhaltige Praktiken aufrecht, die den ethischen Anbau von Waldressourcen wie Saatgut, Fr\u00fcchten, Kautschuk und dem ber\u00fchmten Moi Mapacho gew\u00e4hrleisten.<\/p>\n<h3>M\u00f3i Mapacho<\/h3>\n<p>M\u00f3i Mapacho zeichnet sich durch den schonenden Anbau in dieser unber\u00fchrten Umgebung aus. Im Vergleich zu anderen brasilianischen Rustica-Tabaken ist M\u00f3i Mapacho f\u00fcr seine Sanftheit bekannt und besticht durch ein fesselndes Aroma und einen einzigartigen Charakter, der seine Herkunft aus dem Amazonasgebiet widerspiegelt. Frei von Pestiziden, f\u00e4ngt jedes Blatt die Essenz des unber\u00fchrten Regenwaldes ein und verk\u00f6rpert eine symbiotische Beziehung zwischen Mensch und Natur.<\/p>\n<p>Erleben Sie die unvergleichliche Qualit\u00e4t der M\u00f3i Mapacho-Rolle, ein authentischer Schatz aus dem Herzen des brasilianischen Amazonas.<\/p>","protected":false},"excerpt":{"rendered":"<div>\n<h2 class=\"product_title entry-title\">M\u00f3i Mapacho Br\u00f6tchen - Aus Brasilien<\/h2>\n<\/div>\n<div><\/div>\n<div>\n<p>Frischer vakuumverpackter M\u00f3i Mapacho.<\/p>\n<p><span style=\"color: #ff0000;\"><strong>Dieses Produkt wird nur innerhalb der EU verschickt.<\/strong><\/span><\/p>\n<p>Sie erhalten immer mehr als das bestellte Gewicht, da genaue Grammangaben schwer zu erreichen sind.<\/p>\n<\/div>\n<div><\/div>\n<div class=\"woocommerce-product-attributes-item woocommerce-product-attributes-item--attribute_pa_botanical-name\"><span class=\"woocommerce-product-attributes-item__label\"><strong>Botanischer Name<\/strong><span class=\"ckit-chosen-attribute_semicolon\">\u00a0-\u00a0<\/span><\/span><span class=\"woocommerce-product-attributes-item__value\">Nicotiana Rustica<\/span><\/div>\n<div class=\"woocommerce-product-attributes-item woocommerce-product-attributes-item--attribute_pa_plant-part\"><span class=\"woocommerce-product-attributes-item__label\"><strong>Pflanzenteil<\/strong><span class=\"ckit-chosen-attribute_semicolon\">\u00a0-\u00a0<\/span><\/span><span class=\"woocommerce-product-attributes-item__value\">Blatt<\/span><\/div>\n<div class=\"woocommerce-product-attributes-item woocommerce-product-attributes-item--attribute_pa_country\"><span class=\"woocommerce-product-attributes-item__label\"><strong>Land<\/strong><span class=\"ckit-chosen-attribute_semicolon\">\u00a0-\u00a0<\/span><\/span><span class=\"woocommerce-product-attributes-item__value\">Brasilien<\/span><\/div>","protected":false},"featured_media":38547,"template":"","meta":{"_seopress_robots_primary_cat":"none","_seopress_titles_title":"%%post_title%%","_seopress_titles_desc":"Experience the unmatched quality of M\u00f3i Mapacho roll an authentic treasure from the heart of the Brazilian Amazon.","_seopress_robots_index":"","_kad_blocks_custom_css":"","_kad_blocks_head_custom_js":"","_kad_blocks_body_custom_js":"","_kad_blocks_footer_custom_js":"","_kad_post_transparent":"default","_kad_post_title":"","_kad_post_layout":"default","_kad_post_sidebar_id":"","_kad_post_content_style":"default","_kad_post_vertical_padding":"default","_kad_post_feature":"","_kad_post_feature_position":"","_kad_post_header":false,"_kad_post_footer":false,"_kad_post_classname":""},"product_brand":[],"product_cat":[145],"product_tag":[],"class_list":{"0":"post-35835","1":"product","2":"type-product","3":"status-publish","4":"has-post-thumbnail","6":"product_cat-mapacho","8":"first","9":"instock","10":"taxable","11":"shipping-taxable","12":"purchasable","13":"product-type-variable","14":"entry","15":"content-bg","16":"loop-entry"},"taxonomy_info":{"product_cat":[{"value":145,"label":"Mapacho"}]},"featured_image_src_large":["https:\/\/orisha-ossain.com\/wp-content\/uploads\/2025\/01\/Moi-roll-1024x559.png",1024,559,true],"author_info":[],"comment_info":"","_links":{"self":[{"href":"https:\/\/orisha-ossain.com\/de\/wp-json\/wp\/v2\/product\/35835","targetHints":{"allow":["GET"]}}],"collection":[{"href":"https:\/\/orisha-ossain.com\/de\/wp-json\/wp\/v2\/product"}],"about":[{"href":"https:\/\/orisha-ossain.com\/de\/wp-json\/wp\/v2\/types\/product"}],"wp:featuredmedia":[{"embeddable":true,"href":"https:\/\/orisha-ossain.com\/de\/wp-json\/wp\/v2\/media\/38547"}],"wp:attachment":[{"href":"https:\/\/orisha-ossain.com\/de\/wp-json\/wp\/v2\/media?parent=35835"}],"wp:term":[{"taxonomy":"product_brand","embeddable":true,"href":"https:\/\/orisha-ossain.com\/de\/wp-json\/wp\/v2\/product_brand?post=35835"},{"taxonomy":"product_cat","embeddable":true,"href":"https:\/\/orisha-ossain.com\/de\/wp-json\/wp\/v2\/product_cat?post=35835"},{"taxonomy":"product_tag","embeddable":true,"href":"https:\/\/orisha-ossain.com\/de\/wp-json\/wp\/v2\/product_tag?post=35835"}],"curies":[{"name":"wp","href":"https:\/\/api.w.org\/{rel}","templated":true}]}}