{"id":35832,"date":"2025-04-10T11:35:23","date_gmt":"2025-04-10T09:35:23","guid":{"rendered":"https:\/\/orisha-ossain.com\/?post_type=product&#038;p=35832"},"modified":"2026-04-10T13:44:59","modified_gmt":"2026-04-10T11:44:59","slug":"arapiraca-powder","status":"publish","type":"product","link":"https:\/\/orisha-ossain.com\/de\/product\/arapiraca-powder\/","title":{"rendered":"Arapiraca-Pulver"},"content":{"rendered":"<h2>\u00dcber Arapiraca Mapacho<\/h2>\n<p>Arapiraca geh\u00f6rt ebenfalls zur Sorte Nicotiana Rustica. Dieser Tabak hat seinen Namen von der Region, aus der er stammt. <a href=\"https:\/\/en.wikipedia.org\/wiki\/Arapiraca\">Arapiraca ist eine Stadt<\/a> im Nordosten Brasiliens im Bundesstaat Alagoas. In der Gegend um die Stadt Arapiraca wurde schon immer Getreide angebaut, und seit 1848 ist Maniok das wichtigste Produkt. Dies \u00e4nderte sich jedoch langsam, als Tabak angebaut wurde. Nach dem ersten Tabakanbau Ende des 19. Jahrhunderts dauerte es weitere 50 Jahre, bis sich in Arapiraca eine gesunde und lebendige Tabakkultur etabliert hatte. Heute tr\u00e4gt die Stadt den Beinamen \"Die brasilianische Tabakhauptstadt\".<\/p>\n<h2>Einf\u00fchrung in den Tabakkonsum<\/h2>\n<p>In unserer Kultur gibt es immer noch eine Menge Missverst\u00e4ndnisse \u00fcber die Tabakpflanze. Viele Menschen assoziieren sie mit Sucht und Tod, und wenn man bedenkt, dass sie in einigen L\u00e4ndern zu den h\u00e4ufigsten Todesursachen geh\u00f6rt, ist das verst\u00e4ndlich. Aber seit Tausenden von Jahren arbeiten Stammesgesellschaften mit Tabak als Medizin und betrachten ihn als eine der gr\u00f6\u00dften Heilpflanzen der Erde.<\/p>\n<p>Es gibt zweifellos viele verschiedene Gr\u00fcnde f\u00fcr diese unterschiedlichen Sichtweisen auf den Tabak, aber nach meinem Verst\u00e4ndnis sind die wichtigsten bestimmenden Faktoren Absicht und Respekt.  Tabak gilt als Verst\u00e4rker von Absichten, Gebeten und Gedanken. Wenn man also die Pflanze um Medizin und Schutz bittet, wird das verst\u00e4rkt.  Wenn man rap\u00e9 w\u00fctend und gewohnheitsm\u00e4\u00dfig konsumiert, um Frustration und Verlangen abzubauen, verst\u00e4rkt das etwas anderes. In diesem Sinne empfehle ich jedem, der sich dazu berufen f\u00fchlt, mit rap\u00e9 zu arbeiten, achtsam mit seiner Verwendung umzugehen.<\/p>\n<h2>Schamanische Verwendung<\/h2>\n<p>In der schamanischen Kultur ist die Verwendung von Nicotiana Rustica und anderen Formen von Tabak oft ein Mittel zur Energiereinigung. Um dies zu verstehen, muss man zun\u00e4chst einmal verstehen, wie ein Schamane die Natur im Allgemeinen interpretiert. F\u00fcr einen Schamanen gibt es einen schmalen Grat zwischen dieser Welt und der Welt der Geister, und alle lebenden Organismen haben nicht nur eine physische, sondern auch eine spirituelle Essenz. Die Aufgabe des Schamanen besteht darin, zwischen den Welten zu kommunizieren, um die Eigenschaften bestimmter Geister zu verstehen und diese Ideen f\u00fcr die pers\u00f6nliche Heilung, die Heilung der Welt und\/oder die Heilung der Menschen, mit denen er arbeitet, weiterzugeben. Wenn ein Schamane also Tabak sieht, ist es nicht nur die physische Substanz, sondern auch ein Geist, der sie begleitet.<\/p>\n<p>Es besteht kein Zweifel, dass Nikotin s\u00fcchtig macht, und insbesondere Nicotiana Rustica hat im Vergleich zu anderen Tabaksorten einen sehr hohen Nikotingehalt. Die Tatsache, dass etwas s\u00fcchtig macht, \u00e4ndert jedoch nichts an der Tatsache, dass es heilende Eigenschaften haben k\u00f6nnte - und damit sowohl s\u00fcchtig macht als auch n\u00fctzlich ist. Nicotiana Rustica ist eine widerspr\u00fcchliche Medizin, da sie sowohl stimulierend als auch entspannend wirkt. Schamanen verwenden es oft, um ihre Absichten zu formulieren und den Geist zu erwecken, w\u00e4hrend sie gleichzeitig in der Lage sind, dieses Erwachen zu erden.<\/p>\n<h2>Produktion von Seiltabak<\/h2>\n<p>Brasilien hat eine gro\u00dfe und erstaunlicherweise vorindustrielle Tabakindustrie. Der Tabakanbau ist in bestimmten Regionen Brasiliens sehr verbreitet und tief in die Kultur des Landes eingebettet. Brasilien ist der zweitgr\u00f6\u00dfte Tabakerzeuger der Welt. Innerhalb dieses Marktes sind nur wenige Sorten f\u00fcr die Herstellung von rap\u00e9 geeignet. F\u00fcr die Herstellung von rap\u00e9 verwenden die meisten Menschen ausschlie\u00dflich verschiedene Arten von Strangtabak aus Nicotiana Rustica.<\/p>\n<p>Die Herstellung von Strangtabak ist eine handwerkliche T\u00e4tigkeit. Das Rollen der Tabakbl\u00e4tter zu Seilen ist immer noch ein Handwerk und erfordert Erfahrung und Geschick. Nach der Ernte werden die Bl\u00e4tter nach ihrer Qualit\u00e4t sortiert und zum Trocknen auf Gestelle im Schatten gelegt. Nach 8 Tagen Trocknung sind die Bl\u00e4tter bereit f\u00fcr die n\u00e4chste Phase. Der erste Schritt ist die Entfernung des zentralen Blattkorns aus den teilweise getrockneten Bl\u00e4ttern. Es folgt die Verflechtung und Verdrehung der gespaltenen Bl\u00e4tter, wodurch der Tabak seine Seilform erh\u00e4lt. Nach dem Erreichen des gew\u00fcnschten Trockenheitsgrades werden die neu gebildeten Tabakstr\u00e4nge zur Reifung belassen.  Der langsame Fermentationsprozess sorgt f\u00fcr mehr Geschmack und verleiht dem Strangtabak sein endg\u00fcltiges dunkelbraunes Aussehen.<\/p>\n<h2>St\u00e4mme<\/h2>\n<p>Das gesamte Tabakpulver, das Sie hier finden, stammt von Nicotine Rustica. Es gibt verschiedene Tabaksorten und -qualit\u00e4ten in Brasilien, wahrscheinlich mehr als mir bekannt sind. F\u00fcr rap\u00e9 verwenden die Hersteller ein paar dieser Sorten. Das sind Arapiraca, mo\u00ed (moy) und sabi\u00e1-Tabak. Neben diesen drei Sorten gibt es auch Wildtabak. Der Anbau der wilden Tabaksorten erfolgt in der N\u00e4he von Flussufern und auf gerodeten Fl\u00e4chen im Amazonaswald. In der Vergangenheit stand den indigenen St\u00e4mmen im Amazonasgebiet nur wilder Tabak f\u00fcr die Herstellung von rap\u00e9 zur Verf\u00fcgung. Heutzutage haben die brasilianischen Indianer jedoch auch Zugang zu allen anderen Tabaksorten und verwenden sie alle.<\/p>","protected":false},"excerpt":{"rendered":"<p>Eine sehr fein gemahlene Partie Arapiraca Mapacho. Dies ist eine hoch gesch\u00e4tzte Mapacho (Nicotiana Rustica) aus dem Bundesstaat Alagoas in Brasilien. Wunderbar, um Ihre eigenen rap\u00e9-Mischungen zu machen.<\/p>","protected":false},"featured_media":37200,"template":"","meta":{"_seopress_robots_primary_cat":"none","_seopress_titles_title":"","_seopress_titles_desc":"A very finely ground batch of Arapiraca Mapacho. This is a highly valued Mapacho (Nicotiana Rustica) from the state of Alagoas in Brazil. Wonderful to make your own rap\u00e9 blends.","_seopress_robots_index":"","_kad_blocks_custom_css":"","_kad_blocks_head_custom_js":"","_kad_blocks_body_custom_js":"","_kad_blocks_footer_custom_js":"","_kad_post_transparent":"default","_kad_post_title":"","_kad_post_layout":"default","_kad_post_sidebar_id":"","_kad_post_content_style":"default","_kad_post_vertical_padding":"default","_kad_post_feature":"","_kad_post_feature_position":"","_kad_post_header":false,"_kad_post_footer":false,"_kad_post_classname":""},"product_brand":[],"product_cat":[125,145],"product_tag":[],"class_list":{"0":"post-35832","1":"product","2":"type-product","3":"status-publish","4":"has-post-thumbnail","6":"product_cat-incense","7":"product_cat-mapacho","9":"first","10":"instock","11":"taxable","12":"shipping-taxable","13":"purchasable","14":"product-type-variable","15":"entry","16":"content-bg","17":"loop-entry"},"taxonomy_info":{"product_cat":[{"value":125,"label":"Incense"},{"value":145,"label":"Mapacho"}]},"featured_image_src_large":["https:\/\/orisha-ossain.com\/wp-content\/uploads\/2024\/12\/Arapiraca_Orisha_Ossain.png",736,736,false],"author_info":[],"comment_info":"","_links":{"self":[{"href":"https:\/\/orisha-ossain.com\/de\/wp-json\/wp\/v2\/product\/35832","targetHints":{"allow":["GET"]}}],"collection":[{"href":"https:\/\/orisha-ossain.com\/de\/wp-json\/wp\/v2\/product"}],"about":[{"href":"https:\/\/orisha-ossain.com\/de\/wp-json\/wp\/v2\/types\/product"}],"wp:featuredmedia":[{"embeddable":true,"href":"https:\/\/orisha-ossain.com\/de\/wp-json\/wp\/v2\/media\/37200"}],"wp:attachment":[{"href":"https:\/\/orisha-ossain.com\/de\/wp-json\/wp\/v2\/media?parent=35832"}],"wp:term":[{"taxonomy":"product_brand","embeddable":true,"href":"https:\/\/orisha-ossain.com\/de\/wp-json\/wp\/v2\/product_brand?post=35832"},{"taxonomy":"product_cat","embeddable":true,"href":"https:\/\/orisha-ossain.com\/de\/wp-json\/wp\/v2\/product_cat?post=35832"},{"taxonomy":"product_tag","embeddable":true,"href":"https:\/\/orisha-ossain.com\/de\/wp-json\/wp\/v2\/product_tag?post=35832"}],"curies":[{"name":"wp","href":"https:\/\/api.w.org\/{rel}","templated":true}]}}