{"id":349,"date":"2023-06-28T18:30:52","date_gmt":"2023-06-28T16:30:52","guid":{"rendered":"http:\/\/orisha-ossain.com\/?post_type=product&#038;p=349"},"modified":"2026-04-11T23:47:50","modified_gmt":"2026-04-11T21:47:50","slug":"rape-kaxinawa","status":"publish","type":"product","link":"https:\/\/orisha-ossain.com\/de\/product\/rape-kaxinawa\/","title":{"rendered":"Rap\u00e9 Kaxinawa"},"content":{"rendered":"<h2>Rap\u00e9 Kaxinawa<\/h2>\n<p>Dies ist der urspr\u00fcngliche Rap\u00e9 des Stammes. Bevor sie anfingen zu experimentieren, gab es nur einen Typ und das ist diese Sorte. Die sch\u00f6ne Energie von rap\u00e9 Kaxinawa kommt aus verschiedenen Arten von Kr\u00e4utern. Es ist eine sehr klassische und eine der authentischsten rap\u00e9-Mischungen.<\/p>","protected":false},"excerpt":{"rendered":"<p>Dies ist der urspr\u00fcngliche Rap\u00e9 des Stammes. Bevor sie anfingen zu experimentieren, gab es nur einen Typ und das ist diese Sorte. Die sch\u00f6ne Energie von rap\u00e9 Kaxinawa kommt aus verschiedenen Arten von Kr\u00e4utern. Es ist eine sehr klassische und eine der authentischsten rap\u00e9-Mischungen.<\/p>","protected":false},"featured_media":35603,"template":"","meta":{"_seopress_robots_primary_cat":"none","_seopress_titles_title":"Rap\u00e9 Kaxinawa - One of the Most Authentic Snuff Blends -","_seopress_titles_desc":"This is the original Rap\u00e9 from the tribe. Before they started experimenting there was only one type and that is this variety. Rap\u00e9 Kaxinawa is one of","_seopress_robots_index":"","_kad_blocks_custom_css":"","_kad_blocks_head_custom_js":"","_kad_blocks_body_custom_js":"","_kad_blocks_footer_custom_js":"","_kad_post_transparent":"default","_kad_post_title":"","_kad_post_layout":"default","_kad_post_sidebar_id":"","_kad_post_content_style":"default","_kad_post_vertical_padding":"default","_kad_post_feature":"","_kad_post_feature_position":"","_kad_post_header":false,"_kad_post_footer":false,"_kad_post_classname":""},"product_brand":[],"product_cat":[50],"product_tag":[56],"class_list":{"0":"post-349","1":"product","2":"type-product","3":"status-publish","4":"has-post-thumbnail","6":"product_cat-rape","7":"product_tag-kaxinawa","9":"first","10":"instock","11":"taxable","12":"shipping-taxable","13":"purchasable","14":"product-type-variable","15":"entry","16":"content-bg","17":"loop-entry"},"taxonomy_info":{"product_cat":[{"value":50,"label":"Rap\u00e9"}],"product_tag":[{"value":56,"label":"Kaxinawa"}]},"featured_image_src_large":["https:\/\/orisha-ossain.com\/wp-content\/uploads\/2024\/11\/Kaxinawa_Orisha_Ossain.png",736,736,false],"author_info":[],"comment_info":"","_links":{"self":[{"href":"https:\/\/orisha-ossain.com\/de\/wp-json\/wp\/v2\/product\/349","targetHints":{"allow":["GET"]}}],"collection":[{"href":"https:\/\/orisha-ossain.com\/de\/wp-json\/wp\/v2\/product"}],"about":[{"href":"https:\/\/orisha-ossain.com\/de\/wp-json\/wp\/v2\/types\/product"}],"wp:featuredmedia":[{"embeddable":true,"href":"https:\/\/orisha-ossain.com\/de\/wp-json\/wp\/v2\/media\/35603"}],"wp:attachment":[{"href":"https:\/\/orisha-ossain.com\/de\/wp-json\/wp\/v2\/media?parent=349"}],"wp:term":[{"taxonomy":"product_brand","embeddable":true,"href":"https:\/\/orisha-ossain.com\/de\/wp-json\/wp\/v2\/product_brand?post=349"},{"taxonomy":"product_cat","embeddable":true,"href":"https:\/\/orisha-ossain.com\/de\/wp-json\/wp\/v2\/product_cat?post=349"},{"taxonomy":"product_tag","embeddable":true,"href":"https:\/\/orisha-ossain.com\/de\/wp-json\/wp\/v2\/product_tag?post=349"}],"curies":[{"name":"wp","href":"https:\/\/api.w.org\/{rel}","templated":true}]}}