{"id":345,"date":"2023-06-28T18:16:23","date_gmt":"2023-06-28T16:16:23","guid":{"rendered":"http:\/\/orisha-ossain.com\/?post_type=product&#038;p=345"},"modified":"2026-03-28T00:02:26","modified_gmt":"2026-03-27T23:02:26","slug":"rape-xacapandare","status":"publish","type":"product","link":"https:\/\/orisha-ossain.com\/de\/product\/rape-xacapandare\/","title":{"rendered":"Rap\u00e9 Xacapandar\u00e9"},"content":{"rendered":"<h2><span style=\"font-size: 12pt;\">Rap\u00e9 Xacapandar\u00e9<\/span><\/h2>\n<p>Dieser Schnupftabak stammt aus der Region Jord\u00e3o im Bundesstaat Acre im Nordwesten Brasiliens. Ein angesehener Kaxinawa-Schamanen\u00e4ltester ist f\u00fcr seine Herstellung verantwortlich. Rap\u00e9 Xacapandar\u00e9 ist eine sehr seltene Art von Schnupftabak.  Xacapandar\u00e9 ist ein schwer zu findendes Kraut in der Waldregion Jord\u00e3o. Es braucht viel Zeit, und manchmal ist es reiner Zufall, dass Kaxinawa die Pflanze bei einem Spaziergang durch den Wald findet.<br \/>\nDer Hersteller sagt, dass diese Medizin alle Krankheiten heilt. Das Kraut wirkt sich positiv auf das Atmungssystem aus und st\u00e4rkt nach ihrem Wissen das Ged\u00e4chtnis und den Geist. Sie sagen, dass dieser Rap\u00e9 hilft, den Geist zu \u00f6ffnen, schlechte Gef\u00fchle zu vertreiben, b\u00f6se Geister zu verjagen und auch das Atmungssystem zu \u00f6ffnen.<\/p>\n<p>Dar\u00fcber hinaus st\u00fctzt sich die Zusammensetzung auf Tsunu ashes und nur eine sehr geringe Menge an hochwertigem Sabi\u00e1 mapacho. Rap\u00e9 Xacapandar\u00e9 ist ein besonders sanftes Rezept. Ein Medikament mit Sorgfalt gemacht, um das richtige Gleichgewicht zwischen den verschiedenen Zutaten haben.<\/p>\n<h2><span style=\"font-size: 12pt;\">Andere Verwendungen<\/span><\/h2>\n<p>Die Bl\u00e4tter werden auch als R\u00e4ucherwerk f\u00fcr die Reinigung verwendet. Sie verwenden sie auch f\u00fcr B\u00e4der, um den K\u00f6rper und die Aura der Person zu reinigen, und sie verwenden sie innerlich, als Tee.<\/p>\n<p><a href=\"http:\/\/orisha-ossain.com\/wp-content\/uploads\/2023\/06\/kaxinawa-1.jpg\"><img decoding=\"async\" class=\"aligncenter wp-image-258 size-full\" src=\"https:\/\/orisha-ossain.com\/wp-content\/uploads\/2023\/06\/kaxinawa-1.jpg\" alt=\"Kaxinawa Fabrikat rap\u00e9 Xacapandar\u00e9\" width=\"365\" height=\"241\" srcset=\"https:\/\/orisha-ossain.com\/wp-content\/uploads\/2023\/06\/kaxinawa-1.jpg 365w, https:\/\/orisha-ossain.com\/wp-content\/uploads\/2023\/06\/kaxinawa-1-300x198.jpg 300w\" sizes=\"(max-width: 365px) 100vw, 365px\" \/><\/a><\/p>","protected":false},"excerpt":{"rendered":"<p><strong>Jetzt auch in 20 und 40 Gramm erh\u00e4ltlich<\/strong><\/p>\n<p>Xacapandar\u00e9 ist ein einheimisches Kraut aus den W\u00e4ldern der Region Jord\u00e3o im Bundesstaat Acre. Xacapandar\u00e9 ist eine sehr seltene und schwer zu findende Pflanzenart.  Der aus diesem Kraut hergestellte Schnupftabak ist sanft in seiner Energie. Dieser Xachapandar\u00e9 wird mit Tsunu ash und nur einer sehr geringen Menge Sabi\u00e1 mapacho hergestellt. Die Kaxinawa, die mit dieser Pflanze arbeiten, sagen, dass sie alle Krankheiten heilt.<\/p>\n<p>Xacapandar\u00e9 ist ein seltenes einheimisches Kraut, das aus den \u00fcppigen W\u00e4ldern der Region Jord\u00e3o in Acre, Brasilien, stammt. Seine Seltenheit und einzigartigen Eigenschaften machen es zu einem wertvollen Angebot. Dieses Rap\u00e9 wird mit Tsunu ash und einer kleinen Menge Sabi\u00e1 mapacho hergestellt und erzeugt eine sanfte und beruhigende Energie, die sich f\u00fcr Erdungs- und Heilpraktiken eignet.<\/p>\n<p>Das Volk der Kaxinawa sch\u00e4tzt Xacapandar\u00e9 sehr und glaubt, dass es die Kraft hat, alle Krankheiten zu heilen, was seine verehrte Rolle in der traditionellen Medizin widerspiegelt.<\/p>\n<p>Aufgrund der begrenzten Verf\u00fcgbarkeit der Pflanze wird dieser Rap\u00e9 ausschlie\u00dflich in Einzelflaschen oder 10-Gramm-Flaschen angeboten, was ihn zu einer wertvollen Erg\u00e4nzung jeder Sammlung macht.<\/p>","protected":false},"featured_media":35676,"template":"","meta":{"_seopress_robots_primary_cat":"none","_seopress_titles_title":"Rap\u00e9 Xacapandar\u00e9 - Rare & Gentle Snuff - Orisha Ossain","_seopress_titles_desc":"Rap\u00e9 Xacapandar\u00e9 is a herb oriented snuff.  The herb \"Xacapandar\u00e9\" has a gentle & smooth energy. A Excellent beginners option.","_seopress_robots_index":"","_kad_blocks_custom_css":"","_kad_blocks_head_custom_js":"","_kad_blocks_body_custom_js":"","_kad_blocks_footer_custom_js":"","_kad_post_transparent":"default","_kad_post_title":"","_kad_post_layout":"default","_kad_post_sidebar_id":"","_kad_post_content_style":"default","_kad_post_vertical_padding":"default","_kad_post_feature":"","_kad_post_feature_position":"","_kad_post_header":false,"_kad_post_footer":false,"_kad_post_classname":""},"product_brand":[],"product_cat":[50],"product_tag":[56],"class_list":{"0":"post-345","1":"product","2":"type-product","3":"status-publish","4":"has-post-thumbnail","6":"product_cat-rape","7":"product_tag-kaxinawa","9":"first","10":"instock","11":"taxable","12":"shipping-taxable","13":"purchasable","14":"product-type-variable","15":"has-default-attributes","16":"entry","17":"content-bg","18":"loop-entry"},"taxonomy_info":{"product_cat":[{"value":50,"label":"Rap\u00e9"}],"product_tag":[{"value":56,"label":"Kaxinawa"}]},"featured_image_src_large":["https:\/\/orisha-ossain.com\/wp-content\/uploads\/2024\/11\/Xacapandare_Orisha_Ossain.png",736,736,false],"author_info":[],"comment_info":"","_links":{"self":[{"href":"https:\/\/orisha-ossain.com\/de\/wp-json\/wp\/v2\/product\/345","targetHints":{"allow":["GET"]}}],"collection":[{"href":"https:\/\/orisha-ossain.com\/de\/wp-json\/wp\/v2\/product"}],"about":[{"href":"https:\/\/orisha-ossain.com\/de\/wp-json\/wp\/v2\/types\/product"}],"wp:featuredmedia":[{"embeddable":true,"href":"https:\/\/orisha-ossain.com\/de\/wp-json\/wp\/v2\/media\/35676"}],"wp:attachment":[{"href":"https:\/\/orisha-ossain.com\/de\/wp-json\/wp\/v2\/media?parent=345"}],"wp:term":[{"taxonomy":"product_brand","embeddable":true,"href":"https:\/\/orisha-ossain.com\/de\/wp-json\/wp\/v2\/product_brand?post=345"},{"taxonomy":"product_cat","embeddable":true,"href":"https:\/\/orisha-ossain.com\/de\/wp-json\/wp\/v2\/product_cat?post=345"},{"taxonomy":"product_tag","embeddable":true,"href":"https:\/\/orisha-ossain.com\/de\/wp-json\/wp\/v2\/product_tag?post=345"}],"curies":[{"name":"wp","href":"https:\/\/api.w.org\/{rel}","templated":true}]}}