{"id":337,"date":"2023-06-28T18:05:00","date_gmt":"2023-06-28T16:05:00","guid":{"rendered":"http:\/\/orisha-ossain.com\/?post_type=product&#038;p=337"},"modified":"2026-04-16T13:48:01","modified_gmt":"2026-04-16T11:48:01","slug":"rape-xipao","status":"publish","type":"product","link":"https:\/\/orisha-ossain.com\/de\/product\/rape-xipao\/","title":{"rendered":"Rap\u00e9 Xip\u00e3o"},"content":{"rendered":"<h2><span style=\"font-size: 12pt;\">Rap\u00e9 Xip\u00e3o<\/span><\/h2>\n<p>Rap\u00e9 Xip\u00e3o stammt aus dem Volk der Kaximawa (auch Huni Kuin genannt).  Diese Gruppe der Huni Kuin lebt in der Region Jord\u00e3o im Bundesstaat Acre. Jord\u00e3o liegt weit im Wald, entweder man fliegt mit einem kleinen Flugzeug dorthin oder man reist den gr\u00f6\u00dften Teil einer Woche mit dem Boot flussaufw\u00e4rts. Es ist eine wundersch\u00f6ne Region, in der die Ureinwohner tief im Wald in ihren Aldeias (D\u00f6rfern) leben.<\/p>\n<p>Die Kaxinawa verwenden in ihrer Tradition eine Vielzahl von Heilkr\u00e4utern und f\u00fcgen ihren rap\u00e9-Mischungen verschiedene davon zu. Das ash in rap\u00e9 Xip\u00e3o der Kaxinawa wird aus der einheimischen Kakaobaumrinde der Region hergestellt. Kakao ist daf\u00fcr bekannt, dass er die kardiovaskul\u00e4re Gesundheit f\u00f6rdert. Mit Kakao ashes hergestellter Rap\u00e9 hat im Allgemeinen eine f\u00fcr diese Medizin typische r\u00f6tliche F\u00e4rbung.<\/p>\n<p><strong>Xip\u00e3o - Heilpflanze der Kaxinawa<\/strong><\/p>\n<p>Xip\u00e3o ist eine bemerkenswerte Pflanze, die als Parasit auf Palmen w\u00e4chst und f\u00fcr ihr besonders sch\u00f6nes und bet\u00f6rendes Aroma bekannt ist. Dieses einzigartige Kraut wird vom Stamm der Kaxinawa f\u00fcr seine medizinischen Eigenschaften gesch\u00e4tzt und wird traditionell zur Behandlung von Grippe, Fieber und Atemwegserkrankungen eingesetzt, um den nat\u00fcrlichen Heilungsprozess des K\u00f6rpers zu unterst\u00fctzen.<\/p>\n<p>Neben seinen k\u00f6rperlichen Vorz\u00fcgen ist Xip\u00e3o f\u00fcr seine beruhigende Wirkung bekannt, die die Nerven bes\u00e4nftigt und die Entspannung des Geistes f\u00f6rdert. Er ist ein wertvoller Verb\u00fcndeter f\u00fcr alle, die Ruhe und Ausgeglichenheit suchen, sowohl k\u00f6rperlich als auch emotional.<\/p>","protected":false},"excerpt":{"rendered":"<p>Xip\u00e3o ist eine Pflanze, die als Parasit auf Palmen w\u00e4chst und einen ganz besonderen und sch\u00f6nen Geruch hat. Die Kaxinawa verwenden diese Heilpflanze zur Behandlung von Grippe und Fieber. Es hilft auch bei Atemproblemen.<\/p>","protected":false},"featured_media":35677,"template":"","meta":{"_seopress_robots_primary_cat":"none","_seopress_titles_title":"Rap\u00e9 Xip\u00e3o - Calming Effect - Relaxing the Mind - Kaxinawa","_seopress_titles_desc":"Xip\u00e3o is a very specific plant that grows as a parasite on palm trees and has a very particular beautiful smell. The Kaxinawa use rap\u00e9 Xip\u00e3o","_seopress_robots_index":"","_kad_blocks_custom_css":"","_kad_blocks_head_custom_js":"","_kad_blocks_body_custom_js":"","_kad_blocks_footer_custom_js":"","_kad_post_transparent":"default","_kad_post_title":"","_kad_post_layout":"default","_kad_post_sidebar_id":"","_kad_post_content_style":"default","_kad_post_vertical_padding":"default","_kad_post_feature":"","_kad_post_feature_position":"","_kad_post_header":false,"_kad_post_footer":false,"_kad_post_classname":""},"product_brand":[],"product_cat":[50],"product_tag":[56],"class_list":{"0":"post-337","1":"product","2":"type-product","3":"status-publish","4":"has-post-thumbnail","6":"product_cat-rape","7":"product_tag-kaxinawa","9":"first","10":"instock","11":"taxable","12":"shipping-taxable","13":"purchasable","14":"product-type-variable","15":"entry","16":"content-bg","17":"loop-entry"},"taxonomy_info":{"product_cat":[{"value":50,"label":"Rap\u00e9"}],"product_tag":[{"value":56,"label":"Kaxinawa"}]},"featured_image_src_large":["https:\/\/orisha-ossain.com\/wp-content\/uploads\/2024\/11\/Xipao_Orisha_Ossain.png",736,736,false],"author_info":[],"comment_info":"","_links":{"self":[{"href":"https:\/\/orisha-ossain.com\/de\/wp-json\/wp\/v2\/product\/337","targetHints":{"allow":["GET"]}}],"collection":[{"href":"https:\/\/orisha-ossain.com\/de\/wp-json\/wp\/v2\/product"}],"about":[{"href":"https:\/\/orisha-ossain.com\/de\/wp-json\/wp\/v2\/types\/product"}],"wp:featuredmedia":[{"embeddable":true,"href":"https:\/\/orisha-ossain.com\/de\/wp-json\/wp\/v2\/media\/35677"}],"wp:attachment":[{"href":"https:\/\/orisha-ossain.com\/de\/wp-json\/wp\/v2\/media?parent=337"}],"wp:term":[{"taxonomy":"product_brand","embeddable":true,"href":"https:\/\/orisha-ossain.com\/de\/wp-json\/wp\/v2\/product_brand?post=337"},{"taxonomy":"product_cat","embeddable":true,"href":"https:\/\/orisha-ossain.com\/de\/wp-json\/wp\/v2\/product_cat?post=337"},{"taxonomy":"product_tag","embeddable":true,"href":"https:\/\/orisha-ossain.com\/de\/wp-json\/wp\/v2\/product_tag?post=337"}],"curies":[{"name":"wp","href":"https:\/\/api.w.org\/{rel}","templated":true}]}}