{"id":333,"date":"2023-06-28T17:57:54","date_gmt":"2023-06-28T15:57:54","guid":{"rendered":"http:\/\/orisha-ossain.com\/?post_type=product&#038;p=333"},"modified":"2026-04-09T12:58:02","modified_gmt":"2026-04-09T10:58:02","slug":"rape-palheira","status":"publish","type":"product","link":"https:\/\/orisha-ossain.com\/de\/product\/rape-palheira\/","title":{"rendered":"Rap\u00e9 Palheira"},"content":{"rendered":"<h2>Rap\u00e9 Palheira - Kaxinawa (Huni Kuin)<\/h2>\n<p>Diese rap\u00e9 Palheira wird bisher nur vom Volk der Huni Kuin verwendet, speziell in der Region Igarap\u00e9 do Caucho in Acre. Die Palheira ash wird aus der Rinde und dem Stamm einer Palme gewonnen.  Sie wird aus einer nicht identifizierten Art aus der botanischen Familie der Arecaceae hergestellt. Neben Palmen wird auch ash arapiraca mapacho verwendet.<\/p>\n<p>Diese Medizin hat eine schw\u00e4chere Wirkung auf den Schlag Moment, die Energie und Kraft kommen schrittweise zu einer starken Pr\u00e4senz im K\u00f6rper f\u00fchren. Es beruhigt den Geist und f\u00fchrt zu einem tiefen meditativen Zustand der Kontemplation und Gelassenheit. In h\u00f6heren Dosen eingenommen ist dieser Schnupftabak nicht mehr so sanft.<\/p>","protected":false},"excerpt":{"rendered":"<p>Diese rap\u00e9 Palheira wird bisher nur vom Volk der Huni Kuin verwendet, speziell in der Region Igarap\u00e9 do Caucho in Acre. Die Palheira ash wird aus der Rinde und dem Stamm einer Palme gewonnen.  Sie wird aus einer nicht identifizierten Art aus der botanischen Familie der Arecaceae hergestellt. Neben der Palme ash wird auch ein spezieller Mapacho arapiraca verwendet.<\/p>","protected":false},"featured_media":35651,"template":"","meta":{"_seopress_robots_primary_cat":"none","_seopress_titles_title":"Rap\u00e9 Palheira - Huni Kuin Snuff - Orisha Ossain","_seopress_titles_desc":"This rap\u00e9 Palheira is so far only used by the Huni Kuin people, specifically from the region of Igarap\u00e9 do Caucho in Acre.","_seopress_robots_index":"","_kad_blocks_custom_css":"","_kad_blocks_head_custom_js":"","_kad_blocks_body_custom_js":"","_kad_blocks_footer_custom_js":"","_kad_post_transparent":"default","_kad_post_title":"","_kad_post_layout":"default","_kad_post_sidebar_id":"","_kad_post_content_style":"default","_kad_post_vertical_padding":"default","_kad_post_feature":"","_kad_post_feature_position":"","_kad_post_header":false,"_kad_post_footer":false,"_kad_post_classname":""},"product_brand":[],"product_cat":[50],"product_tag":[56],"class_list":{"0":"post-333","1":"product","2":"type-product","3":"status-publish","4":"has-post-thumbnail","6":"product_cat-rape","7":"product_tag-kaxinawa","9":"first","10":"instock","11":"taxable","12":"shipping-taxable","13":"purchasable","14":"product-type-variable","15":"entry","16":"content-bg","17":"loop-entry"},"taxonomy_info":{"product_cat":[{"value":50,"label":"Rap\u00e9"}],"product_tag":[{"value":56,"label":"Kaxinawa"}]},"featured_image_src_large":["https:\/\/orisha-ossain.com\/wp-content\/uploads\/2024\/11\/Palheira_Orisha_Ossain.png",736,736,false],"author_info":[],"comment_info":"","_links":{"self":[{"href":"https:\/\/orisha-ossain.com\/de\/wp-json\/wp\/v2\/product\/333","targetHints":{"allow":["GET"]}}],"collection":[{"href":"https:\/\/orisha-ossain.com\/de\/wp-json\/wp\/v2\/product"}],"about":[{"href":"https:\/\/orisha-ossain.com\/de\/wp-json\/wp\/v2\/types\/product"}],"wp:featuredmedia":[{"embeddable":true,"href":"https:\/\/orisha-ossain.com\/de\/wp-json\/wp\/v2\/media\/35651"}],"wp:attachment":[{"href":"https:\/\/orisha-ossain.com\/de\/wp-json\/wp\/v2\/media?parent=333"}],"wp:term":[{"taxonomy":"product_brand","embeddable":true,"href":"https:\/\/orisha-ossain.com\/de\/wp-json\/wp\/v2\/product_brand?post=333"},{"taxonomy":"product_cat","embeddable":true,"href":"https:\/\/orisha-ossain.com\/de\/wp-json\/wp\/v2\/product_cat?post=333"},{"taxonomy":"product_tag","embeddable":true,"href":"https:\/\/orisha-ossain.com\/de\/wp-json\/wp\/v2\/product_tag?post=333"}],"curies":[{"name":"wp","href":"https:\/\/api.w.org\/{rel}","templated":true}]}}