{"id":329,"date":"2023-06-28T17:53:08","date_gmt":"2023-06-28T15:53:08","guid":{"rendered":"http:\/\/orisha-ossain.com\/?post_type=product&#038;p=329"},"modified":"2025-11-17T00:41:50","modified_gmt":"2025-11-16T23:41:50","slug":"rape-sanu","status":"publish","type":"product","link":"https:\/\/orisha-ossain.com\/de\/product\/rape-sanu\/","title":{"rendered":"Rap\u00e9 Sanu"},"content":{"rendered":"<h2>Rap\u00e9 Sanu<\/h2>\n<p>Dieses rap\u00e9 Sanu stammt vom Stamm der Kaxinawa und wird aus Moi Mapacho, der Rinde eines als Sanu bekannten Baumes, hergestellt.  Es ist eine glatte und helle rap\u00e9.<\/p>\n<p>Diese Baumrinde ash hat verschiedene Namen, z. B. Sanun, Sanum, Sono oder Sunum, und vielleicht noch mehr. Es gibt keine sachlichen Daten \u00fcber den Baum. Je nachdem, wo die Rinde gesammelt wird, bezieht sich der Name auf einen Baum, der dem Tsunu \u00e4hnlich ist. Und in verschiedenen Gebieten ist es ein anderer, aber \u00e4hnlicher Baum. Daraus ergeben sich verschiedene Namen f\u00fcr diese Art von ash.<\/p>\n<p>Es gibt keine weiteren Informationen \u00fcber Sanu aus Brasilien. Aber es scheint, dass die Rindeneigenschaften und die Kraft des Baumes dem Tsunu sehr \u00e4hnlich sind.<\/p>","protected":false},"excerpt":{"rendered":"<p>Dieses rap\u00e9 Sanu stammt vom Kaxinawa-Stamm und wird aus Moi Mapacho und der Rinde eines Baumes namens Sanu hergestellt. Es ist eine glatte und helle rap\u00e9.<\/p>","protected":false},"featured_media":35665,"template":"","meta":{"_seopress_robots_primary_cat":"none","_seopress_titles_title":"Rap\u00e9 Sanu - Kaxinawa Tribe - Orisha Ossain","_seopress_titles_desc":"This rap\u00e9 Sanu comes from the Kaxinawa tribe and is made with moi mapacho and the bark of a tree known as Sanu. It is a smooth and bright rap\u00e9.","_seopress_robots_index":"","_kad_blocks_custom_css":"","_kad_blocks_head_custom_js":"","_kad_blocks_body_custom_js":"","_kad_blocks_footer_custom_js":"","_kad_post_transparent":"default","_kad_post_title":"","_kad_post_layout":"default","_kad_post_sidebar_id":"","_kad_post_content_style":"default","_kad_post_vertical_padding":"default","_kad_post_feature":"","_kad_post_feature_position":"","_kad_post_header":false,"_kad_post_footer":false,"_kad_post_classname":""},"product_brand":[],"product_cat":[50],"product_tag":[56],"class_list":{"0":"post-329","1":"product","2":"type-product","3":"status-publish","4":"has-post-thumbnail","6":"product_cat-rape","7":"product_tag-kaxinawa","9":"first","10":"instock","11":"taxable","12":"shipping-taxable","13":"purchasable","14":"product-type-variable","15":"entry","16":"content-bg","17":"loop-entry"},"taxonomy_info":{"product_cat":[{"value":50,"label":"Rap\u00e9"}],"product_tag":[{"value":56,"label":"Kaxinawa"}]},"featured_image_src_large":["https:\/\/orisha-ossain.com\/wp-content\/uploads\/2024\/11\/Sanu_Orisha_Ossain.png",736,736,false],"author_info":[],"comment_info":"","_links":{"self":[{"href":"https:\/\/orisha-ossain.com\/de\/wp-json\/wp\/v2\/product\/329","targetHints":{"allow":["GET"]}}],"collection":[{"href":"https:\/\/orisha-ossain.com\/de\/wp-json\/wp\/v2\/product"}],"about":[{"href":"https:\/\/orisha-ossain.com\/de\/wp-json\/wp\/v2\/types\/product"}],"wp:featuredmedia":[{"embeddable":true,"href":"https:\/\/orisha-ossain.com\/de\/wp-json\/wp\/v2\/media\/35665"}],"wp:attachment":[{"href":"https:\/\/orisha-ossain.com\/de\/wp-json\/wp\/v2\/media?parent=329"}],"wp:term":[{"taxonomy":"product_brand","embeddable":true,"href":"https:\/\/orisha-ossain.com\/de\/wp-json\/wp\/v2\/product_brand?post=329"},{"taxonomy":"product_cat","embeddable":true,"href":"https:\/\/orisha-ossain.com\/de\/wp-json\/wp\/v2\/product_cat?post=329"},{"taxonomy":"product_tag","embeddable":true,"href":"https:\/\/orisha-ossain.com\/de\/wp-json\/wp\/v2\/product_tag?post=329"}],"curies":[{"name":"wp","href":"https:\/\/api.w.org\/{rel}","templated":true}]}}