{"id":325,"date":"2023-06-28T17:45:38","date_gmt":"2023-06-28T15:45:38","guid":{"rendered":"http:\/\/orisha-ossain.com\/?post_type=product&#038;p=325"},"modified":"2026-04-02T16:48:44","modified_gmt":"2026-04-02T14:48:44","slug":"rape-capemba","status":"publish","type":"product","link":"https:\/\/orisha-ossain.com\/de\/product\/rape-capemba\/","title":{"rendered":"Rap\u00e9 Capemba"},"content":{"rendered":"<h2>Rap\u00e9 Capemba<\/h2>\n<p>Rap\u00e9 Capemba ist ein weiterer besonderer Schnupftabak von den Kaxinawa. Dies ist ein rap\u00e9, der nur aus Arapiraca und Capemba ashes hergestellt wird. Capemba ashes werden aus einer heiligen Palme hergestellt, die medizinische Eigenschaften hat. Es hei\u00dft, dass sie bei der Einnahme Wind erzeugen, so wie wir die Bl\u00e4tter einer Palme im Wind wehen sehen. Auf dieselbe Weise vertreibt dieser Wind Krankheiten aus dem K\u00f6rper.<br \/>\nCapemba bringt geistige Kraft und reinigt die Atemwege, indem es Nebenh\u00f6hlenentz\u00fcndungen lindert. Es n\u00e4hrt den Kern unseres Wesens und erinnert uns daran, in jeder erdenklichen Weise flexibel zu sein und bei uns selbst zu bleiben.<\/p>\n<p><a href=\"http:\/\/orisha-ossain.com\/wp-content\/uploads\/2023\/06\/downloads-2.jpg\"><img decoding=\"async\" class=\"size-medium wp-image-245 alignleft\" src=\"http:\/\/orisha-ossain.com\/wp-content\/uploads\/2023\/06\/downloads-2-253x300.jpg\" alt=\"\" width=\"253\" height=\"300\" srcset=\"https:\/\/orisha-ossain.com\/wp-content\/uploads\/2023\/06\/downloads-2-253x300.jpg 253w, https:\/\/orisha-ossain.com\/wp-content\/uploads\/2023\/06\/downloads-2.jpg 337w\" sizes=\"(max-width: 253px) 100vw, 253px\" \/><\/a><\/p>\n<h2>Stammes\u00fcbliche Verwendung<\/h2>\n<p>Der Kaxinawa-Stamm verwendet seinen Rap\u00e9 f\u00fcr verschiedene Zwecke. Zum Beispiel zur Linderung von k\u00f6rperlichen Schmerzen und Kopfschmerzen und zur Reinigung der Nebenh\u00f6hlen. Au\u00dferdem setzen die Kaxinawa Rap\u00e9 zur geistigen Heilung ein, meist in Kombination mit Ges\u00e4ngen.<br \/>\nRap\u00e9 verbindet den Stamm mit den Geistern des Dschungels und kann - je nach den spezifischen Zutaten - heilen, die Konzentration steigern, die Jagd verbessern oder eine Verbindung zum Geist der Natur herstellen. Die Kaxinawa sind experimentierfreudig und verwenden eine Vielzahl von Zutaten f\u00fcr ihr rap\u00e9.<\/p>\n<h2>\u00dcber den Stamm<\/h2>\n<p>Das Volk der Kaxinaw\u00e1 (Huni Kuin) ist ein indigener Stamm, der in Brasilien und Peru lebt. Die Kaxinaw\u00e1 sind auch unter den Namen Cashinau\u00e1, Caxinau\u00e1 oder Kashinawa bekannt. Dieser Name kommt von kashi oder \"Fledermaus\" und nawa, was \"Au\u00dfenseiter\" oder \"Fremde\" bedeutet.<br \/>\nIhr Autonym ist Huni Kuin oder \"echte M\u00e4nner\" oder \"wahre Menschen\", von huni, \"Mann\", und kuin, \"echt\" oder \"wahr\". Ihre Sprache geh\u00f6rt zur Pano-Sprachfamilie, die sie hatxa-Kuin (wahre Sprache) nennen. Die Bev\u00f6lkerung betr\u00e4gt etwa 4.000 Menschen. Die Kaxinawa machen 42% der indigenen Bev\u00f6lkerung des Bundesstaates Acre im Westen Brasiliens aus.<\/p>\n<p>Wenn Sie mehr \u00fcber den Stamm erfahren m\u00f6chten, lesen Sie bitte <a href=\"https:\/\/pib.socioambiental.org\/en\/Povo:Huni_Kuin_(Kaxinaw\u00e1)\" target=\"_blank\" rel=\"noopener\">hier<\/a>.<a href=\"http:\/\/orisha-ossain.com\/wp-content\/uploads\/2023\/06\/downloads-1.jpg\"><img decoding=\"async\" class=\"size-medium wp-image-244 aligncenter\" src=\"http:\/\/orisha-ossain.com\/wp-content\/uploads\/2023\/06\/downloads-1-300x200.jpg\" alt=\"\" width=\"300\" height=\"200\" srcset=\"https:\/\/orisha-ossain.com\/wp-content\/uploads\/2023\/06\/downloads-1-300x200.jpg 300w, https:\/\/orisha-ossain.com\/wp-content\/uploads\/2023\/06\/downloads-1.jpg 600w\" sizes=\"(max-width: 300px) 100vw, 300px\" \/><\/a><\/p>\n<h2 style=\"text-align: center;\"><a href=\"http:\/\/orisha-ossain.com\/de\/product-category\/tepi\/\">Tepi<\/a> und <a href=\"http:\/\/orisha-ossain.com\/de\/product-category\/tepi\/\">Kuripe<span style=\"font-size: 16px;\">\u00a0<\/span><\/a><\/h2>\n<p style=\"text-align: center;\">Werfen Sie einen Blick auf die Kollektion von Tepi und Kuripe. Verschiedene Stile von verschiedenen K\u00fcnstlern sind verf\u00fcgbar. <a style=\"font-weight: bold; font-family: var(--global-body-font-family);\" href=\"http:\/\/orisha-ossain.com\/wp-content\/uploads\/2023\/06\/Tepi-Blessings.jpg\"><img decoding=\"async\" class=\"wp-image-55 size-medium aligncenter\" src=\"http:\/\/orisha-ossain.com\/wp-content\/uploads\/2023\/06\/Tepi-Blessings-300x199.jpg\" alt=\"Tepis erhalten Segen von ihren Sch\u00f6pfern\" width=\"300\" height=\"199\" srcset=\"https:\/\/orisha-ossain.com\/wp-content\/uploads\/2023\/06\/Tepi-Blessings-300x199.jpg 300w, https:\/\/orisha-ossain.com\/wp-content\/uploads\/2023\/06\/Tepi-Blessings.jpg 640w\" sizes=\"(max-width: 300px) 100vw, 300px\" \/><\/a><span style=\"font-size: 14px; font-family: var(--global-body-font-family);\">Tepis erhalten Segen von ihren Sch\u00f6pfern<\/span><\/p>\n<h2>Handhabung und Sortierung<\/h2>\n<p>Ich siebe diesen rap\u00e9 Capemba und alle anderen Schnupftabakprodukte aus meinem Gesch\u00e4ft durch ein 120-Mikron-Edelstahlsieb. Au\u00dferdem lagere ich den Rap\u00e9-Vorrat trocken und in Vakuumbeh\u00e4ltern, um Frische und Qualit\u00e4t zu erhalten.<\/p>\n<p>Dies f\u00fchrt zu.<\/p>\n<ul>\n<li>ein extrem feines Pulver.<\/li>\n<li>eine garantiert gleichbleibende Feinheit<\/li>\n<li>optimale Aufnahme des Schnupftabaks<\/li>\n<\/ul>","protected":false},"excerpt":{"rendered":"<p>Rap\u00e9 Capemba ist eine weitere Spezialit\u00e4t der Kaxinawa. Dies ist ein rap\u00e9, das nur mit Capemba ashes hergestellt wird. Capemba ashes werden aus einer heiligen Palme hergestellt, die medizinische Eigenschaften hat.<\/p>","protected":false},"featured_media":35622,"template":"","meta":{"_seopress_robots_primary_cat":"none","_seopress_titles_title":"Rap\u00e9 Capemba","_seopress_titles_desc":"Rap\u00e9 Capemba is another special one from the Kaxinawa. This is a rap\u00e9 made with Capemba ashes only. Capemba ashes are made from a sacred","_seopress_robots_index":"","_kad_blocks_custom_css":"","_kad_blocks_head_custom_js":"","_kad_blocks_body_custom_js":"","_kad_blocks_footer_custom_js":"","_kad_post_transparent":"default","_kad_post_title":"","_kad_post_layout":"default","_kad_post_sidebar_id":"","_kad_post_content_style":"default","_kad_post_vertical_padding":"default","_kad_post_feature":"","_kad_post_feature_position":"","_kad_post_header":false,"_kad_post_footer":false,"_kad_post_classname":""},"product_brand":[],"product_cat":[50],"product_tag":[56],"class_list":{"0":"post-325","1":"product","2":"type-product","3":"status-publish","4":"has-post-thumbnail","6":"product_cat-rape","7":"product_tag-kaxinawa","9":"first","10":"instock","11":"taxable","12":"shipping-taxable","13":"purchasable","14":"product-type-variable","15":"entry","16":"content-bg","17":"loop-entry"},"taxonomy_info":{"product_cat":[{"value":50,"label":"Rap\u00e9"}],"product_tag":[{"value":56,"label":"Kaxinawa"}]},"featured_image_src_large":["https:\/\/orisha-ossain.com\/wp-content\/uploads\/2024\/11\/Capemba_Orisha_Ossain.png",736,736,false],"author_info":[],"comment_info":"","_links":{"self":[{"href":"https:\/\/orisha-ossain.com\/de\/wp-json\/wp\/v2\/product\/325","targetHints":{"allow":["GET"]}}],"collection":[{"href":"https:\/\/orisha-ossain.com\/de\/wp-json\/wp\/v2\/product"}],"about":[{"href":"https:\/\/orisha-ossain.com\/de\/wp-json\/wp\/v2\/types\/product"}],"wp:featuredmedia":[{"embeddable":true,"href":"https:\/\/orisha-ossain.com\/de\/wp-json\/wp\/v2\/media\/35622"}],"wp:attachment":[{"href":"https:\/\/orisha-ossain.com\/de\/wp-json\/wp\/v2\/media?parent=325"}],"wp:term":[{"taxonomy":"product_brand","embeddable":true,"href":"https:\/\/orisha-ossain.com\/de\/wp-json\/wp\/v2\/product_brand?post=325"},{"taxonomy":"product_cat","embeddable":true,"href":"https:\/\/orisha-ossain.com\/de\/wp-json\/wp\/v2\/product_cat?post=325"},{"taxonomy":"product_tag","embeddable":true,"href":"https:\/\/orisha-ossain.com\/de\/wp-json\/wp\/v2\/product_tag?post=325"}],"curies":[{"name":"wp","href":"https:\/\/api.w.org\/{rel}","templated":true}]}}