{"id":316,"date":"2023-06-28T16:56:40","date_gmt":"2023-06-28T14:56:40","guid":{"rendered":"http:\/\/orisha-ossain.com\/?post_type=product&#038;p=316"},"modified":"2026-03-25T13:57:13","modified_gmt":"2026-03-25T12:57:13","slug":"rape-murici-cumaru","status":"publish","type":"product","link":"https:\/\/orisha-ossain.com\/de\/product\/rape-murici-cumaru\/","title":{"rendered":"Rap\u00e9 Murici Cumaru"},"content":{"rendered":"<h2>Rap\u00e9 Murici Cumaru<\/h2>\n<p>Rap\u00e9 Murici Cumaru ist eine Mischung aus Cumaru-Rinde ash (Dipteryx odorata), ashes der Murici-Baumrinde (Byrsonima Crassifolia) und M\u00f3i. M\u00f3i ist in Brasilien f\u00fcr sein einzigartiges Aroma bekannt.<br \/>\nDie Indianer sagen, dass Murici (Byrsonima Crassifolia) eine starke, aber weibliche Energie hat, die speziell auf die h\u00f6heren Chakren wirkt. Cumaru ist stark, aber auch rau und wirkt in den unteren Chakren. Die Kombination von Murici und Cumaru bewirkt eine vollst\u00e4ndige Chakrenreinigung.<\/p>\n<p>&nbsp;<\/p>\n<h2>Stammes\u00fcbliche Verwendung<\/h2>\n<figure id=\"attachment_165\" aria-describedby=\"caption-attachment-165\" style=\"width: 225px\" class=\"wp-caption alignright\"><a href=\"http:\/\/orisha-ossain.com\/wp-content\/uploads\/2023\/06\/Byrsonima-Crassifolia.jpg\" target=\"_blank\" rel=\"noopener\"><img decoding=\"async\" class=\"wp-image-165 size-medium\" src=\"http:\/\/orisha-ossain.com\/wp-content\/uploads\/2023\/06\/Byrsonima-Crassifolia-225x300.jpg\" alt=\"Byrsonima Crassifolia Baum rap\u00e9 murici cumaru\" width=\"225\" height=\"300\" srcset=\"https:\/\/orisha-ossain.com\/wp-content\/uploads\/2023\/06\/Byrsonima-Crassifolia-225x300.jpg 225w, https:\/\/orisha-ossain.com\/wp-content\/uploads\/2023\/06\/Byrsonima-Crassifolia-768x1024.jpg 768w, https:\/\/orisha-ossain.com\/wp-content\/uploads\/2023\/06\/Byrsonima-Crassifolia.jpg 800w\" sizes=\"(max-width: 225px) 100vw, 225px\" \/><\/a><figcaption id=\"caption-attachment-165\" class=\"wp-caption-text\">Byrsonima Crassifolia Baum<\/figcaption><\/figure>\n<p>Der Stamm der Kaxinawa verwendet sein Rap\u00e9 f\u00fcr verschiedene Zwecke, z. B. zur Linderung von k\u00f6rperlichen Schmerzen und Kopfschmerzen und zur Reinigung der Nebenh\u00f6hlen. Au\u00dferdem setzen die Kaxinawa Rap\u00e9 zur geistigen Heilung ein, meist in Kombination mit Ges\u00e4ngen.<\/p>\n<p>Rap\u00e9 verbindet den Stamm mit den Geistern des Dschungels und kann - je nach den spezifischen Zutaten - heilen, die Konzentration steigern, die Jagd verbessern oder eine Verbindung zum Geist der Natur herstellen. Die Kaxinawa sind experimentierfreudig und verwenden eine breite Palette von Zutaten f\u00fcr ihre Schnupftabake.<\/p>\n<figure id=\"attachment_320\" aria-describedby=\"caption-attachment-320\" style=\"width: 300px\" class=\"wp-caption alignnone\"><a href=\"http:\/\/orisha-ossain.com\/wp-content\/uploads\/2023\/06\/Dipteryx-odorata.jpg\" target=\"_blank\" rel=\"noopener\"><img decoding=\"async\" class=\"wp-image-320 size-medium\" src=\"http:\/\/orisha-ossain.com\/wp-content\/uploads\/2023\/06\/Dipteryx-odorata-300x225.jpg\" alt=\"Dipteryx odorata Baum rap\u00e9 murici cumaru\" width=\"300\" height=\"225\" srcset=\"https:\/\/orisha-ossain.com\/wp-content\/uploads\/2023\/06\/Dipteryx-odorata-300x225.jpg 300w, https:\/\/orisha-ossain.com\/wp-content\/uploads\/2023\/06\/Dipteryx-odorata.jpg 600w\" sizes=\"(max-width: 300px) 100vw, 300px\" \/><\/a><figcaption id=\"caption-attachment-320\" class=\"wp-caption-text\">Dipteryx odorata Baum<\/figcaption><\/figure>","protected":false},"excerpt":{"rendered":"<p>Wie das Murici stammt auch das Rap\u00e9 Murici Cumaru vom Stamm der Kaxinawa. Eine Mischung aus Cumaru-Rinde ash (Dipteryx odorata), ashes der Murici-Baumrinde (Byrsonima Crassifolia) und M\u00f3i mapacho. M\u00f3i ist in Brasilien f\u00fcr sein einzigartiges Aroma bekannt.<\/p>","protected":false},"featured_media":35644,"template":"","meta":{"_seopress_robots_primary_cat":"none","_seopress_titles_title":"Rap\u00e9 Murici Cumaru - Kaxinawa Tribe - Orisha Ossain","_seopress_titles_desc":"Like the Murici, Rap\u00e9 Murici Cumaru comes from the Kaxinawa tribe. A mixture of Cumaru bark ash (Dipteryx odorata), ashes of the Murici tree bark","_seopress_robots_index":"","_kad_blocks_custom_css":"","_kad_blocks_head_custom_js":"","_kad_blocks_body_custom_js":"","_kad_blocks_footer_custom_js":"","_kad_post_transparent":"default","_kad_post_title":"","_kad_post_layout":"default","_kad_post_sidebar_id":"","_kad_post_content_style":"default","_kad_post_vertical_padding":"default","_kad_post_feature":"","_kad_post_feature_position":"","_kad_post_header":false,"_kad_post_footer":false,"_kad_post_classname":""},"product_brand":[],"product_cat":[50],"product_tag":[56],"class_list":{"0":"post-316","1":"product","2":"type-product","3":"status-publish","4":"has-post-thumbnail","6":"product_cat-rape","7":"product_tag-kaxinawa","9":"first","10":"instock","11":"taxable","12":"shipping-taxable","13":"purchasable","14":"product-type-variable","15":"entry","16":"content-bg","17":"loop-entry"},"taxonomy_info":{"product_cat":[{"value":50,"label":"Rap\u00e9"}],"product_tag":[{"value":56,"label":"Kaxinawa"}]},"featured_image_src_large":["https:\/\/orisha-ossain.com\/wp-content\/uploads\/2024\/11\/Murici-Cumaru_Orisha_Ossain.png",736,736,false],"author_info":[],"comment_info":"","_links":{"self":[{"href":"https:\/\/orisha-ossain.com\/de\/wp-json\/wp\/v2\/product\/316","targetHints":{"allow":["GET"]}}],"collection":[{"href":"https:\/\/orisha-ossain.com\/de\/wp-json\/wp\/v2\/product"}],"about":[{"href":"https:\/\/orisha-ossain.com\/de\/wp-json\/wp\/v2\/types\/product"}],"wp:featuredmedia":[{"embeddable":true,"href":"https:\/\/orisha-ossain.com\/de\/wp-json\/wp\/v2\/media\/35644"}],"wp:attachment":[{"href":"https:\/\/orisha-ossain.com\/de\/wp-json\/wp\/v2\/media?parent=316"}],"wp:term":[{"taxonomy":"product_brand","embeddable":true,"href":"https:\/\/orisha-ossain.com\/de\/wp-json\/wp\/v2\/product_brand?post=316"},{"taxonomy":"product_cat","embeddable":true,"href":"https:\/\/orisha-ossain.com\/de\/wp-json\/wp\/v2\/product_cat?post=316"},{"taxonomy":"product_tag","embeddable":true,"href":"https:\/\/orisha-ossain.com\/de\/wp-json\/wp\/v2\/product_tag?post=316"}],"curies":[{"name":"wp","href":"https:\/\/api.w.org\/{rel}","templated":true}]}}