{"id":3113,"date":"2024-03-30T12:07:45","date_gmt":"2024-03-30T11:07:45","guid":{"rendered":"http:\/\/orisha-ossain.com\/?post_type=product&#038;p=3113"},"modified":"2026-04-12T17:55:38","modified_gmt":"2026-04-12T15:55:38","slug":"rape-sananga","status":"publish","type":"product","link":"https:\/\/orisha-ossain.com\/de\/product\/rape-sananga\/","title":{"rendered":"Rap\u00e9 Sananga"},"content":{"rendered":"<h2><span style=\"font-size: 12pt;\">Rap\u00e9 Sananga<\/span><\/h2>\n<p>Diese rap\u00e9 Sananga stammt von den Kuntanawa-Indianern. Dies ist eine interessante neue Art von rap\u00e9, die die ashes der Sananga-Pflanze enth\u00e4lt. Es ist eine gro\u00dfartige Erg\u00e4nzung f\u00fcr Menschen, die bereits mit den Sananga Augentropfen arbeiten.<\/p>\n<h2><span style=\"font-size: 12pt;\">Sananga &amp; Sananga rap\u00e9<\/span><\/h2>\n<p>Als ich vor etwa 18 Jahren begann, nach Brasilien zu reisen, h\u00f6rte ich Geschichten \u00fcber ein rap\u00e9, das mit Sananga-Pflanzenpulver hergestellt wurde. Der Gedanke an diese Mischung ergab f\u00fcr mich keinen Sinn. Sananga ist ein Fl\u00fcssigextrakt, der f\u00fcr die Augenbehandlung verwendet wird.<br \/>\nWarum sollte jemand pulverisierte Teile dieser Pflanze zur Herstellung von rap\u00e9 hinzuf\u00fcgen? Alle meine Kontakte in rap\u00e9-Brasilien best\u00e4tigten dies und sagten: \"Das sind zwei getrennte Arzneimittel und sollten nicht zusammengef\u00fcgt werden\".<br \/>\nEs gab verschiedene Quellen, die diese Art von rap\u00e9 mit Sananga verkauften oder zumindest behaupteten, ihr rap\u00e9 enthalte Sananga. Ich hatte immer das Gef\u00fchl, dass ich keine rap\u00e9 in meinem Sortiment haben wollte, wo ich widerspr\u00fcchliche Gef\u00fchle habe.<\/p>\n<h2><span style=\"font-size: 12pt;\">Es ist gut, keine Konflikte mehr<\/span><\/h2>\n<p>Mit dem Wissen, dass es die Sananga Wurzel und Rinde ashes, dass ein Teil der Mischung machen alles im Gleichgewicht ist. Sananga ash und mit allen ashes ist es \u00fcber die Arbeit mit Mineralsalz. Die heilenden Eigenschaften kommen von hier und die energetische Pr\u00e4gung, die von der Pflanze Form auf die ashes durch den Verbrennungsprozess migriert.<\/p>\n<figure id=\"attachment_29575\" aria-describedby=\"caption-attachment-29575\" style=\"width: 600px\" class=\"wp-caption aligncenter\"><a href=\"https:\/\/braziliantobaccosnuffs.com\/wp-content\/uploads\/fotosapplicatie\/kunatawa-ceremonie.jpg\"><img decoding=\"async\" class=\"wp-image-29575 size-full\" src=\"https:\/\/braziliantobaccosnuffs.com\/wp-content\/uploads\/fotosapplicatie\/kunatawa-ceremonie.jpg\" alt=\"Kuntanawa-Indianer Ceremonie, Hersteller von rap\u00e9 Sananga\" width=\"600\" height=\"399\" \/><\/a><figcaption id=\"caption-attachment-29575\" class=\"wp-caption-text\">Kuntanawa-Zeremonie im Gange<\/figcaption><\/figure>\n<h2 style=\"text-align: left;\"><span style=\"font-size: 12pt;\">\u00dcber den Stamm<\/span><\/h2>\n<p>Das Volk der Kuntanawa (bekannt als \"der Stamm der Babassu-Palme oder Babassu-Kokosnuss\"). Sie haben ihre spirituelle Tradition stets als ihr Lebensprinzip verteidigt.<br \/>\nSie haben schon immer Pflanzen verwendet, die mit den Wesen des Waldes und den Geistern in Verbindung stehen. So lernten sie, wie sie den Stamm mit traditioneller Medizin heilen k\u00f6nnen. Bis heute haben die Kuntanawa ihre Praktiken beibehalten.<\/p>","protected":false},"excerpt":{"rendered":"<p>Diese rap\u00e9 Sananga stammt von den Kuntanawa-Indianern. Dies ist eine interessante neue Art von rap\u00e9, die die ashes der Sananga-Pflanze enth\u00e4lt. Es ist eine gro\u00dfartige Erg\u00e4nzung f\u00fcr Menschen, die bereits mit den Sananga Augentropfen arbeiten.<\/p>","protected":false},"featured_media":35663,"template":"","meta":{"_seopress_robots_primary_cat":"none","_seopress_titles_title":"Rap\u00e9 Sananga - Kuntanawa - Tribal Snuff from the Amazon -","_seopress_titles_desc":"Rap\u00e9 Sananga is often applied in ceremonial contexts, where it aids in deepening spiritual practices by clearing the mind and grounding the body.","_seopress_robots_index":"","_kad_blocks_custom_css":"","_kad_blocks_head_custom_js":"","_kad_blocks_body_custom_js":"","_kad_blocks_footer_custom_js":"","_kad_post_transparent":"default","_kad_post_title":"","_kad_post_layout":"default","_kad_post_sidebar_id":"","_kad_post_content_style":"default","_kad_post_vertical_padding":"default","_kad_post_feature":"","_kad_post_feature_position":"","_kad_post_header":false,"_kad_post_footer":false,"_kad_post_classname":""},"product_brand":[],"product_cat":[50],"product_tag":[57],"class_list":{"0":"post-3113","1":"product","2":"type-product","3":"status-publish","4":"has-post-thumbnail","6":"product_cat-rape","7":"product_tag-kuntanawa","9":"first","10":"instock","11":"taxable","12":"shipping-taxable","13":"purchasable","14":"product-type-variable","15":"entry","16":"content-bg","17":"loop-entry"},"taxonomy_info":{"product_cat":[{"value":50,"label":"Rap\u00e9"}],"product_tag":[{"value":57,"label":"Kuntanawa"}]},"featured_image_src_large":["https:\/\/orisha-ossain.com\/wp-content\/uploads\/2024\/11\/Sananga_Orisha_Ossain.png",736,736,false],"author_info":[],"comment_info":"","_links":{"self":[{"href":"https:\/\/orisha-ossain.com\/de\/wp-json\/wp\/v2\/product\/3113","targetHints":{"allow":["GET"]}}],"collection":[{"href":"https:\/\/orisha-ossain.com\/de\/wp-json\/wp\/v2\/product"}],"about":[{"href":"https:\/\/orisha-ossain.com\/de\/wp-json\/wp\/v2\/types\/product"}],"wp:featuredmedia":[{"embeddable":true,"href":"https:\/\/orisha-ossain.com\/de\/wp-json\/wp\/v2\/media\/35663"}],"wp:attachment":[{"href":"https:\/\/orisha-ossain.com\/de\/wp-json\/wp\/v2\/media?parent=3113"}],"wp:term":[{"taxonomy":"product_brand","embeddable":true,"href":"https:\/\/orisha-ossain.com\/de\/wp-json\/wp\/v2\/product_brand?post=3113"},{"taxonomy":"product_cat","embeddable":true,"href":"https:\/\/orisha-ossain.com\/de\/wp-json\/wp\/v2\/product_cat?post=3113"},{"taxonomy":"product_tag","embeddable":true,"href":"https:\/\/orisha-ossain.com\/de\/wp-json\/wp\/v2\/product_tag?post=3113"}],"curies":[{"name":"wp","href":"https:\/\/api.w.org\/{rel}","templated":true}]}}