{"id":300,"date":"2023-06-27T13:46:35","date_gmt":"2023-06-27T11:46:35","guid":{"rendered":"http:\/\/orisha-ossain.com\/?post_type=product&#038;p=300"},"modified":"2026-04-12T17:55:38","modified_gmt":"2026-04-12T15:55:38","slug":"rape-caneleiro","status":"publish","type":"product","link":"https:\/\/orisha-ossain.com\/de\/product\/rape-caneleiro\/","title":{"rendered":"Rap\u00e9 Caneleiro"},"content":{"rendered":"<h2>Rap\u00e9 Caneleiro<\/h2>\n<p>Dieser Rap\u00e9 Caneleiro stammt von den Yawanawa.  Der Yawanawa-Stamm ist bekannt f\u00fcr seine Schnupftabakprodukte, die einen hohen ash-Gehalt aufweisen. Dies verleiht ihrem Rap\u00e9 eine einzigartige Energie. Dieser Rap\u00e9 steht in Verbindung mit dem dritten Chakra. Rap\u00e9 Caneleiro ist sehr gr\u00fcndlich in seinen Eigenschaften. Es hilft sehr bei der Gesundheit, vor allem bei der Regeneration der Zellen und dem Ausgleich der Hormone. Feuer ist das spirituelle Element, mit dem sich dieses rap\u00e9 verbindet.<\/p>\n<p>F\u00fcr rap\u00e9 Caneleiro verwenden sie die ashes der Rinde von Cenostigma macrophyllum. F\u00fcr die Indianer in Acre sind Caneleiro und Canela de Velho in ihren Eigenschaften sehr \u00e4hnlich und werden auf dieselbe Weise behandelt. Dennoch sind es zwei verschiedene, aber sehr verwandte B\u00e4ume.<\/p>\n<p><img decoding=\"async\" class=\"size-medium wp-image-286 aligncenter\" src=\"https:\/\/orisha-ossain.com\/wp-content\/uploads\/2023\/06\/ind-300x199.png\" alt=\"\" width=\"300\" height=\"199\" srcset=\"https:\/\/orisha-ossain.com\/wp-content\/uploads\/2023\/06\/ind-300x199.png 300w, https:\/\/orisha-ossain.com\/wp-content\/uploads\/2023\/06\/ind-768x510.png 768w, https:\/\/orisha-ossain.com\/wp-content\/uploads\/2023\/06\/ind.png 783w\" sizes=\"(max-width: 300px) 100vw, 300px\" \/><\/p>\n<h2>\u00dcber Cenostigma macrophyllum<\/h2>\n<p>Caneleiro (<em>Cenostigma macrophyllum<\/em>) ist ein bl\u00fchender Baum aus der Familie der Fabaceae\/Leguminosae. Dieser Baum ist vor allem w\u00e4hrend seiner mehrj\u00e4hrigen Bl\u00fctezeit von gro\u00dfer Sch\u00f6nheit. Er ist das Symbol der Stadt Teresina. Forscher haben diese brasilianische Baumart vor \u00fcber 150 Jahren zum ersten Mal in Mato Grosso entdeckt. Der Caneleiro-Baum gedeiht im Norden, Nordosten, Mittleren Westen und S\u00fcdosten Brasiliens.<\/p>\n<p>Von September bis Dezember und von Februar bis Juli ist der Baum mit gelben Bl\u00fctenb\u00fcscheln bedeckt. Diese Bl\u00fcten, die stark an Orchideen erinnern, locken mit ihrem Duft zahlreiche Insekten und V\u00f6gel an. Der Caneleiro-Baum wird in der Regel zwischen 10 und 20 Meter hoch.<\/p>\n<figure id=\"attachment_169\" aria-describedby=\"caption-attachment-169\" style=\"width: 300px\" class=\"wp-caption aligncenter\"><a href=\"http:\/\/orisha-ossain.com\/wp-content\/uploads\/2023\/06\/Cenostigma-Macrophyllum-used-for-Caneleiro-Rape.jpg\"><img decoding=\"async\" class=\"wp-image-169 size-medium\" src=\"http:\/\/orisha-ossain.com\/wp-content\/uploads\/2023\/06\/Cenostigma-Macrophyllum-used-for-Caneleiro-Rape-300x186.jpg\" alt=\"Mehrere gro\u00dfe Cenostigma Macrophyllum B\u00e4ume, die ashes der Rinde sind f\u00fcr Rap\u00e9 Caneleiro verwendet.\" width=\"300\" height=\"186\" srcset=\"https:\/\/orisha-ossain.com\/wp-content\/uploads\/2023\/06\/Cenostigma-Macrophyllum-used-for-Caneleiro-Rape-300x186.jpg 300w, https:\/\/orisha-ossain.com\/wp-content\/uploads\/2023\/06\/Cenostigma-Macrophyllum-used-for-Caneleiro-Rape.jpg 700w\" sizes=\"(max-width: 300px) 100vw, 300px\" \/><\/a><figcaption id=\"caption-attachment-169\" class=\"wp-caption-text\">Der Baum Cenostigma Macrophyllum<\/figcaption><\/figure>\n<h2 style=\"text-align: center;\"><a href=\"http:\/\/orisha-ossain.com\/wp-content\/uploads\/2023\/06\/01111.jpg\"><img decoding=\"async\" class=\"aligncenter wp-image-237 size-medium\" src=\"http:\/\/orisha-ossain.com\/wp-content\/uploads\/2023\/06\/01111-300x287.jpg\" alt=\"rap\u00e9 tsunu rasu\" width=\"300\" height=\"287\" srcset=\"https:\/\/orisha-ossain.com\/wp-content\/uploads\/2023\/06\/01111-300x287.jpg 300w, https:\/\/orisha-ossain.com\/wp-content\/uploads\/2023\/06\/01111.jpg 600w\" sizes=\"(max-width: 300px) 100vw, 300px\" \/><\/a><\/h2>\n<p style=\"text-align: center;\">","protected":false},"excerpt":{"rendered":"<p>Dieser Rap\u00e9 Caneleiro stammt vom Stamm der Yawanawa. Die Yawanawa sind bekannt f\u00fcr ihre Schnupftabake, die sich durch ihren hohen ash-Gehalt auszeichnen.<br \/>\nGebr\u00e4uchliche Namen: Caneleiro, Canela de Velho, Maraximb\u00e9 oder Fava do Campo<br \/>\nVolksstamm: Yawanawa<br \/>\nHerkunft: Acre, Brasilien.<\/p>","protected":false},"featured_media":35621,"template":"","meta":{"_seopress_robots_primary_cat":"none","_seopress_titles_title":"Rap\u00e9 Caneleiro - Yawanawa Tribal Snuff - Orisha Ossain","_seopress_titles_desc":"This Rap\u00e9 Caneleiro comes from the Yawanawa tribe. The Yawanawa are known for their snuffs, which are distinguished by their high ash content.","_seopress_robots_index":"","_kad_blocks_custom_css":"","_kad_blocks_head_custom_js":"","_kad_blocks_body_custom_js":"","_kad_blocks_footer_custom_js":"","_kad_post_transparent":"default","_kad_post_title":"","_kad_post_layout":"default","_kad_post_sidebar_id":"","_kad_post_content_style":"default","_kad_post_vertical_padding":"default","_kad_post_feature":"","_kad_post_feature_position":"","_kad_post_header":false,"_kad_post_footer":false,"_kad_post_classname":""},"product_brand":[],"product_cat":[50],"product_tag":[62],"class_list":{"0":"post-300","1":"product","2":"type-product","3":"status-publish","4":"has-post-thumbnail","6":"product_cat-rape","7":"product_tag-yawanawa","9":"first","10":"instock","11":"taxable","12":"shipping-taxable","13":"purchasable","14":"product-type-variable","15":"entry","16":"content-bg","17":"loop-entry"},"taxonomy_info":{"product_cat":[{"value":50,"label":"Rap\u00e9"}],"product_tag":[{"value":62,"label":"Yawanawa"}]},"featured_image_src_large":["https:\/\/orisha-ossain.com\/wp-content\/uploads\/2024\/11\/Caneleiro_Orisha_Ossain.png",736,736,false],"author_info":[],"comment_info":"","_links":{"self":[{"href":"https:\/\/orisha-ossain.com\/de\/wp-json\/wp\/v2\/product\/300","targetHints":{"allow":["GET"]}}],"collection":[{"href":"https:\/\/orisha-ossain.com\/de\/wp-json\/wp\/v2\/product"}],"about":[{"href":"https:\/\/orisha-ossain.com\/de\/wp-json\/wp\/v2\/types\/product"}],"wp:featuredmedia":[{"embeddable":true,"href":"https:\/\/orisha-ossain.com\/de\/wp-json\/wp\/v2\/media\/35621"}],"wp:attachment":[{"href":"https:\/\/orisha-ossain.com\/de\/wp-json\/wp\/v2\/media?parent=300"}],"wp:term":[{"taxonomy":"product_brand","embeddable":true,"href":"https:\/\/orisha-ossain.com\/de\/wp-json\/wp\/v2\/product_brand?post=300"},{"taxonomy":"product_cat","embeddable":true,"href":"https:\/\/orisha-ossain.com\/de\/wp-json\/wp\/v2\/product_cat?post=300"},{"taxonomy":"product_tag","embeddable":true,"href":"https:\/\/orisha-ossain.com\/de\/wp-json\/wp\/v2\/product_tag?post=300"}],"curies":[{"name":"wp","href":"https:\/\/api.w.org\/{rel}","templated":true}]}}