{"id":296,"date":"2023-06-27T13:31:31","date_gmt":"2023-06-27T11:31:31","guid":{"rendered":"http:\/\/orisha-ossain.com\/?post_type=product&#038;p=296"},"modified":"2026-04-14T12:15:51","modified_gmt":"2026-04-14T10:15:51","slug":"rape-samauma","status":"publish","type":"product","link":"https:\/\/orisha-ossain.com\/de\/product\/rape-samauma\/","title":{"rendered":"Rap\u00e9 Sama\u00fama"},"content":{"rendered":"<h2>Rap\u00e9 Sama\u00fama<\/h2>\n<p>Rap\u00e9 Sama\u00fama ist ein spezieller Rap\u00e9 des Yawanawa-Stammes, bei dem die ashes des Sama\u00fama-Baumes verwendet werden. Sama\u00fama Rap\u00e9, <a href=\"http:\/\/orisha-ossain.com\/de\/product\/rape-bashawa\/\">Bashawa<\/a>, <a href=\"http:\/\/orisha-ossain.com\/de\/product\/rape-caneleiro\/\">Caneleiro<\/a>, <a href=\"http:\/\/orisha-ossain.com\/de\/product\/rape-mulateiro\/\">Mulateiro<\/a>, <a href=\"http:\/\/orisha-ossain.com\/de\/product\/rape-yawanawa\/\">Yawanawa<\/a> und <a href=\"http:\/\/orisha-ossain.com\/de\/product\/rape-yawa-menta\/\">Yawa-Menta<\/a> in meinem Gesch\u00e4ft stammen von der gleichen Gruppe der Yawanawa-Indianer. Die Yawanawa sagen, dass Sama\u00fama eine Verbindung zur Energie der Ahnen herstellt und auch den Kopf erw\u00e4rmt.<\/p>\n<h2>\u00dcber Sama\u00fama\/Kapok<\/h2>\n<p>Der Sama\u00fama- oder Kapokbaum (Ceiba pentandra) gedeiht im Amazonasgebiet. Die im Wald lebenden brasilianischen Ureinwohner betrachten ihn als einen heiligen Baum. Diese hoch aufragenden B\u00e4ume werden oft bis zu 70 Meter hoch und geh\u00f6ren damit zu den gr\u00f6\u00dften B\u00e4umen der Weltflora. Der Sama\u00fama-Baum zieht aktiv Wasser aus den Tiefen des Amazonasbodens und nutzt es, um sich selbst zu versorgen und es gro\u00dfz\u00fcgig mit anderen Pflanzenarten zu teilen.<\/p>\n<figure id=\"attachment_183\" aria-describedby=\"caption-attachment-183\" style=\"width: 1024px\" class=\"wp-caption aligncenter\"><a href=\"http:\/\/orisha-ossain.com\/wp-content\/uploads\/2023\/06\/Kapok.jpg\"><img decoding=\"async\" class=\"wp-image-183 size-large\" src=\"https:\/\/orisha-ossain.com\/wp-content\/uploads\/2023\/06\/Kapok-1024x683.jpg\" alt=\"Riesenbaum amazon rap\u00e9 sama\u00fama\" width=\"1024\" height=\"683\" srcset=\"https:\/\/orisha-ossain.com\/wp-content\/uploads\/2023\/06\/Kapok-1024x683.jpg 1024w, https:\/\/orisha-ossain.com\/wp-content\/uploads\/2023\/06\/Kapok-300x200.jpg 300w, https:\/\/orisha-ossain.com\/wp-content\/uploads\/2023\/06\/Kapok-768x512.jpg 768w, https:\/\/orisha-ossain.com\/wp-content\/uploads\/2023\/06\/Kapok-1536x1024.jpg 1536w, https:\/\/orisha-ossain.com\/wp-content\/uploads\/2023\/06\/Kapok.jpg 1600w\" sizes=\"(max-width: 1024px) 100vw, 1024px\" \/><\/a><figcaption id=\"caption-attachment-183\" class=\"wp-caption-text\">Der Riese des Waldes<\/figcaption><\/figure>\n<ul>\n<li>Die Eingeborenen betrachten Sama\u00fama als \"die Mutter aller B\u00e4ume\". Sie nennen seine Wurzeln Sapobemba. Fr\u00fcher benutzten die Indianer diese Wurzeln zur Kommunikation im Wald, indem sie sie mit gro\u00dfen Holzst\u00fccken anklopften und so verschl\u00fcsselte Botschaften sendeten, die weit in den Dschungel hineinreichten.<\/li>\n<li>Die Waldbewohner glauben, dass der Sama\u00fama magische Kr\u00e4fte besitzt. Sie erkennen seine Rolle beim Schutz anderer B\u00e4ume und der Waldbewohner an. Manchmal verwenden die Indianer die Sama\u00fama-Rinde als Zutat f\u00fcr eine spezielle Version des Ayahuasca-Gebr\u00e4us.<\/li>\n<\/ul>\n<figure id=\"attachment_184\" aria-describedby=\"caption-attachment-184\" style=\"width: 1600px\" class=\"wp-caption aligncenter\"><a href=\"http:\/\/orisha-ossain.com\/wp-content\/uploads\/2023\/06\/Kapok-01.jpg\"><img decoding=\"async\" class=\"wp-image-184 size-full\" src=\"https:\/\/orisha-ossain.com\/wp-content\/uploads\/2023\/06\/Kapok-01.jpg\" alt=\"Rap\u00e9 Sama\u00fama, hergestellt vom Stamm der Yawanawa\" width=\"1600\" height=\"1065\" srcset=\"https:\/\/orisha-ossain.com\/wp-content\/uploads\/2023\/06\/Kapok-01.jpg 1600w, https:\/\/orisha-ossain.com\/wp-content\/uploads\/2023\/06\/Kapok-01-300x200.jpg 300w, https:\/\/orisha-ossain.com\/wp-content\/uploads\/2023\/06\/Kapok-01-1024x682.jpg 1024w, https:\/\/orisha-ossain.com\/wp-content\/uploads\/2023\/06\/Kapok-01-768x511.jpg 768w, https:\/\/orisha-ossain.com\/wp-content\/uploads\/2023\/06\/Kapok-01-1536x1022.jpg 1536w\" sizes=\"(max-width: 1600px) 100vw, 1600px\" \/><\/a><figcaption id=\"caption-attachment-184\" class=\"wp-caption-text\">Einer der gr\u00f6\u00dften Sama\u00fama-B\u00e4ume im Amazonasgebiet<\/figcaption><\/figure>\n<p style=\"text-align: center;\">","protected":false},"excerpt":{"rendered":"<p>Der Yawanawa-Stamm stellt einen speziellen Schnupftabak namens rap\u00e9 Sama\u00fama Rap\u00e9 her, der ashes vom Sama\u00fama-Baum enth\u00e4lt.<\/p>","protected":false},"featured_media":35662,"template":"","meta":{"_seopress_robots_primary_cat":"none","_seopress_titles_title":"Rap\u00e9 Sama\u00fama - Clean Yawanawa spirit - Orisha Ossain","_seopress_titles_desc":"Rap\u00e9 Sama\u00fama is a special Rap\u00e9 from the Yawanawa tribe in which the ashes of the Sama\u00fama tree are used. Sama\u00fama Rap\u00e9, Bashawa, Caneleiro,","_seopress_robots_index":"","_kad_blocks_custom_css":"","_kad_blocks_head_custom_js":"","_kad_blocks_body_custom_js":"","_kad_blocks_footer_custom_js":"","_kad_post_transparent":"default","_kad_post_title":"","_kad_post_layout":"default","_kad_post_sidebar_id":"","_kad_post_content_style":"default","_kad_post_vertical_padding":"default","_kad_post_feature":"","_kad_post_feature_position":"","_kad_post_header":false,"_kad_post_footer":false,"_kad_post_classname":""},"product_brand":[],"product_cat":[50],"product_tag":[62],"class_list":{"0":"post-296","1":"product","2":"type-product","3":"status-publish","4":"has-post-thumbnail","6":"product_cat-rape","7":"product_tag-yawanawa","9":"first","10":"instock","11":"taxable","12":"shipping-taxable","13":"purchasable","14":"product-type-variable","15":"entry","16":"content-bg","17":"loop-entry"},"taxonomy_info":{"product_cat":[{"value":50,"label":"Rap\u00e9"}],"product_tag":[{"value":62,"label":"Yawanawa"}]},"featured_image_src_large":["https:\/\/orisha-ossain.com\/wp-content\/uploads\/2024\/11\/Samauma_Orisha_Ossain.png",736,736,false],"author_info":[],"comment_info":"","_links":{"self":[{"href":"https:\/\/orisha-ossain.com\/de\/wp-json\/wp\/v2\/product\/296","targetHints":{"allow":["GET"]}}],"collection":[{"href":"https:\/\/orisha-ossain.com\/de\/wp-json\/wp\/v2\/product"}],"about":[{"href":"https:\/\/orisha-ossain.com\/de\/wp-json\/wp\/v2\/types\/product"}],"wp:featuredmedia":[{"embeddable":true,"href":"https:\/\/orisha-ossain.com\/de\/wp-json\/wp\/v2\/media\/35662"}],"wp:attachment":[{"href":"https:\/\/orisha-ossain.com\/de\/wp-json\/wp\/v2\/media?parent=296"}],"wp:term":[{"taxonomy":"product_brand","embeddable":true,"href":"https:\/\/orisha-ossain.com\/de\/wp-json\/wp\/v2\/product_brand?post=296"},{"taxonomy":"product_cat","embeddable":true,"href":"https:\/\/orisha-ossain.com\/de\/wp-json\/wp\/v2\/product_cat?post=296"},{"taxonomy":"product_tag","embeddable":true,"href":"https:\/\/orisha-ossain.com\/de\/wp-json\/wp\/v2\/product_tag?post=296"}],"curies":[{"name":"wp","href":"https:\/\/api.w.org\/{rel}","templated":true}]}}