{"id":292,"date":"2023-06-27T13:25:16","date_gmt":"2023-06-27T11:25:16","guid":{"rendered":"http:\/\/orisha-ossain.com\/?post_type=product&#038;p=292"},"modified":"2026-04-09T12:17:07","modified_gmt":"2026-04-09T10:17:07","slug":"rape-bashawa","status":"publish","type":"product","link":"https:\/\/orisha-ossain.com\/de\/product\/rape-bashawa\/","title":{"rendered":"Rap\u00e9 Bashawa"},"content":{"rendered":"<h2>Rap\u00e9 Bashawa<\/h2>\n<p>Rap\u00e9 Bashawa ist eine Variante des Schnupftabaks vom Stamm der Yawanawa. Wenn Sie die Energie des grauen rap\u00e9 der Yawanawa m\u00f6gen, werden Sie diese Erg\u00e4nzung m\u00f6gen.<br \/>\nDie Schwingungsenergie dieses Raps \u00f6ffnet die Intuition, die geistige Verbindung und die Klarheit der Gedanken.<\/p>\n<p>Eigenschaften der Pflanze: Vernarbend (f\u00f6rdert die Wundheilung oder die Bildung einer Narbe), entschlackend (reinigende und entgiftende Wirkung), hilft bei Grippe, Bronchitis und Magenproblemen und wirkt auch als Antioxidans.<\/p>","protected":false},"excerpt":{"rendered":"<p>Rap\u00e9 Bashawa ist eine Variante des Schnupftabaks vom Stamm der Yawanawa. Wenn Sie die Energie des grauen rap\u00e9 der Yawanawa m\u00f6gen, werden Sie diese Erg\u00e4nzung sch\u00e4tzen.<br \/>\nDie Schwingungsenergie dieses Rap\u00e9 \u00f6ffnet die Intuition, die geistige Verbindung und gibt den Gedanken Klarheit.<\/p>\n<p>Der Yawanawa-Stamm produziert Rap\u00e9 Bashawa, eine Schnupftabaksorte. Wenn Sie die Energie des grauen rap\u00e9 vom Yawanawa-Stamm m\u00f6gen, werden Sie diese Erg\u00e4nzung sch\u00e4tzen. Die Schwingungsenergie dieses Rap\u00e9 \u00f6ffnet die Intuition, verbessert die geistige Verbindung und bringt Klarheit in Ihre Gedanken.<\/p>","protected":false},"featured_media":35616,"template":"","meta":{"_seopress_robots_primary_cat":"none","_seopress_titles_title":"Rap\u00e9 Bashawa - Yawanawa Tribal Snuff - Orisha Ossain","_seopress_titles_desc":"Bashawa\u00a0Rap\u00e9 is a variety of Snuff from the Yawanawa tribe. If you like the energy of the grey rap\u00e9 of the Yawanawa you will appreciate this addition.","_seopress_robots_index":"","_kad_blocks_custom_css":"","_kad_blocks_head_custom_js":"","_kad_blocks_body_custom_js":"","_kad_blocks_footer_custom_js":"","_kad_post_transparent":"default","_kad_post_title":"","_kad_post_layout":"default","_kad_post_sidebar_id":"","_kad_post_content_style":"default","_kad_post_vertical_padding":"default","_kad_post_feature":"","_kad_post_feature_position":"","_kad_post_header":false,"_kad_post_footer":false,"_kad_post_classname":""},"product_brand":[],"product_cat":[50],"product_tag":[62],"class_list":{"0":"post-292","1":"product","2":"type-product","3":"status-publish","4":"has-post-thumbnail","6":"product_cat-rape","7":"product_tag-yawanawa","9":"first","10":"instock","11":"taxable","12":"shipping-taxable","13":"purchasable","14":"product-type-variable","15":"entry","16":"content-bg","17":"loop-entry"},"taxonomy_info":{"product_cat":[{"value":50,"label":"Rap\u00e9"}],"product_tag":[{"value":62,"label":"Yawanawa"}]},"featured_image_src_large":["https:\/\/orisha-ossain.com\/wp-content\/uploads\/2024\/11\/Bashawa_Orisha_Ossain.png",736,736,false],"author_info":[],"comment_info":"","_links":{"self":[{"href":"https:\/\/orisha-ossain.com\/de\/wp-json\/wp\/v2\/product\/292","targetHints":{"allow":["GET"]}}],"collection":[{"href":"https:\/\/orisha-ossain.com\/de\/wp-json\/wp\/v2\/product"}],"about":[{"href":"https:\/\/orisha-ossain.com\/de\/wp-json\/wp\/v2\/types\/product"}],"wp:featuredmedia":[{"embeddable":true,"href":"https:\/\/orisha-ossain.com\/de\/wp-json\/wp\/v2\/media\/35616"}],"wp:attachment":[{"href":"https:\/\/orisha-ossain.com\/de\/wp-json\/wp\/v2\/media?parent=292"}],"wp:term":[{"taxonomy":"product_brand","embeddable":true,"href":"https:\/\/orisha-ossain.com\/de\/wp-json\/wp\/v2\/product_brand?post=292"},{"taxonomy":"product_cat","embeddable":true,"href":"https:\/\/orisha-ossain.com\/de\/wp-json\/wp\/v2\/product_cat?post=292"},{"taxonomy":"product_tag","embeddable":true,"href":"https:\/\/orisha-ossain.com\/de\/wp-json\/wp\/v2\/product_tag?post=292"}],"curies":[{"name":"wp","href":"https:\/\/api.w.org\/{rel}","templated":true}]}}