{"id":288,"date":"2023-06-27T13:19:18","date_gmt":"2023-06-27T11:19:18","guid":{"rendered":"http:\/\/orisha-ossain.com\/?post_type=product&#038;p=288"},"modified":"2026-04-16T13:48:01","modified_gmt":"2026-04-16T11:48:01","slug":"rape-mulateiro","status":"publish","type":"product","link":"https:\/\/orisha-ossain.com\/de\/product\/rape-mulateiro\/","title":{"rendered":"Rap\u00e9 Mulateiro"},"content":{"rendered":"<h2>Rap\u00e9 Mulateiro<\/h2>\n<p>Dieser Rap\u00e9 Mulateiro Yawanawa ist ein feiner und flie\u00dfender Schnupftabak mit einem hellgrauen Aussehen, einem angenehmen Aroma und viel Kraft. Er f\u00fchlt sich in den ersten Momenten kraftvoll und energetisch an, gefolgt von einer subtilen und friedlichen Nachwirkung. Rap\u00e9 Mulateiro hilft, Gedanken loszulassen und bringt Sie in einen friedlichen Raum mit einem hohen Ma\u00df an Konzentration.<\/p>\n<p>Die Yawanawa sagen, dass Mulateiro Spannungen im rechten und linken Hirnlappen l\u00f6st und f\u00fcr ein tiefes Gleichgewicht von K\u00f6rper und Geist sorgt.<\/p>\n<p>Bashawa, Sama\u00fama, Yawa-Menta, Caneleiro und dieses Rap\u00e9 Mulateiro werden alle von der gleichen Gruppe von Yawanawa-Indianern hergestellt. Ich freue mich, sie mit ihren Rap\u00e9 in meinem Shop vertreten zu k\u00f6nnen. Hier finden Sie alle Arten von <a href=\"https:\/\/orisha-ossain.com\/de\/product-tag\/yawanawa\/\">Yawanawa rap\u00e9<\/a><\/p>\n<h2>\u00dcber Mulateiro \/ Calycophyllum spruceanum<\/h2>\n<p>Calycophyllum spruceanum geh\u00f6rt zur Familie der Rubiaceae und ist ein bis zu 30 Meter hoher Laubbaum. In Brasilien ist der Name Mulateiro oder Pau-Mulato gebr\u00e4uchlich, in Peru wird er Capirona genannt. Der Mulateiro produziert in den Sommermonaten eine F\u00fclle von wei\u00dfen, aromatischen Bl\u00fcten.<\/p>\n<p>Seine Rinde wird regelm\u00e4\u00dfig abgeworfen, um Flechten, Pilze, Epiphyten und Lianen zu vermeiden. Sie hat eine lange Tradition in der indigenen Kultur des Amazonasgebiets, einschlie\u00dflich vieler medizinischer Anwendungen. Die getrocknete Rinde eignet sich gut f\u00fcr die Behandlung von Pilzen, Parasiten, Infektionen, Wunden und Verbrennungen.  Mulateiro wird manchmal auch als zus\u00e4tzliche Zutat in amazonischem Ayahuasca verwendet.<\/p>\n<p><a href=\"http:\/\/orisha-ossain.com\/wp-content\/uploads\/2023\/06\/Calycophyllum-spruceanum-Rape-Mulateiro.jpg\"><img decoding=\"async\" class=\"aligncenter wp-image-166 size-medium\" src=\"http:\/\/orisha-ossain.com\/wp-content\/uploads\/2023\/06\/Calycophyllum-spruceanum-Rape-Mulateiro-225x300.jpg\" alt=\"R\u00f6tlicher Stamm eines gro\u00dfen rap\u00e9-Mulateiro-Baums mit blauem Hintergrund\" width=\"225\" height=\"300\" srcset=\"https:\/\/orisha-ossain.com\/wp-content\/uploads\/2023\/06\/Calycophyllum-spruceanum-Rape-Mulateiro-225x300.jpg 225w, https:\/\/orisha-ossain.com\/wp-content\/uploads\/2023\/06\/Calycophyllum-spruceanum-Rape-Mulateiro.jpg 750w\" sizes=\"(max-width: 225px) 100vw, 225px\" \/><\/a><\/p>","protected":false},"excerpt":{"rendered":"<p>Dieser Mulateiro Yawanawa bietet einen feinen und flie\u00dfenden Schnupftabak mit einem hellgrauen Aussehen, einem angenehmen Aroma und viel Kraft.<\/p>\n<p>Namen: Mulateiro, Capirona, Rap\u00e9 Pau-Mulato.<br \/>\nVolksstamm:  Yawanawa<br \/>\nHerkunft: Acre, Brasilien.<\/p>","protected":false},"featured_media":35642,"template":"","meta":{"_seopress_robots_primary_cat":"none","_seopress_titles_title":"Rap\u00e9 Mulateiro - Calycophyllum Spruceanum - Orisha Ossain","_seopress_titles_desc":"This Mulateiro Yawanawa offers a fine and flowing snuff with a light grey appearance, a pleasant aroma, and plenty of force.","_seopress_robots_index":"","_kad_blocks_custom_css":"","_kad_blocks_head_custom_js":"","_kad_blocks_body_custom_js":"","_kad_blocks_footer_custom_js":"","_kad_post_transparent":"default","_kad_post_title":"","_kad_post_layout":"default","_kad_post_sidebar_id":"","_kad_post_content_style":"default","_kad_post_vertical_padding":"default","_kad_post_feature":"","_kad_post_feature_position":"","_kad_post_header":false,"_kad_post_footer":false,"_kad_post_classname":""},"product_brand":[],"product_cat":[128,50],"product_tag":[62],"class_list":{"0":"post-288","1":"product","2":"type-product","3":"status-publish","4":"has-post-thumbnail","6":"product_cat-new","7":"product_cat-rape","8":"product_tag-yawanawa","10":"first","11":"instock","12":"taxable","13":"shipping-taxable","14":"purchasable","15":"product-type-variable","16":"entry","17":"content-bg","18":"loop-entry"},"taxonomy_info":{"product_cat":[{"value":128,"label":"New"},{"value":50,"label":"Rap\u00e9"}],"product_tag":[{"value":62,"label":"Yawanawa"}]},"featured_image_src_large":["https:\/\/orisha-ossain.com\/wp-content\/uploads\/2024\/11\/Mulateiro_Orisha_Ossain.png",736,736,false],"author_info":[],"comment_info":"","_links":{"self":[{"href":"https:\/\/orisha-ossain.com\/de\/wp-json\/wp\/v2\/product\/288","targetHints":{"allow":["GET"]}}],"collection":[{"href":"https:\/\/orisha-ossain.com\/de\/wp-json\/wp\/v2\/product"}],"about":[{"href":"https:\/\/orisha-ossain.com\/de\/wp-json\/wp\/v2\/types\/product"}],"wp:featuredmedia":[{"embeddable":true,"href":"https:\/\/orisha-ossain.com\/de\/wp-json\/wp\/v2\/media\/35642"}],"wp:attachment":[{"href":"https:\/\/orisha-ossain.com\/de\/wp-json\/wp\/v2\/media?parent=288"}],"wp:term":[{"taxonomy":"product_brand","embeddable":true,"href":"https:\/\/orisha-ossain.com\/de\/wp-json\/wp\/v2\/product_brand?post=288"},{"taxonomy":"product_cat","embeddable":true,"href":"https:\/\/orisha-ossain.com\/de\/wp-json\/wp\/v2\/product_cat?post=288"},{"taxonomy":"product_tag","embeddable":true,"href":"https:\/\/orisha-ossain.com\/de\/wp-json\/wp\/v2\/product_tag?post=288"}],"curies":[{"name":"wp","href":"https:\/\/api.w.org\/{rel}","templated":true}]}}