{"id":2550,"date":"2024-01-05T10:19:06","date_gmt":"2024-01-05T09:19:06","guid":{"rendered":"http:\/\/orisha-ossain.com\/?post_type=product&#038;p=2550"},"modified":"2026-04-16T21:16:50","modified_gmt":"2026-04-16T19:16:50","slug":"rape-ipe-roxo","status":"publish","type":"product","link":"https:\/\/orisha-ossain.com\/de\/product\/rape-ipe-roxo\/","title":{"rendered":"Rap\u00e9 Ip\u00ea Roxo"},"content":{"rendered":"<h1>Rap\u00e9 Ip\u00ea Roxo<\/h1>\n<p>Dies ist der neueste Zugang zu einer Liste von rap\u00e9-Typen, die von einer j\u00fcngeren Generation brasilianischer rap\u00e9-Liebhaber hergestellt werden. Rap\u00e9 ipe roxo wird nicht im Wald, sondern in der Stadt Sao Paulo hergestellt. Es stammt von einem jungen Caboclo-Freund von mir, dessen ausgezeichnetes Tsunu Jurema rap\u00e9 ebenfalls einen besonderen Platz in meinem Gesch\u00e4ft einnimmt.<\/p>\n<p>Rap\u00e9 Ip\u00ea Roxo nutzt den Stamm ash des Ip\u00ea Roxo-Baumes.<\/p>\n<h2>Handroanthus impetiginosus\/Ip\u00ea Roxo<\/h2>\n<p>ist ein Baum aus der Familie der Bignoniaceae, der in ganz Nord-, Mittel- und S\u00fcdamerika von Nordmexiko bis nach Nordargentinien verbreitet ist. Er gedeiht in dichten Prim\u00e4rw\u00e4ldern sowie in offenen und sekund\u00e4ren Formationen.<\/p>\n<figure id=\"attachment_2520\" aria-describedby=\"caption-attachment-2520\" style=\"width: 746px\" class=\"wp-caption aligncenter\"><a href=\"http:\/\/orisha-ossain.com\/wp-content\/uploads\/2024\/01\/Ipe-roxo.jpg\"><img decoding=\"async\" class=\"wp-image-2520 size-full\" src=\"http:\/\/orisha-ossain.com\/wp-content\/uploads\/2024\/01\/Ipe-roxo.jpg\" alt=\"Handroanthus impetiginosus \/ Rap\u00e9 Ip\u00ea Roxo\" width=\"746\" height=\"661\" srcset=\"https:\/\/orisha-ossain.com\/wp-content\/uploads\/2024\/01\/Ipe-roxo.jpg 746w, https:\/\/orisha-ossain.com\/wp-content\/uploads\/2024\/01\/Ipe-roxo-300x266.jpg 300w\" sizes=\"(max-width: 746px) 100vw, 746px\" \/><\/a><figcaption id=\"caption-attachment-2520\" class=\"wp-caption-text\">Handroanthus impetiginosus \/ Ip\u00ea Roxo<\/figcaption><\/figure>","protected":false},"excerpt":{"rendered":"<p>Rap\u00e9 Ip\u00ea Roxo verwendet den Stamm ash des Ip\u00ea Roxo Baumes. Menschen, die wissen, was ich mache und wie ich arbeite, wissen, dass alle Typen, die ich hier pr\u00e4sentiere, auf ihre besondere Art einzigartig sind. Rap\u00e9 Ip\u00ea Roxo hat einen wunderbaren Charakter, den es f\u00fcr Sie zu entdecken gilt.<\/p>","protected":false},"featured_media":35633,"template":"","meta":{"_seopress_robots_primary_cat":"none","_seopress_titles_title":"Rap\u00e9 Ipe\u0302 Roxo - Caboclo Rap\u00e9 - Orisha Ossain - High Quality Snuff","_seopress_titles_desc":"Rap\u00e9 Ipe\u0302 Roxo uses the trunk ash of the Ipe\u0302 Roxo tree. It has a wonderful character that awaits discovery.","_seopress_robots_index":"","_kad_blocks_custom_css":"","_kad_blocks_head_custom_js":"","_kad_blocks_body_custom_js":"","_kad_blocks_footer_custom_js":"","_kad_post_transparent":"default","_kad_post_title":"","_kad_post_layout":"default","_kad_post_sidebar_id":"","_kad_post_content_style":"default","_kad_post_vertical_padding":"default","_kad_post_feature":"","_kad_post_feature_position":"","_kad_post_header":false,"_kad_post_footer":false,"_kad_post_classname":""},"product_brand":[],"product_cat":[50],"product_tag":[54],"class_list":{"0":"post-2550","1":"product","2":"type-product","3":"status-publish","4":"has-post-thumbnail","6":"product_cat-rape","7":"product_tag-caboclo","9":"first","10":"instock","11":"taxable","12":"shipping-taxable","13":"purchasable","14":"product-type-variable","15":"entry","16":"content-bg","17":"loop-entry"},"taxonomy_info":{"product_cat":[{"value":50,"label":"Rap\u00e9"}],"product_tag":[{"value":54,"label":"Caboclo"}]},"featured_image_src_large":["https:\/\/orisha-ossain.com\/wp-content\/uploads\/2024\/11\/Ipe-Roxo_Orisha_Ossain.png",736,736,false],"author_info":[],"comment_info":"","_links":{"self":[{"href":"https:\/\/orisha-ossain.com\/de\/wp-json\/wp\/v2\/product\/2550","targetHints":{"allow":["GET"]}}],"collection":[{"href":"https:\/\/orisha-ossain.com\/de\/wp-json\/wp\/v2\/product"}],"about":[{"href":"https:\/\/orisha-ossain.com\/de\/wp-json\/wp\/v2\/types\/product"}],"wp:featuredmedia":[{"embeddable":true,"href":"https:\/\/orisha-ossain.com\/de\/wp-json\/wp\/v2\/media\/35633"}],"wp:attachment":[{"href":"https:\/\/orisha-ossain.com\/de\/wp-json\/wp\/v2\/media?parent=2550"}],"wp:term":[{"taxonomy":"product_brand","embeddable":true,"href":"https:\/\/orisha-ossain.com\/de\/wp-json\/wp\/v2\/product_brand?post=2550"},{"taxonomy":"product_cat","embeddable":true,"href":"https:\/\/orisha-ossain.com\/de\/wp-json\/wp\/v2\/product_cat?post=2550"},{"taxonomy":"product_tag","embeddable":true,"href":"https:\/\/orisha-ossain.com\/de\/wp-json\/wp\/v2\/product_tag?post=2550"}],"curies":[{"name":"wp","href":"https:\/\/api.w.org\/{rel}","templated":true}]}}