{"id":2516,"date":"2024-01-01T13:29:56","date_gmt":"2024-01-01T12:29:56","guid":{"rendered":"http:\/\/orisha-ossain.com\/?post_type=product&#038;p=2516"},"modified":"2026-04-06T13:07:24","modified_gmt":"2026-04-06T11:07:24","slug":"rape-sagrada","status":"publish","type":"product","link":"https:\/\/orisha-ossain.com\/de\/product\/rape-sagrada\/","title":{"rendered":"Rap\u00e9 Sagrada"},"content":{"rendered":"<h2>Rap\u00e9 Sagrada.<\/h2>\n<p>Diese rap\u00e9 Sagrada ist eine der neuesten Erg\u00e4nzungen der Kollektion. Dieses rap\u00e9 wurde von den Kaxinawa (Huni Kuin) Indianern entwickelt und hergestellt. Sagrada ist das brasilianische Wort f\u00fcr heilig. Rap\u00e9 sagrada ist ein interessantes rap\u00e9 mit pflanzlichen Untert\u00f6nen aus Nissural und Katseral.<\/p>\n<p>Rap\u00e9 sagrada ist eine komplexe Mischung aus drei verschiedenen Arten von ash, Murici, Caneleiro und San\u00fa. Diese werden mit den pulverisierten Bl\u00e4ttern der beiden historisch bekanntesten Heilkr\u00e4uter kombiniert, die von brasilianischen St\u00e4mmen verwendet werden. Diese Kr\u00e4uter sind Nissural und Katseral.<\/p>\n<p>Die Entwicklung von rap\u00e9 hat in den letzten 15 Jahren einige gro\u00dfe Ver\u00e4nderungen erfahren. Es gab viele Entwicklungen bei der Verwendung verschiedener Kr\u00e4uter und ashes.<\/p>\n<h2>Nissural und Katseral<\/h2>\n<p>Nissural ist eine Heilpflanze, die traditionell vom Stamm der Kaxinawa verwendet wird, aber auch von verschiedenen St\u00e4mmen als Bestandteil von rap\u00e9 eingesetzt wird. Nissural gilt als Heilpflanze. Nach Ansicht der Kaxinawa hat Nissural die Kraft zu heilen, egal ob es in einem Rap\u00e9 oder zum Beispiel in einem Bad verwendet wird. In ihrer Sprache bedeutet Nissu Krankheit und ral bedeutet Heilung. Es ist also der Heiler von Krankheiten.<\/p>\n<p>Nissural ist eng verwandt mit dem Kraut Katsaral (Catsaral). \u00dcber dieses wunderbare Kraut gibt es keine weiteren (wissenschaftlichen) Informationen.<\/p>\n<p>K\u00fcrzlich erhielt ich von den Herstellern von rap\u00e9 sagrada ein kurzes Video, das die Bl\u00e4tter dieser beiden eng verwandten Heilpflanzen zeigt.<\/p>\n<div style=\"width: 480px;\" class=\"wp-video\"><video class=\"wp-video-shortcode\" id=\"video-2516-1\" width=\"480\" height=\"864\" preload=\"metadata\" controls=\"controls\"><source type=\"video\/mp4\" src=\"http:\/\/orisha-ossain.com\/wp-content\/uploads\/2024\/01\/Nissural-Katseral.mp4?_=1\" \/><a href=\"http:\/\/orisha-ossain.com\/wp-content\/uploads\/2024\/01\/Nissural-Katseral.mp4\">http:\/\/orisha-ossain.com\/wp-content\/uploads\/2024\/01\/Nissural-Katseral.mp4<\/a><\/video><\/div>\n<p>Wenn Sie mehr \u00fcber den Stamm erfahren m\u00f6chten, lesen Sie bitte <a href=\"https:\/\/pib.socioambiental.org\/en\/Povo:Huni_Kuin_(Kaxinaw\u00e1)\" target=\"_blank\" rel=\"noopener\">hier<\/a>.<a href=\"http:\/\/orisha-ossain.com\/wp-content\/uploads\/2024\/01\/Huni-Kuin-15-scaled-1-2048x1367-1.jpg\"><img decoding=\"async\" class=\"alignnone wp-image-2587 size-large\" src=\"http:\/\/orisha-ossain.com\/wp-content\/uploads\/2024\/01\/Huni-Kuin-15-scaled-1-2048x1367-1-1024x684.jpg\" alt=\"Kaxinawa Indianer rap\u00e9 sagrada\" width=\"1024\" height=\"684\" srcset=\"https:\/\/orisha-ossain.com\/wp-content\/uploads\/2024\/01\/Huni-Kuin-15-scaled-1-2048x1367-1-1024x684.jpg 1024w, https:\/\/orisha-ossain.com\/wp-content\/uploads\/2024\/01\/Huni-Kuin-15-scaled-1-2048x1367-1-300x200.jpg 300w, https:\/\/orisha-ossain.com\/wp-content\/uploads\/2024\/01\/Huni-Kuin-15-scaled-1-2048x1367-1-768x513.jpg 768w, https:\/\/orisha-ossain.com\/wp-content\/uploads\/2024\/01\/Huni-Kuin-15-scaled-1-2048x1367-1-1536x1025.jpg 1536w, https:\/\/orisha-ossain.com\/wp-content\/uploads\/2024\/01\/Huni-Kuin-15-scaled-1-2048x1367-1.jpg 2048w\" sizes=\"(max-width: 1024px) 100vw, 1024px\" \/><\/a><\/p>\n<p>&nbsp;<\/p>","protected":false},"excerpt":{"rendered":"<p>Eine der neuesten Erg\u00e4nzungen der Kollektion. Direkt vom brasilianischen Kaxinaw\u00e1-Stamm.<\/p>\n<p>Rap\u00e9 sagrada ist eine komplexe Mischung aus drei verschiedenen Arten von ash, Murici, Caneleiro und San\u00fa, aber es gibt noch mehr, lesen Sie weiter unten mehr.<\/p>","protected":false},"featured_media":35661,"template":"","meta":{"_seopress_robots_primary_cat":"none","_seopress_titles_title":"Rap\u00e9 Sagrada - Kaxinaw\u00e1 - Ashes - Murici - Caneleiro - Sanu","_seopress_titles_desc":"Rap\u00e9 sagrada is a complex mix using 3 types of ash, Murici, Caneleiro, and San\u00fa, and the herbs Nissural and Katseral.","_seopress_robots_index":"","_kad_blocks_custom_css":"","_kad_blocks_head_custom_js":"","_kad_blocks_body_custom_js":"","_kad_blocks_footer_custom_js":"","_kad_post_transparent":"default","_kad_post_title":"","_kad_post_layout":"default","_kad_post_sidebar_id":"","_kad_post_content_style":"default","_kad_post_vertical_padding":"default","_kad_post_feature":"","_kad_post_feature_position":"","_kad_post_header":false,"_kad_post_footer":false,"_kad_post_classname":""},"product_brand":[],"product_cat":[50],"product_tag":[56],"class_list":{"0":"post-2516","1":"product","2":"type-product","3":"status-publish","4":"has-post-thumbnail","6":"product_cat-rape","7":"product_tag-kaxinawa","9":"first","10":"instock","11":"featured","12":"taxable","13":"shipping-taxable","14":"purchasable","15":"product-type-variable","16":"entry","17":"content-bg","18":"loop-entry"},"taxonomy_info":{"product_cat":[{"value":50,"label":"Rap\u00e9"}],"product_tag":[{"value":56,"label":"Kaxinawa"}]},"featured_image_src_large":["https:\/\/orisha-ossain.com\/wp-content\/uploads\/2024\/11\/Sagrada_Orisha_Ossain.png",736,736,false],"author_info":[],"comment_info":"","_links":{"self":[{"href":"https:\/\/orisha-ossain.com\/de\/wp-json\/wp\/v2\/product\/2516","targetHints":{"allow":["GET"]}}],"collection":[{"href":"https:\/\/orisha-ossain.com\/de\/wp-json\/wp\/v2\/product"}],"about":[{"href":"https:\/\/orisha-ossain.com\/de\/wp-json\/wp\/v2\/types\/product"}],"wp:featuredmedia":[{"embeddable":true,"href":"https:\/\/orisha-ossain.com\/de\/wp-json\/wp\/v2\/media\/35661"}],"wp:attachment":[{"href":"https:\/\/orisha-ossain.com\/de\/wp-json\/wp\/v2\/media?parent=2516"}],"wp:term":[{"taxonomy":"product_brand","embeddable":true,"href":"https:\/\/orisha-ossain.com\/de\/wp-json\/wp\/v2\/product_brand?post=2516"},{"taxonomy":"product_cat","embeddable":true,"href":"https:\/\/orisha-ossain.com\/de\/wp-json\/wp\/v2\/product_cat?post=2516"},{"taxonomy":"product_tag","embeddable":true,"href":"https:\/\/orisha-ossain.com\/de\/wp-json\/wp\/v2\/product_tag?post=2516"}],"curies":[{"name":"wp","href":"https:\/\/api.w.org\/{rel}","templated":true}]}}