{"id":230,"date":"2023-06-27T12:17:21","date_gmt":"2023-06-27T10:17:21","guid":{"rendered":"http:\/\/orisha-ossain.com\/?post_type=product&#038;p=230"},"modified":"2026-04-14T14:49:27","modified_gmt":"2026-04-14T12:49:27","slug":"rape-estrelar","status":"publish","type":"product","link":"https:\/\/orisha-ossain.com\/de\/product\/rape-estrelar\/","title":{"rendered":"Rap\u00e9 Estrelar"},"content":{"rendered":"<h2>Rap\u00e9 Estrelar<\/h2>\n<p>Mitglieder des Yawanawa-Stammes entwickelten diesen Rap\u00e9-Typ. Die Verwendung von vier verschiedenen Arten von ashes macht Rap\u00e9 Estrelar besonders. Meines Wissens hat noch niemand einen so komplexen Schnupftabak hergestellt. Dies ist der einzige Rap\u00e9, den ich kenne, mit dieser einzigartigen Art von Alchemie.<\/p>\n<ul>\n<li>Sanu<\/li>\n<li>Bashawa<\/li>\n<li>Murici<\/li>\n<li>Kakao<\/li>\n<\/ul>\n<h2>Estrelar-Symbolik<\/h2>\n<p><a href=\"http:\/\/orisha-ossain.com\/wp-content\/uploads\/2023\/06\/dream-01.png\"><img decoding=\"async\" class=\"wp-image-247 size-medium alignright\" src=\"http:\/\/orisha-ossain.com\/wp-content\/uploads\/2023\/06\/dream-01-300x300.png\" alt=\"Schamane am Flussbett tr\u00e4umt von rap\u00e9 estrelar\" width=\"300\" height=\"300\" srcset=\"https:\/\/orisha-ossain.com\/wp-content\/uploads\/2023\/06\/dream-01-300x300.png 300w, https:\/\/orisha-ossain.com\/wp-content\/uploads\/2023\/06\/dream-01-100x100.png 100w, https:\/\/orisha-ossain.com\/wp-content\/uploads\/2023\/06\/dream-01-150x150.png 150w, https:\/\/orisha-ossain.com\/wp-content\/uploads\/2023\/06\/dream-01.png 320w\" sizes=\"(max-width: 300px) 100vw, 300px\" \/><\/a><\/p>\n<ul>\n<li>Das Wort \"estrelar\" bedeutet direkt \u00fcbersetzt \"von den Sternen\" und bezieht sich auf den Morgenstern. Viele Kulturen, darunter auch die schamanistische Kultur S\u00fcdamerikas, betonen eine spirituelle Verbindung zur Symbolik des Morgensterns. Diese Verbindung r\u00fchrt daher, dass der Morgenstern die Morgend\u00e4mmerung eines neuen Tages ank\u00fcndigt und die Rolle des Schamanen widerspiegelt, der den Menschen durch Transformation und spirituelles Erwachen f\u00fchrt.<\/li>\n<li>Das Symbol des Morgensterns vermittelt eine starke, zeitlose Botschaft und ist auch heute noch von gro\u00dfer Bedeutung. Er schl\u00e4gt eine Br\u00fccke zwischen der geistigen und der materiellen Welt und symbolisiert Liebe, Licht, Gl\u00fcck und Ausgeglichenheit, erinnert uns an unsere Verbundenheit mit der Welt und spendet Trost.<\/li>\n<li>Der vierzackige Stern \u00e4hnelt einem Kreuz, das Gegens\u00e4tze vereint und f\u00fcr Gleichgewicht steht. Au\u00dferdem passt der vierzackige Stern seine Bedeutung je nach Kontext an.<\/li>\n<li>Rap\u00e9 Estrelar verbindet aktiv die geistige und die materielle Welt und verk\u00f6rpert Harmonie, G\u00fcte und Frieden.<\/li>\n<\/ul>\n<p><a href=\"http:\/\/orisha-ossain.com\/wp-content\/uploads\/2023\/06\/dream-02.png\"><img decoding=\"async\" class=\"wp-image-248 size-medium aligncenter\" src=\"http:\/\/orisha-ossain.com\/wp-content\/uploads\/2023\/06\/dream-02-300x300.png\" alt=\"Schamane am Flussbett tr\u00e4umt von rap\u00e9 estrelar\" width=\"300\" height=\"300\" srcset=\"https:\/\/orisha-ossain.com\/wp-content\/uploads\/2023\/06\/dream-02-300x300.png 300w, https:\/\/orisha-ossain.com\/wp-content\/uploads\/2023\/06\/dream-02-100x100.png 100w, https:\/\/orisha-ossain.com\/wp-content\/uploads\/2023\/06\/dream-02-150x150.png 150w, https:\/\/orisha-ossain.com\/wp-content\/uploads\/2023\/06\/dream-02.png 320w\" sizes=\"(max-width: 300px) 100vw, 300px\" \/><\/a><\/p>","protected":false},"excerpt":{"rendered":"<p>Der Yawanawa-Stamm hat k\u00fcrzlich Rap\u00e9 Estrelar entwickelt, eine neue Mischung ihres rap\u00e9. Diese Mischung enth\u00e4lt vier Arten von ash, ein bemerkenswertes Beispiel f\u00fcr Alchemie!<\/p>\n<p>Die ashes sind.<\/p>\n<ul>\n<li>Sanu<\/li>\n<li>Bashawa<\/li>\n<li>Murici<\/li>\n<li>Kakao<\/li>\n<\/ul>","protected":false},"featured_media":35630,"template":"","meta":{"_seopress_robots_primary_cat":"none","_seopress_titles_title":"Rap\u00e9 Estrelar- Incorporates 4 Types of Ash - Orisha Ossain","_seopress_titles_desc":"Rap\u00e9 Estrelar uses  4 types of ash. Very nice Alchemy! The ashes are. Sanu, Bashawa, Murici and Cacoa","_seopress_robots_index":"","_kad_blocks_custom_css":"","_kad_blocks_head_custom_js":"","_kad_blocks_body_custom_js":"","_kad_blocks_footer_custom_js":"","_kad_post_transparent":"default","_kad_post_title":"","_kad_post_layout":"default","_kad_post_sidebar_id":"","_kad_post_content_style":"default","_kad_post_vertical_padding":"default","_kad_post_feature":"","_kad_post_feature_position":"","_kad_post_header":false,"_kad_post_footer":false,"_kad_post_classname":""},"product_brand":[],"product_cat":[50],"product_tag":[62],"class_list":{"0":"post-230","1":"product","2":"type-product","3":"status-publish","4":"has-post-thumbnail","6":"product_cat-rape","7":"product_tag-yawanawa","9":"first","10":"instock","11":"taxable","12":"shipping-taxable","13":"purchasable","14":"product-type-variable","15":"entry","16":"content-bg","17":"loop-entry"},"taxonomy_info":{"product_cat":[{"value":50,"label":"Rap\u00e9"}],"product_tag":[{"value":62,"label":"Yawanawa"}]},"featured_image_src_large":["https:\/\/orisha-ossain.com\/wp-content\/uploads\/2024\/11\/Estrelar_Orisha_Ossain.png",736,736,false],"author_info":[],"comment_info":"","_links":{"self":[{"href":"https:\/\/orisha-ossain.com\/de\/wp-json\/wp\/v2\/product\/230","targetHints":{"allow":["GET"]}}],"collection":[{"href":"https:\/\/orisha-ossain.com\/de\/wp-json\/wp\/v2\/product"}],"about":[{"href":"https:\/\/orisha-ossain.com\/de\/wp-json\/wp\/v2\/types\/product"}],"wp:featuredmedia":[{"embeddable":true,"href":"https:\/\/orisha-ossain.com\/de\/wp-json\/wp\/v2\/media\/35630"}],"wp:attachment":[{"href":"https:\/\/orisha-ossain.com\/de\/wp-json\/wp\/v2\/media?parent=230"}],"wp:term":[{"taxonomy":"product_brand","embeddable":true,"href":"https:\/\/orisha-ossain.com\/de\/wp-json\/wp\/v2\/product_brand?post=230"},{"taxonomy":"product_cat","embeddable":true,"href":"https:\/\/orisha-ossain.com\/de\/wp-json\/wp\/v2\/product_cat?post=230"},{"taxonomy":"product_tag","embeddable":true,"href":"https:\/\/orisha-ossain.com\/de\/wp-json\/wp\/v2\/product_tag?post=230"}],"curies":[{"name":"wp","href":"https:\/\/api.w.org\/{rel}","templated":true}]}}