{"id":2271,"date":"2023-11-13T19:38:11","date_gmt":"2023-11-13T18:38:11","guid":{"rendered":"http:\/\/orisha-ossain.com\/?post_type=product&#038;p=2271"},"modified":"2026-04-29T13:43:29","modified_gmt":"2026-04-29T11:43:29","slug":"rape-murici-cacao","status":"publish","type":"product","link":"https:\/\/orisha-ossain.com\/de\/product\/rape-murici-cacao\/","title":{"rendered":"Rap\u00e9 Murici Kakao"},"content":{"rendered":"<h2>Rap\u00e9 Murici Kakao<\/h2>\n<p>Dieser rap\u00e9 murici Kakao des Kaxinawa-Stammes ist das Ergebnis ihrer Experimente mit der Mischung verschiedener ashes.<\/p>\n<p>Die Kaxinamwa-Indianer sagen, dass Murici eine starke, aber weibliche Energie hat, die speziell auf die h\u00f6heren Chakren wirkt. Zusammen mit einem potenten Kakao ash bringt diese Mischung eine hohe Kapazit\u00e4t von Ausdauer und Lebendigkeit, mit der Kraft der Reinigung und Entschlackung.<\/p>\n<h2>Murici &amp; Kakao ash<\/h2>\n<p>Zur Herstellung dieses Schnupftabaks werden Teile des Murici-Baums (Byrsonima Crassifolia) reduziert, gefiltert und zu wei\u00dflichem ash gereinigt. Die Kaxinamwa-Indianer sagen, dass Murici eine starke, aber weibliche Energie hat, die speziell auf die h\u00f6heren Chakren wirkt.<\/p>\n<p>Der Kakao ash stammt aus dem Stamm des wilden Kakaobaums Theobroma cacao.<\/p>\n<figure id=\"attachment_2333\" aria-describedby=\"caption-attachment-2333\" style=\"width: 225px\" class=\"wp-caption alignleft\"><a href=\"http:\/\/orisha-ossain.com\/wp-content\/uploads\/2023\/11\/Byrsonima-Crassifolia-tree.jpg\"><img decoding=\"async\" class=\"wp-image-2333 size-medium\" src=\"http:\/\/orisha-ossain.com\/wp-content\/uploads\/2023\/11\/Byrsonima-Crassifolia-tree-225x300.jpg\" alt=\"Der Byrsonima-Crassifolia-Baum ash wird f\u00fcr Murici cacao rap\u00e9 verwendet.\" width=\"225\" height=\"300\" srcset=\"https:\/\/orisha-ossain.com\/wp-content\/uploads\/2023\/11\/Byrsonima-Crassifolia-tree-225x300.jpg 225w, https:\/\/orisha-ossain.com\/wp-content\/uploads\/2023\/11\/Byrsonima-Crassifolia-tree-768x1024.jpg 768w, https:\/\/orisha-ossain.com\/wp-content\/uploads\/2023\/11\/Byrsonima-Crassifolia-tree.jpg 800w\" sizes=\"(max-width: 225px) 100vw, 225px\" \/><\/a><figcaption id=\"caption-attachment-2333\" class=\"wp-caption-text\">Murici-Baum (Byrsonima Crassifolia)<\/figcaption><\/figure>\n<figure id=\"attachment_2331\" aria-describedby=\"caption-attachment-2331\" style=\"width: 201px\" class=\"wp-caption alignright\"><a href=\"http:\/\/orisha-ossain.com\/wp-content\/uploads\/2023\/11\/theobroma-cacao-scaled.jpg\"><img decoding=\"async\" class=\"wp-image-2331 size-medium\" src=\"http:\/\/orisha-ossain.com\/wp-content\/uploads\/2023\/11\/theobroma-cacao-201x300.jpg\" alt=\"\" width=\"201\" height=\"300\" srcset=\"https:\/\/orisha-ossain.com\/wp-content\/uploads\/2023\/11\/theobroma-cacao-201x300.jpg 201w, https:\/\/orisha-ossain.com\/wp-content\/uploads\/2023\/11\/theobroma-cacao-685x1024.jpg 685w, https:\/\/orisha-ossain.com\/wp-content\/uploads\/2023\/11\/theobroma-cacao-768x1147.jpg 768w, https:\/\/orisha-ossain.com\/wp-content\/uploads\/2023\/11\/theobroma-cacao-1028x1536.jpg 1028w, https:\/\/orisha-ossain.com\/wp-content\/uploads\/2023\/11\/theobroma-cacao-1371x2048.jpg 1371w, https:\/\/orisha-ossain.com\/wp-content\/uploads\/2023\/11\/theobroma-cacao-scaled.jpg 1714w\" sizes=\"(max-width: 201px) 100vw, 201px\" \/><\/a><figcaption id=\"caption-attachment-2331\" class=\"wp-caption-text\">Wilder Theobroma-Kakaobaum<\/figcaption><\/figure>\n<p>&nbsp;<\/p>\n<p>&nbsp;<\/p>\n<p>&nbsp;<\/p>\n<p>&nbsp;<\/p>\n<p>&nbsp;<\/p>\n<p>&nbsp;<\/p>\n<p>&nbsp;<\/p>\n<h2>Stammes\u00fcbliche Verwendung<\/h2>\n<p>Der Stamm der Kaxinawa verwendet sein Rap\u00e9 f\u00fcr verschiedene Zwecke, z. B. zur Linderung von k\u00f6rperlichen Schmerzen und Kopfschmerzen und zur Reinigung der Nebenh\u00f6hlen. Au\u00dferdem setzen die Kaxinawa Rap\u00e9 zur geistigen Heilung ein, meist in Kombination mit Ges\u00e4ngen.<br \/>\nRap\u00e9 verbindet den Stamm mit den Geistern des Dschungels und kann - je nach den spezifischen Zutaten - heilen, die Konzentration steigern, die Jagd verbessern oder eine Verbindung zum Geist der Natur herstellen. Die Kaxinawa experimentieren gerne und verwenden eine breite Palette von Zutaten f\u00fcr ihr rap\u00e9.<\/p>\n<p><a href=\"http:\/\/orisha-ossain.com\/wp-content\/uploads\/2023\/11\/kaxinawa.jpg\"><img decoding=\"async\" class=\"aligncenter wp-image-2334 size-full\" src=\"http:\/\/orisha-ossain.com\/wp-content\/uploads\/2023\/11\/kaxinawa.jpg\" alt=\"Kaxinawa-Indianer rap\u00e9 murici cacao\" width=\"964\" height=\"639\" srcset=\"https:\/\/orisha-ossain.com\/wp-content\/uploads\/2023\/11\/kaxinawa.jpg 964w, https:\/\/orisha-ossain.com\/wp-content\/uploads\/2023\/11\/kaxinawa-300x199.jpg 300w, https:\/\/orisha-ossain.com\/wp-content\/uploads\/2023\/11\/kaxinawa-768x509.jpg 768w\" sizes=\"(max-width: 964px) 100vw, 964px\" \/><\/a><\/p>","protected":false},"excerpt":{"rendered":"<p>Diese rap\u00e9 Murici Cacao ist die neueste Erg\u00e4nzung aus dem kreativen Kaxinawa-Stamm. Diese Mischung vereint die wunderbaren Energien von Murici und Kakao ashes.<\/p>","protected":false},"featured_media":35647,"template":"","meta":{"_seopress_robots_primary_cat":"none","_seopress_titles_title":"Rap\u00e9 Murici Cacao - A Snuff With 2 Types of Ash - Kaxinawa","_seopress_titles_desc":"Rap\u00e9 Murici Cacao is the latest creation from the Kaxinawa tribe. This blend combines the ashes of murici and cacao.","_seopress_robots_index":"","_kad_blocks_custom_css":"","_kad_blocks_head_custom_js":"","_kad_blocks_body_custom_js":"","_kad_blocks_footer_custom_js":"","_kad_post_transparent":"default","_kad_post_title":"","_kad_post_layout":"default","_kad_post_sidebar_id":"","_kad_post_content_style":"default","_kad_post_vertical_padding":"default","_kad_post_feature":"","_kad_post_feature_position":"","_kad_post_header":false,"_kad_post_footer":false,"_kad_post_classname":""},"product_brand":[],"product_cat":[50],"product_tag":[56],"class_list":{"0":"post-2271","1":"product","2":"type-product","3":"status-publish","4":"has-post-thumbnail","6":"product_cat-rape","7":"product_tag-kaxinawa","9":"first","10":"instock","11":"taxable","12":"shipping-taxable","13":"purchasable","14":"product-type-variable","15":"entry","16":"content-bg","17":"loop-entry"},"taxonomy_info":{"product_cat":[{"value":50,"label":"Rap\u00e9"}],"product_tag":[{"value":56,"label":"Kaxinawa"}]},"featured_image_src_large":["https:\/\/orisha-ossain.com\/wp-content\/uploads\/2024\/11\/Muruci-Cacau_Orisha_Ossain.png",736,736,false],"author_info":[],"comment_info":"","_links":{"self":[{"href":"https:\/\/orisha-ossain.com\/de\/wp-json\/wp\/v2\/product\/2271","targetHints":{"allow":["GET"]}}],"collection":[{"href":"https:\/\/orisha-ossain.com\/de\/wp-json\/wp\/v2\/product"}],"about":[{"href":"https:\/\/orisha-ossain.com\/de\/wp-json\/wp\/v2\/types\/product"}],"wp:featuredmedia":[{"embeddable":true,"href":"https:\/\/orisha-ossain.com\/de\/wp-json\/wp\/v2\/media\/35647"}],"wp:attachment":[{"href":"https:\/\/orisha-ossain.com\/de\/wp-json\/wp\/v2\/media?parent=2271"}],"wp:term":[{"taxonomy":"product_brand","embeddable":true,"href":"https:\/\/orisha-ossain.com\/de\/wp-json\/wp\/v2\/product_brand?post=2271"},{"taxonomy":"product_cat","embeddable":true,"href":"https:\/\/orisha-ossain.com\/de\/wp-json\/wp\/v2\/product_cat?post=2271"},{"taxonomy":"product_tag","embeddable":true,"href":"https:\/\/orisha-ossain.com\/de\/wp-json\/wp\/v2\/product_tag?post=2271"}],"curies":[{"name":"wp","href":"https:\/\/api.w.org\/{rel}","templated":true}]}}