{"id":226,"date":"2023-06-27T12:10:05","date_gmt":"2023-06-27T10:10:05","guid":{"rendered":"http:\/\/orisha-ossain.com\/?post_type=product&#038;p=226"},"modified":"2026-04-19T02:08:19","modified_gmt":"2026-04-19T00:08:19","slug":"rape-tsunu-rasu","status":"publish","type":"product","link":"https:\/\/orisha-ossain.com\/de\/product\/rape-tsunu-rasu\/","title":{"rendered":"Rap\u00e9 Tsunu Ras\u00fa"},"content":{"rendered":"<h2>Rap\u00e9 Tsunu Ras\u00fa<\/h2>\n<p>Dies ist ein klassischer Yawanawa Tsunu rap\u00e9. Ras\u00fa, ein bekannter junger brasilianischer Yawanawa-Indianer, hat diesen Schnupftabak kreiert. Rap\u00e9 Tsunu Ras\u00fa hat ein hellbraunes Aussehen und einen seidenweichen Griff. Tsunu Ras\u00fa liefert saubere Energie mit viel Power. Im Vergleich zu anderen Tsunu Yawanawa rap\u00e9s, enth\u00e4lt Tsunu Ras\u00fa weniger Tsunu ash.<\/p>\n<p>Mit Tsunu hergestellter Schnupftabak bietet viele Vorteile. Er f\u00f6rdert die Heilung, st\u00e4rkt die geistige Kraft, reinigt die Energie und bek\u00e4mpft k\u00f6rperliche M\u00fcdigkeit.<\/p>\n<figure id=\"attachment_272\" aria-describedby=\"caption-attachment-272\" style=\"width: 300px\" class=\"wp-caption aligncenter\"><a href=\"http:\/\/orisha-ossain.com\/wp-content\/uploads\/2023\/06\/Rasu.jpg\"><img decoding=\"async\" class=\"wp-image-272 size-medium\" src=\"http:\/\/orisha-ossain.com\/wp-content\/uploads\/2023\/06\/Rasu-300x263.jpg\" alt=\"Ras\u00fa vom Stamm der Yawanawa in traditioneller Kleidung. Sch\u00f6pfer von rap\u00e9 tsunu ras\u00fa\" width=\"300\" height=\"263\" srcset=\"https:\/\/orisha-ossain.com\/wp-content\/uploads\/2023\/06\/Rasu-300x263.jpg 300w, https:\/\/orisha-ossain.com\/wp-content\/uploads\/2023\/06\/Rasu.jpg 542w\" sizes=\"(max-width: 300px) 100vw, 300px\" \/><\/a><figcaption id=\"caption-attachment-272\" class=\"wp-caption-text\">Yawanawa Ras\u00fa<\/figcaption><\/figure>","protected":false},"excerpt":{"rendered":"<p>Tsunu Ras\u00fa hat ein hellbraunes Aussehen und einen seidenweichen Griff. Tsunu Ras\u00fa liefert eine sehr saubere Energie mit viel Power. Im Vergleich zu den anderen <a href=\"http:\/\/orisha-ossain.com\/de\/product\/rape-yawanawa\/\">Tsunu Yawanawa<\/a> der Tsunu Ras\u00fa hat einen geringeren Tsunu ash-Gehalt.<\/p>","protected":false},"featured_media":35675,"template":"","meta":{"_seopress_robots_primary_cat":"none","_seopress_titles_title":"Rap\u00e9 Tsunu Ras\u00fa - Yawanawa Tribal Snuff - Orisha Ossain","_seopress_titles_desc":"Tsunu Ras\u00fa has a light brown appearance and a silky smooth touch. Tsunu Ras\u00fa gives a very clean energy with plenty of power.","_seopress_robots_index":"","_kad_blocks_custom_css":"","_kad_blocks_head_custom_js":"","_kad_blocks_body_custom_js":"","_kad_blocks_footer_custom_js":"","_kad_post_transparent":"default","_kad_post_title":"","_kad_post_layout":"default","_kad_post_sidebar_id":"","_kad_post_content_style":"default","_kad_post_vertical_padding":"default","_kad_post_feature":"","_kad_post_feature_position":"","_kad_post_header":false,"_kad_post_footer":false,"_kad_post_classname":""},"product_brand":[],"product_cat":[50],"product_tag":[62],"class_list":{"0":"post-226","1":"product","2":"type-product","3":"status-publish","4":"has-post-thumbnail","6":"product_cat-rape","7":"product_tag-yawanawa","9":"first","10":"instock","11":"taxable","12":"shipping-taxable","13":"purchasable","14":"product-type-variable","15":"entry","16":"content-bg","17":"loop-entry"},"taxonomy_info":{"product_cat":[{"value":50,"label":"Rap\u00e9"}],"product_tag":[{"value":62,"label":"Yawanawa"}]},"featured_image_src_large":["https:\/\/orisha-ossain.com\/wp-content\/uploads\/2024\/11\/Tsunu-Rasu_Orisha_Ossain.png",736,736,false],"author_info":[],"comment_info":"","_links":{"self":[{"href":"https:\/\/orisha-ossain.com\/de\/wp-json\/wp\/v2\/product\/226","targetHints":{"allow":["GET"]}}],"collection":[{"href":"https:\/\/orisha-ossain.com\/de\/wp-json\/wp\/v2\/product"}],"about":[{"href":"https:\/\/orisha-ossain.com\/de\/wp-json\/wp\/v2\/types\/product"}],"wp:featuredmedia":[{"embeddable":true,"href":"https:\/\/orisha-ossain.com\/de\/wp-json\/wp\/v2\/media\/35675"}],"wp:attachment":[{"href":"https:\/\/orisha-ossain.com\/de\/wp-json\/wp\/v2\/media?parent=226"}],"wp:term":[{"taxonomy":"product_brand","embeddable":true,"href":"https:\/\/orisha-ossain.com\/de\/wp-json\/wp\/v2\/product_brand?post=226"},{"taxonomy":"product_cat","embeddable":true,"href":"https:\/\/orisha-ossain.com\/de\/wp-json\/wp\/v2\/product_cat?post=226"},{"taxonomy":"product_tag","embeddable":true,"href":"https:\/\/orisha-ossain.com\/de\/wp-json\/wp\/v2\/product_tag?post=226"}],"curies":[{"name":"wp","href":"https:\/\/api.w.org\/{rel}","templated":true}]}}