{"id":1980,"date":"2023-09-24T13:47:33","date_gmt":"2023-09-24T11:47:33","guid":{"rendered":"http:\/\/orisha-ossain.com\/?post_type=product&#038;p=1980"},"modified":"2025-02-26T19:39:13","modified_gmt":"2025-02-26T18:39:13","slug":"dear-bone-tepi","status":"publish","type":"product","link":"https:\/\/orisha-ossain.com\/de\/product\/dear-bone-tepi\/","title":{"rendered":"Hirschknochen-Tepi"},"content":{"rendered":"<h2>Hirschknochen-Tepi<\/h2>\n<p>Die Technik, mit der der Knochen mit dem Holz verbunden wird, ist hervorragend ausgef\u00fchrt.  Die Verbindung zwischen dem Knochen und dem Holz ist wundersch\u00f6n gearbeitet. Verschiedene Stifte auf einer Seite, die mit dem anderen Teil verbunden sind, stellen eine starke Verbindung her. Diese wird dann mit dem Holz zusammengeklebt. Das macht diese St\u00fccke sehr solide, wenn sie gut behandelt werden. Paco verwendet eine Tischlertechnik, die Intarsien genannt wird, um die Holzst\u00fccke in den Knochen einzuf\u00fcgen.<\/p>\n<p><a href=\"http:\/\/orisha-ossain.com\/wp-content\/uploads\/2023\/09\/v05.jpg\"><img decoding=\"async\" class=\"aligncenter wp-image-1987 size-full\" src=\"http:\/\/orisha-ossain.com\/wp-content\/uploads\/2023\/09\/v05.jpg\" alt=\"vier liebe knochen tepi\" width=\"600\" height=\"561\" srcset=\"https:\/\/orisha-ossain.com\/wp-content\/uploads\/2023\/09\/v05.jpg 600w, https:\/\/orisha-ossain.com\/wp-content\/uploads\/2023\/09\/v05-300x281.jpg 300w\" sizes=\"(max-width: 600px) 100vw, 600px\" \/><\/a>Es handelt sich zweifelsohne um sehr wertvolle St\u00fccke, bei deren Herstellung das Augenmerk auf Einfachheit und Qualit\u00e4t gelegt wurde. Es handelt sich um zeremonielle Arten von Tepi, deren Bearbeitung viel Geschick erfordert. Paco t\u00f6tet keine Tiere, um diese Knochen zu erhalten. Er sagte mir, dass es im Moment zu kompliziert sei, an Hirschknochen zu kommen. Diese vierteilige Serie ist wahrscheinlich die letzte, die er hergestellt hat.<\/p>\n<p><a href=\"http:\/\/orisha-ossain.com\/wp-content\/uploads\/2023\/09\/v10-rotated-1.jpg\"><img decoding=\"async\" class=\"aligncenter wp-image-1992 size-full\" src=\"http:\/\/orisha-ossain.com\/wp-content\/uploads\/2023\/09\/v10-rotated-1.jpg\" alt=\"vier liebe Knochen tepi angezeigt\" width=\"600\" height=\"450\" srcset=\"https:\/\/orisha-ossain.com\/wp-content\/uploads\/2023\/09\/v10-rotated-1.jpg 600w, https:\/\/orisha-ossain.com\/wp-content\/uploads\/2023\/09\/v10-rotated-1-300x225.jpg 300w\" sizes=\"(max-width: 600px) 100vw, 600px\" \/><\/a><\/p>\n<p>Das hier vorgestellte St\u00fcck ist das Werk meines lieben Freundes Paco. Er lebt im S\u00fcden Brasiliens in der N\u00e4he von Porto Alegre. Ich habe Paco in seinem Haus im S\u00fcden besucht und einige Zeit mit ihm verbracht, um mehr \u00fcber ihn und seine Arbeit zu erfahren. Pacos Arbeitsethik ist etwas Besonderes. Das Holz, das er verwendet, stammt aus abgerissenen H\u00e4usern oder von abgestorbenen B\u00e4umen aus der Natur. Die Knochen, die er verwendet, stammen von \u00fcberfahrenen oder auf nat\u00fcrliche Weise gestorbenen Tieren. Weder Paco noch andere mussten direkt einen Baum oder ein Tier opfern, um eines seiner Kunstwerke herzustellen. Und jedes St\u00fcck, das er herstellt, ist ein Unikat. Pacos Arbeit ist ein integraler Bestandteil von Orisha Ossain.<\/p>\n<figure id=\"attachment_1352\" aria-describedby=\"caption-attachment-1352\" style=\"width: 169px\" class=\"wp-caption alignright\"><a href=\"http:\/\/orisha-ossain.com\/wp-content\/uploads\/2023\/08\/paco-01.jpg\"><img decoding=\"async\" class=\"wp-image-1352 size-medium\" src=\"http:\/\/orisha-ossain.com\/wp-content\/uploads\/2023\/08\/paco-01-169x300.jpg\" alt=\"\" width=\"169\" height=\"300\" srcset=\"https:\/\/orisha-ossain.com\/wp-content\/uploads\/2023\/08\/paco-01-169x300.jpg 169w, https:\/\/orisha-ossain.com\/wp-content\/uploads\/2023\/08\/paco-01.jpg 517w\" sizes=\"(max-width: 169px) 100vw, 169px\" \/><\/a><figcaption id=\"caption-attachment-1352\" class=\"wp-caption-text\">Drei Teile, die eine neue Kuripe bilden werden<\/figcaption><\/figure>\n<h2>Handwerkliches K\u00f6nnen<\/h2>\n<p>Die Tepi und Kuripe, die Paco herstellt, haben alle eine sehr organische Ausstrahlung. Alle St\u00fccke haben ihren eigenen Charakter. Er verwendet verschiedene Techniken, um sehr saubere und solide Verbindungen zwischen den Teilen seiner schamanischen Instrumente herzustellen. Ein h\u00e4ufiges Problem bei einer V-f\u00f6rmigen Kurpfeife ist, dass ein Teil des Schnupftabaks im Boden des Vs stecken bleibt. Pacos L\u00f6sung besteht darin, einen Boden im Inneren der Kurpfeife zu schaffen, der eine gebogene Form hat. Auf diese Weise wird immer der gesamte Schnupftabak aus dem Blasrohr geblasen. Seine St\u00fccke sind sehr kraftvoll. Im Allgemeinen ist die Blasst\u00e4rke seiner Blasrohre recht hoch und gew\u00e4hrleistet ein tiefes Eindringen des Rap\u00e9. Es handelt sich um qualitativ hochwertige St\u00fccke, die sehr lange halten werden.<\/p>\n<p>&nbsp;<\/p>\n<p>&nbsp;<\/p>\n<figure id=\"attachment_1353\" aria-describedby=\"caption-attachment-1353\" style=\"width: 169px\" class=\"wp-caption alignleft\"><a href=\"http:\/\/orisha-ossain.com\/wp-content\/uploads\/2023\/08\/paco-02.jpg\"><img decoding=\"async\" class=\"size-medium wp-image-1353\" src=\"http:\/\/orisha-ossain.com\/wp-content\/uploads\/2023\/08\/paco-02-169x300.jpg\" alt=\"\" width=\"169\" height=\"300\" srcset=\"https:\/\/orisha-ossain.com\/wp-content\/uploads\/2023\/08\/paco-02-169x300.jpg 169w, https:\/\/orisha-ossain.com\/wp-content\/uploads\/2023\/08\/paco-02.jpg 520w\" sizes=\"(max-width: 169px) 100vw, 169px\" \/><\/a><figcaption id=\"caption-attachment-1353\" class=\"wp-caption-text\">Eine Schnur aus Hirschleder ist befestigt<\/figcaption><\/figure>\n<h2>Hervorragend!<\/h2>\n<p>In der Woche, die ich mit Paco verbrachte, genoss ich die Zeit, in der ich neben ihm sa\u00df und ihm bei der Arbeit zusah. Zusammen haben wir meine neue pers\u00f6nliche Kuripe gemacht. Ich habe unsere gemeinsame Zeit sehr genossen. Um Paco ein wenig zu helfen, kaufte ich ihm einige neue Werkzeuge wie eine Holzfeile und eine Raspel. Einige seiner Werkzeuge waren einfach zu alt und bremsten ihn sehr. Paco verwendet verschiedene Arten von Holz. Von einer einheimischen Kiefernsorte \u00fcber Zimtholz bis hin zu einem amazonischen Holz namens \"Roxinho\". Alle St\u00fccke haben ihr spezifisches, einzigartiges Aussehen\/Frequenz. Das hohe Niveau der Handwerkskunst macht seine St\u00fccke au\u00dfergew\u00f6hnlich.  Einfach, organisch, sch\u00f6n und kraftvoll sind einige Worte, die ausdr\u00fccken, was ich f\u00fchle, wenn ich seine Kunst betrachte und in den H\u00e4nden halte.<\/p>\n<p>&nbsp;<\/p>\n<p>&nbsp;<\/p>\n<figure id=\"attachment_1354\" aria-describedby=\"caption-attachment-1354\" style=\"width: 170px\" class=\"wp-caption alignright\"><a href=\"http:\/\/orisha-ossain.com\/wp-content\/uploads\/2023\/08\/paco-03.jpg\"><img decoding=\"async\" class=\"wp-image-1354 size-medium\" src=\"http:\/\/orisha-ossain.com\/wp-content\/uploads\/2023\/08\/paco-03-170x300.jpg\" alt=\"\" width=\"170\" height=\"300\" srcset=\"https:\/\/orisha-ossain.com\/wp-content\/uploads\/2023\/08\/paco-03-170x300.jpg 170w, https:\/\/orisha-ossain.com\/wp-content\/uploads\/2023\/08\/paco-03.jpg 520w\" sizes=\"(max-width: 170px) 100vw, 170px\" \/><\/a><figcaption id=\"caption-attachment-1354\" class=\"wp-caption-text\">Endkontrolle<\/figcaption><\/figure>\n<h2>Sonderanfertigung<\/h2>\n<p>Paco arbeitete fr\u00fcher als Automechaniker, f\u00fchlte sich aber berufen, sein Leben v\u00f6llig zu \u00e4ndern. Zusammen mit seiner wunderbaren Frau und seiner Tochter lebt er auf dem Land und hat es geschafft, einen anderen Weg zu finden, seine Familie zu ern\u00e4hren. Sein einziges Einkommen stammt aus seiner k\u00fcnstlerischen T\u00e4tigkeit, und das bedeutet nicht, dass er am Flie\u00dfband produziert. Paco liebt den pers\u00f6nlichen Kontakt. Er m\u00f6chte eine enge Beziehung zu seinen Kunden aufbauen, damit er die Energie und die W\u00fcnsche seiner Kunden in das von ihm gefertigte Werk umsetzen kann. Wenn Sie spezielle W\u00fcnsche f\u00fcr ein Tepi oder eine Kuripe haben, die Sie gerne von ihm anfertigen lassen m\u00f6chten, kontaktieren Sie mich bitte.<\/p>\n<figure id=\"attachment_1359\" aria-describedby=\"caption-attachment-1359\" style=\"width: 300px\" class=\"wp-caption aligncenter\"><a href=\"http:\/\/orisha-ossain.com\/wp-content\/uploads\/2023\/08\/P-A-e1582819785384.jpeg\"><img decoding=\"async\" class=\"wp-image-1359 size-medium\" src=\"http:\/\/orisha-ossain.com\/wp-content\/uploads\/2023\/08\/P-A-e1582819785384-300x225.jpeg\" alt=\"\" width=\"300\" height=\"225\" srcset=\"https:\/\/orisha-ossain.com\/wp-content\/uploads\/2023\/08\/P-A-e1582819785384-300x225.jpeg 300w, https:\/\/orisha-ossain.com\/wp-content\/uploads\/2023\/08\/P-A-e1582819785384-1024x768.jpeg 1024w, https:\/\/orisha-ossain.com\/wp-content\/uploads\/2023\/08\/P-A-e1582819785384-768x576.jpeg 768w, https:\/\/orisha-ossain.com\/wp-content\/uploads\/2023\/08\/P-A-e1582819785384-1536x1152.jpeg 1536w, https:\/\/orisha-ossain.com\/wp-content\/uploads\/2023\/08\/P-A-e1582819785384.jpeg 1600w\" sizes=\"(max-width: 300px) 100vw, 300px\" \/><\/a><figcaption id=\"caption-attachment-1359\" class=\"wp-caption-text\">Paco und ich<\/figcaption><\/figure>\n<h2 style=\"text-align: center;\"><a href=\"http:\/\/orisha-ossain.com\/de\/product-category\/tepi\/\">Tepi<\/a> und Kuripe<span style=\"font-size: 16px;\">\u00a0<\/span><\/h2>\n<p style=\"text-align: center;\">Werfen Sie einen Blick auf die Kollektion von Tepi und Kuripe. Verschiedene Stile von verschiedenen K\u00fcnstlern sind verf\u00fcgbar. <a style=\"font-weight: bold; font-family: var(--global-body-font-family);\" href=\"http:\/\/orisha-ossain.com\/wp-content\/uploads\/2023\/06\/Tepi-Blessings.jpg\"><img decoding=\"async\" class=\"wp-image-55 size-medium aligncenter\" src=\"http:\/\/orisha-ossain.com\/wp-content\/uploads\/2023\/06\/Tepi-Blessings-300x199.jpg\" alt=\"Tepis erhalten Segen von ihren Sch\u00f6pfern\" width=\"300\" height=\"199\" srcset=\"https:\/\/orisha-ossain.com\/wp-content\/uploads\/2023\/06\/Tepi-Blessings-300x199.jpg 300w, https:\/\/orisha-ossain.com\/wp-content\/uploads\/2023\/06\/Tepi-Blessings.jpg 640w\" sizes=\"(max-width: 300px) 100vw, 300px\" \/><\/a><span style=\"font-size: 14px; font-family: var(--global-body-font-family);\">Tepis erhalten Segen von ihren Sch\u00f6pfern<\/span><\/p>","protected":false},"excerpt":{"rendered":"<p>Ich freue mich, diese neuen St\u00fccke von Paco vorstellen zu k\u00f6nnen. Sie sind aus Holz und Hirschknochen gefertigt. Die Knochen stammen von Hirschen, die in der Pampa in den s\u00fcdlichen Regionen Brasiliens leben.<\/p>\n<p>Diese Tepi sind ziemlich gro\u00df und haben einen kr\u00e4ftigen Schlag. Die Handwerkskunst von Pacos Arbeit ist tadellos! Wirklich atemberaubend und ein lebenslanger Schatz.<\/p>\n<p>Ungef\u00e4hr 43 cm breit<\/p>","protected":false},"featured_media":1983,"template":"","meta":{"_seopress_robots_primary_cat":"none","_seopress_titles_title":"Deer Bone Tepi - Outstanding craftmanship ! - Orisha Ossain","_seopress_titles_desc":"Bone tepi made from wood and deer bone. The bones come from  deer that live on the pampas in southern regions of Brazil.","_seopress_robots_index":"","_kad_blocks_custom_css":"","_kad_blocks_head_custom_js":"","_kad_blocks_body_custom_js":"","_kad_blocks_footer_custom_js":"","_kad_post_transparent":"default","_kad_post_title":"","_kad_post_layout":"default","_kad_post_sidebar_id":"","_kad_post_content_style":"default","_kad_post_vertical_padding":"default","_kad_post_feature":"","_kad_post_feature_position":"","_kad_post_header":false,"_kad_post_footer":false,"_kad_post_classname":""},"product_brand":[],"product_cat":[66],"product_tag":[76],"class_list":{"0":"post-1980","1":"product","2":"type-product","3":"status-publish","4":"has-post-thumbnail","6":"product_cat-tepi","7":"product_tag-tepi","9":"first","10":"instock","11":"taxable","12":"shipping-taxable","13":"purchasable","14":"product-type-variable","15":"entry","16":"content-bg","17":"loop-entry"},"taxonomy_info":{"product_cat":[{"value":66,"label":"Tepi"}],"product_tag":[{"value":76,"label":"Tepi"}]},"featured_image_src_large":["https:\/\/orisha-ossain.com\/wp-content\/uploads\/2023\/09\/v01.jpg",600,596,false],"author_info":[],"comment_info":"","_links":{"self":[{"href":"https:\/\/orisha-ossain.com\/de\/wp-json\/wp\/v2\/product\/1980","targetHints":{"allow":["GET"]}}],"collection":[{"href":"https:\/\/orisha-ossain.com\/de\/wp-json\/wp\/v2\/product"}],"about":[{"href":"https:\/\/orisha-ossain.com\/de\/wp-json\/wp\/v2\/types\/product"}],"wp:featuredmedia":[{"embeddable":true,"href":"https:\/\/orisha-ossain.com\/de\/wp-json\/wp\/v2\/media\/1983"}],"wp:attachment":[{"href":"https:\/\/orisha-ossain.com\/de\/wp-json\/wp\/v2\/media?parent=1980"}],"wp:term":[{"taxonomy":"product_brand","embeddable":true,"href":"https:\/\/orisha-ossain.com\/de\/wp-json\/wp\/v2\/product_brand?post=1980"},{"taxonomy":"product_cat","embeddable":true,"href":"https:\/\/orisha-ossain.com\/de\/wp-json\/wp\/v2\/product_cat?post=1980"},{"taxonomy":"product_tag","embeddable":true,"href":"https:\/\/orisha-ossain.com\/de\/wp-json\/wp\/v2\/product_tag?post=1980"}],"curies":[{"name":"wp","href":"https:\/\/api.w.org\/{rel}","templated":true}]}}