{"id":1913,"date":"2023-09-16T12:09:06","date_gmt":"2023-09-16T10:09:06","guid":{"rendered":"http:\/\/orisha-ossain.com\/?post_type=product&#038;p=1913"},"modified":"2025-05-21T11:01:16","modified_gmt":"2025-05-21T09:01:16","slug":"incense-burner-small-nickel","status":"publish","type":"product","link":"https:\/\/orisha-ossain.com\/de\/product\/incense-burner-small-nickel\/","title":{"rendered":"Weihrauchbrenner - Klein\/Nickel"},"content":{"rendered":"<p>Klassischer Weihrauchbrenner zum Beduften Ihres Hauses. Kann mit Kr\u00e4utern verwendet werden, <a href=\"http:\/\/orisha-ossain.com\/wp-admin\/edit.php?product_cat=mt-athos-incense&amp;post_type=product\">Weihrauch Antonit<\/a>und <a href=\"http:\/\/orisha-ossain.com\/wp-admin\/edit.php?product_cat=frankincense&amp;post_type=product\">Weihrauch<\/a>.<\/p>\n<p>Achten Sie darauf, die H\u00f6he der oberen Plattform zu verstellen, wenn Ihr Teelicht \u00fcber einen l\u00e4ngeren Zeitraum brennt. Der Lockerungsknopf wird hei\u00df.<\/p>\n<p>Um zu verhindern, dass der Weihrauchschirm schmutzig wird, k\u00f6nnen Sie ihn mit einer Schicht Aluminiumfolie abdecken.<\/p>\n<p>Dieser Brenner wird ohne Teelicht geliefert. Vielleicht m\u00f6chten Sie ein <a href=\"http:\/\/orisha-ossain.com\/de\/product\/incense-tweezer\/\">Weihrauchpinzette.<\/a><\/p>","protected":false},"excerpt":{"rendered":"<p>Sch\u00f6ner kompakter Weihrauchbrenner. Einstellbar in der H\u00f6he mit einem abnehmbaren Bildschirm.<\/p>\n<p>Material; Vernickeltes Messing<br \/>\nDurchmesser; 8 cm<br \/>\nH\u00f6he; 12 cm<\/p>\n<p>&nbsp;<\/p>","protected":false},"featured_media":1911,"template":"","meta":{"_seopress_robots_primary_cat":"none","_seopress_titles_title":"","_seopress_titles_desc":"","_seopress_robots_index":"","_kad_blocks_custom_css":"","_kad_blocks_head_custom_js":"","_kad_blocks_body_custom_js":"","_kad_blocks_footer_custom_js":"","_kad_post_transparent":"default","_kad_post_title":"","_kad_post_layout":"default","_kad_post_sidebar_id":"","_kad_post_content_style":"default","_kad_post_vertical_padding":"default","_kad_post_feature":"","_kad_post_feature_position":"","_kad_post_header":false,"_kad_post_footer":false,"_kad_post_classname":""},"product_brand":[],"product_cat":[126],"product_tag":[115,79,117],"class_list":{"0":"post-1913","1":"product","2":"type-product","3":"status-publish","4":"has-post-thumbnail","6":"product_cat-incense-burners","7":"product_tag-frankinsence","8":"product_tag-incense","9":"product_tag-incense-burner","11":"first","12":"instock","13":"taxable","14":"shipping-taxable","15":"purchasable","16":"product-type-simple","17":"entry","18":"content-bg","19":"loop-entry"},"taxonomy_info":{"product_cat":[{"value":126,"label":"Incense Burners"}],"product_tag":[{"value":115,"label":"Frankinsence"},{"value":79,"label":"Incense"},{"value":117,"label":"Incense Burner"}]},"featured_image_src_large":["https:\/\/orisha-ossain.com\/wp-content\/uploads\/2023\/09\/ns01-1024x1024.jpg",1024,1024,true],"author_info":[],"comment_info":"","_links":{"self":[{"href":"https:\/\/orisha-ossain.com\/de\/wp-json\/wp\/v2\/product\/1913","targetHints":{"allow":["GET"]}}],"collection":[{"href":"https:\/\/orisha-ossain.com\/de\/wp-json\/wp\/v2\/product"}],"about":[{"href":"https:\/\/orisha-ossain.com\/de\/wp-json\/wp\/v2\/types\/product"}],"wp:featuredmedia":[{"embeddable":true,"href":"https:\/\/orisha-ossain.com\/de\/wp-json\/wp\/v2\/media\/1911"}],"wp:attachment":[{"href":"https:\/\/orisha-ossain.com\/de\/wp-json\/wp\/v2\/media?parent=1913"}],"wp:term":[{"taxonomy":"product_brand","embeddable":true,"href":"https:\/\/orisha-ossain.com\/de\/wp-json\/wp\/v2\/product_brand?post=1913"},{"taxonomy":"product_cat","embeddable":true,"href":"https:\/\/orisha-ossain.com\/de\/wp-json\/wp\/v2\/product_cat?post=1913"},{"taxonomy":"product_tag","embeddable":true,"href":"https:\/\/orisha-ossain.com\/de\/wp-json\/wp\/v2\/product_tag?post=1913"}],"curies":[{"name":"wp","href":"https:\/\/api.w.org\/{rel}","templated":true}]}}