{"id":1819,"date":"2023-09-21T20:11:11","date_gmt":"2023-09-21T18:11:11","guid":{"rendered":"http:\/\/orisha-ossain.com\/?post_type=product&#038;p=1819"},"modified":"2026-02-20T14:34:18","modified_gmt":"2026-02-20T13:34:18","slug":"amber-incense","status":"publish","type":"product","link":"https:\/\/orisha-ossain.com\/de\/product\/amber-incense\/","title":{"rendered":"Bernstein Weihrauch"},"content":{"rendered":"<h2>Bernstein Weihrauch<\/h2>\n<p>Bernstein-R\u00e4ucherst\u00e4bchen sind eine luxuri\u00f6se Mischung aus der reichen, harzigen Essenz des Bernsteins, der f\u00fcr sein warmes, erdiges und leicht s\u00fc\u00dfliches Aroma bekannt ist. Dieser zeitlose Duft, der f\u00fcr seine beruhigenden und erdenden Eigenschaften verehrt wird, f\u00fcllt Ihren Raum mit einem Gef\u00fchl der Ruhe und spirituellen Tiefe.<\/p>\n<p>Handgefertigt aus nat\u00fcrlichen Harzen und aromatischen \u00d6len eignet sich Amber Incense perfekt f\u00fcr die Meditation, das Gebet oder die Schaffung einer gem\u00fctlichen und einladenden Atmosph\u00e4re. Seine langsame, gleichm\u00e4\u00dfige Verbrennung setzt einen fesselnden Duft frei, der lange anh\u00e4lt und jede Umgebung in ein Heiligtum des Friedens und der Entspannung verwandelt.<\/p>\n<h2><a href=\"http:\/\/orisha-ossain.com\/wp-content\/uploads\/2023\/08\/ath01.jpg\"><img decoding=\"async\" class=\"size-medium wp-image-1627 aligncenter\" src=\"http:\/\/orisha-ossain.com\/wp-content\/uploads\/2023\/08\/ath01-300x300.jpg\" alt=\"\" width=\"300\" height=\"300\" srcset=\"https:\/\/orisha-ossain.com\/wp-content\/uploads\/2023\/08\/ath01-300x300.jpg 300w, https:\/\/orisha-ossain.com\/wp-content\/uploads\/2023\/08\/ath01-1024x1024.jpg 1024w, https:\/\/orisha-ossain.com\/wp-content\/uploads\/2023\/08\/ath01-150x150.jpg 150w, https:\/\/orisha-ossain.com\/wp-content\/uploads\/2023\/08\/ath01-768x768.jpg 768w, https:\/\/orisha-ossain.com\/wp-content\/uploads\/2023\/08\/ath01-465x465.jpg 465w, https:\/\/orisha-ossain.com\/wp-content\/uploads\/2023\/08\/ath01-100x100.jpg 100w, https:\/\/orisha-ossain.com\/wp-content\/uploads\/2023\/08\/ath01.jpg 1500w\" sizes=\"(max-width: 300px) 100vw, 300px\" \/><\/a><\/h2>\n<h2>Berg Athos Weihrauch<\/h2>\n<p>Der vom Berg Athos stammende Weihrauch wird in einer Vielzahl orthodoxer Kl\u00f6ster auf der Halbinsel hergestellt. F\u00fcr die M\u00f6nche ist die Herstellung ihres Weihrauchs Teil ihrer religi\u00f6sen Meditationspraxis. In Stille und Gebet werden ihre hochwertigen Mischungen hergestellt. <a href=\"http:\/\/orisha-ossain.com\/wp-content\/uploads\/2023\/07\/Athos.jpg\"><img decoding=\"async\" class=\"aligncenter wp-image-809\" src=\"http:\/\/orisha-ossain.com\/wp-content\/uploads\/2023\/07\/Athos-1024x768.jpg\" alt=\"Herstellung von Weihrauch auf dem Berg Athos\" width=\"750\" height=\"563\" srcset=\"https:\/\/orisha-ossain.com\/wp-content\/uploads\/2023\/07\/Athos-1024x768.jpg 1024w, https:\/\/orisha-ossain.com\/wp-content\/uploads\/2023\/07\/Athos-300x225.jpg 300w, https:\/\/orisha-ossain.com\/wp-content\/uploads\/2023\/07\/Athos-768x576.jpg 768w, https:\/\/orisha-ossain.com\/wp-content\/uploads\/2023\/07\/Athos-1536x1152.jpg 1536w, https:\/\/orisha-ossain.com\/wp-content\/uploads\/2023\/07\/Athos.jpg 1600w\" sizes=\"(max-width: 750px) 100vw, 750px\" \/><\/a><\/p>\n<h2>Berg Athos<\/h2>\n<p>Der Berg Athos (Heiliger Berg) ist ein Berg auf der Halbinsel Athos im Nordosten Griechenlands. Er ist ein wichtiges Zentrum des orthodoxen M\u00f6nchtums. Der Berg und der gr\u00f6\u00dfte Teil der Athos-Halbinsel werden als autonome Region in Griechenland von der M\u00f6nchsgemeinschaft des Berges Athos verwaltet.<\/p>\n<figure id=\"attachment_827\" aria-describedby=\"caption-attachment-827\" style=\"width: 600px\" class=\"wp-caption aligncenter\"><a href=\"http:\/\/orisha-ossain.com\/wp-content\/uploads\/2023\/07\/mount-athos.jpg\"><img decoding=\"async\" class=\"wp-image-827\" src=\"http:\/\/orisha-ossain.com\/wp-content\/uploads\/2023\/07\/mount-athos-1024x536.jpg\" alt=\"Der Berg Athos aus der Vogelperspektive. Ber\u00fchmt f\u00fcr seinen Berg Athos Weihrauch\" width=\"600\" height=\"314\" srcset=\"https:\/\/orisha-ossain.com\/wp-content\/uploads\/2023\/07\/mount-athos-1024x536.jpg 1024w, https:\/\/orisha-ossain.com\/wp-content\/uploads\/2023\/07\/mount-athos-300x157.jpg 300w, https:\/\/orisha-ossain.com\/wp-content\/uploads\/2023\/07\/mount-athos-768x402.jpg 768w, https:\/\/orisha-ossain.com\/wp-content\/uploads\/2023\/07\/mount-athos.jpg 1200w\" sizes=\"(max-width: 600px) 100vw, 600px\" \/><\/a><figcaption id=\"caption-attachment-827\" class=\"wp-caption-text\">Berg Athos<\/figcaption><\/figure>\n<p>Der Berg Athos ist seit der Antike bewohnt und bekannt f\u00fcr seine lange christliche Pr\u00e4senz und die historischen kl\u00f6sterlichen Traditionen, die bis mindestens 800 n. Chr. in die byzantinische Zeit zur\u00fcckreichen. Aufgrund seiner langen religi\u00f6sen Geschichte, der gut erhaltenen landwirtschaftlichen Architektur in den Kl\u00f6stern und der Erhaltung der Flora und Fauna um den Berg herum wurde der Berg Athos in die Liste der\u00a0<a href=\"https:\/\/whc.unesco.org\/en\/list\/454\/\">UNESCO-Welterbeliste\u00a0<\/a>im Jahr 1988.<\/p>","protected":false},"excerpt":{"rendered":"<p>Handgefertigter Bernstein-R\u00e4ucherst\u00e4bchen, hergestellt von den M\u00f6nchen des Berges Athos in Griechenland unter Verwendung eines authentischen athonitischen Rezeptes und nur hochwertiger Materialien aus Griechenland.<\/p>\n<p>Ein s\u00fc\u00dfer Vanilleduft, begleitet von Zitrusfr\u00fcchten und einem Hauch von Sandelholz.<\/p>","protected":false},"featured_media":1628,"template":"","meta":{"_seopress_robots_primary_cat":"none","_seopress_titles_title":"%%post_title%% - Mount Athos Greece -Orisha Ossain","_seopress_titles_desc":"Amber incense is a luxurious blend crafted with the rich, resinous essence of amber, known for its warm, earthy, and slightly sweet aroma.","_seopress_robots_index":"","_kad_blocks_custom_css":"","_kad_blocks_head_custom_js":"","_kad_blocks_body_custom_js":"","_kad_blocks_footer_custom_js":"","_kad_post_transparent":"default","_kad_post_title":"","_kad_post_layout":"default","_kad_post_sidebar_id":"","_kad_post_content_style":"default","_kad_post_vertical_padding":"default","_kad_post_feature":"","_kad_post_feature_position":"","_kad_post_header":false,"_kad_post_footer":false,"_kad_post_classname":""},"product_brand":[],"product_cat":[125,102],"product_tag":[115,79,117],"class_list":{"0":"post-1819","1":"product","2":"type-product","3":"status-publish","4":"has-post-thumbnail","6":"product_cat-incense","7":"product_cat-mt-athos-incense","8":"product_tag-frankinsence","9":"product_tag-incense","10":"product_tag-incense-burner","12":"first","13":"outofstock","14":"taxable","15":"shipping-taxable","16":"purchasable","17":"product-type-variable","18":"entry","19":"content-bg","20":"loop-entry"},"taxonomy_info":{"product_cat":[{"value":125,"label":"Incense"},{"value":102,"label":"Mt. Athos Incense"}],"product_tag":[{"value":115,"label":"Frankinsence"},{"value":79,"label":"Incense"},{"value":117,"label":"Incense Burner"}]},"featured_image_src_large":["https:\/\/orisha-ossain.com\/wp-content\/uploads\/2023\/08\/ATHH001-1024x1024.jpg",1024,1024,true],"author_info":[],"comment_info":"","_links":{"self":[{"href":"https:\/\/orisha-ossain.com\/de\/wp-json\/wp\/v2\/product\/1819","targetHints":{"allow":["GET"]}}],"collection":[{"href":"https:\/\/orisha-ossain.com\/de\/wp-json\/wp\/v2\/product"}],"about":[{"href":"https:\/\/orisha-ossain.com\/de\/wp-json\/wp\/v2\/types\/product"}],"wp:featuredmedia":[{"embeddable":true,"href":"https:\/\/orisha-ossain.com\/de\/wp-json\/wp\/v2\/media\/1628"}],"wp:attachment":[{"href":"https:\/\/orisha-ossain.com\/de\/wp-json\/wp\/v2\/media?parent=1819"}],"wp:term":[{"taxonomy":"product_brand","embeddable":true,"href":"https:\/\/orisha-ossain.com\/de\/wp-json\/wp\/v2\/product_brand?post=1819"},{"taxonomy":"product_cat","embeddable":true,"href":"https:\/\/orisha-ossain.com\/de\/wp-json\/wp\/v2\/product_cat?post=1819"},{"taxonomy":"product_tag","embeddable":true,"href":"https:\/\/orisha-ossain.com\/de\/wp-json\/wp\/v2\/product_tag?post=1819"}],"curies":[{"name":"wp","href":"https:\/\/api.w.org\/{rel}","templated":true}]}}