{"id":1814,"date":"2023-09-21T20:11:11","date_gmt":"2023-09-21T18:11:11","guid":{"rendered":"http:\/\/orisha-ossain.com\/?post_type=product&#038;p=1814"},"modified":"2024-11-14T20:44:37","modified_gmt":"2024-11-14T19:44:37","slug":"jerusalem-incense","status":"publish","type":"product","link":"https:\/\/orisha-ossain.com\/de\/product\/jerusalem-incense\/","title":{"rendered":"Weihrauch Jerusalem"},"content":{"rendered":"<h2>Weihrauch Jerusalem<\/h2>\n<p>Jerusalemer Weihrauch vom Berg Athos ist eine g\u00f6ttliche Mischung aus nat\u00fcrlichen Harzen, aromatischen \u00d6len und der zarten Essenz der Rose, die von M\u00f6nchen nach alter athonitischer Tradition hergestellt wird. Dieser Weihrauch kombiniert die s\u00fc\u00dfen blumigen Noten der Rose mit der W\u00e4rme des Weihrauchs und der Tiefe anderer heiliger Inhaltsstoffe, wodurch ein reiches und spirituell erhebendes Aroma entsteht.<\/p>\n<p>Die R\u00e4ucherst\u00e4bchen von Jerusalem sollen die Heiligkeit und den Frieden heiliger Orte heraufbeschw\u00f6ren. Sie eignen sich perfekt f\u00fcr Gebete, Meditation oder die Schaffung einer heiligen Atmosph\u00e4re in Ihrem Zuhause. Seine langsame Verbrennung sorgt f\u00fcr einen lang anhaltenden Duft und verbindet Sie mit den zeitlosen Traditionen des Glaubens und der Hingabe. Erleben Sie die heitere Sch\u00f6nheit dieser heiligen Mischung, die vom Geist Jerusalems inspiriert ist.<\/p>\n<h2><a href=\"http:\/\/orisha-ossain.com\/wp-content\/uploads\/2023\/08\/ath01.jpg\"><img decoding=\"async\" class=\"size-medium wp-image-1627 aligncenter\" src=\"http:\/\/orisha-ossain.com\/wp-content\/uploads\/2023\/08\/ath01-300x300.jpg\" alt=\"\" width=\"300\" height=\"300\" srcset=\"https:\/\/orisha-ossain.com\/wp-content\/uploads\/2023\/08\/ath01-300x300.jpg 300w, https:\/\/orisha-ossain.com\/wp-content\/uploads\/2023\/08\/ath01-1024x1024.jpg 1024w, https:\/\/orisha-ossain.com\/wp-content\/uploads\/2023\/08\/ath01-150x150.jpg 150w, https:\/\/orisha-ossain.com\/wp-content\/uploads\/2023\/08\/ath01-768x768.jpg 768w, https:\/\/orisha-ossain.com\/wp-content\/uploads\/2023\/08\/ath01-465x465.jpg 465w, https:\/\/orisha-ossain.com\/wp-content\/uploads\/2023\/08\/ath01-100x100.jpg 100w, https:\/\/orisha-ossain.com\/wp-content\/uploads\/2023\/08\/ath01.jpg 1500w\" sizes=\"(max-width: 300px) 100vw, 300px\" \/><\/a><\/h2>\n<h2>Berg Athos Weihrauch<\/h2>\n<p>Der vom Berg Athos stammende Weihrauch wird in einer Vielzahl orthodoxer Kl\u00f6ster auf der Halbinsel hergestellt. F\u00fcr die M\u00f6nche ist die Herstellung ihres Weihrauchs Teil ihrer religi\u00f6sen Meditationspraxis. In Stille und Gebet werden ihre hochwertigen Mischungen hergestellt. <a href=\"http:\/\/orisha-ossain.com\/wp-content\/uploads\/2023\/07\/Athos.jpg\"><img decoding=\"async\" class=\"aligncenter wp-image-809\" src=\"http:\/\/orisha-ossain.com\/wp-content\/uploads\/2023\/07\/Athos-1024x768.jpg\" alt=\"Herstellung von Weihrauch auf dem Berg Athos\" width=\"750\" height=\"563\" srcset=\"https:\/\/orisha-ossain.com\/wp-content\/uploads\/2023\/07\/Athos-1024x768.jpg 1024w, https:\/\/orisha-ossain.com\/wp-content\/uploads\/2023\/07\/Athos-300x225.jpg 300w, https:\/\/orisha-ossain.com\/wp-content\/uploads\/2023\/07\/Athos-768x576.jpg 768w, https:\/\/orisha-ossain.com\/wp-content\/uploads\/2023\/07\/Athos-1536x1152.jpg 1536w, https:\/\/orisha-ossain.com\/wp-content\/uploads\/2023\/07\/Athos.jpg 1600w\" sizes=\"(max-width: 750px) 100vw, 750px\" \/><\/a><\/p>\n<h2>Berg Athos<\/h2>\n<p>Der Berg Athos (Heiliger Berg) ist ein Berg auf der Halbinsel Athos im Nordosten Griechenlands. Er ist ein wichtiges Zentrum des orthodoxen M\u00f6nchtums. Der Berg und der gr\u00f6\u00dfte Teil der Athos-Halbinsel werden als autonome Region in Griechenland von der M\u00f6nchsgemeinschaft des Berges Athos verwaltet.<\/p>\n<figure id=\"attachment_827\" aria-describedby=\"caption-attachment-827\" style=\"width: 600px\" class=\"wp-caption aligncenter\"><a href=\"http:\/\/orisha-ossain.com\/wp-content\/uploads\/2023\/07\/mount-athos.jpg\"><img decoding=\"async\" class=\"wp-image-827\" src=\"http:\/\/orisha-ossain.com\/wp-content\/uploads\/2023\/07\/mount-athos-1024x536.jpg\" alt=\"Der Berg Athos aus der Vogelperspektive. Ber\u00fchmt f\u00fcr seinen Berg Athos Weihrauch\" width=\"600\" height=\"314\" srcset=\"https:\/\/orisha-ossain.com\/wp-content\/uploads\/2023\/07\/mount-athos-1024x536.jpg 1024w, https:\/\/orisha-ossain.com\/wp-content\/uploads\/2023\/07\/mount-athos-300x157.jpg 300w, https:\/\/orisha-ossain.com\/wp-content\/uploads\/2023\/07\/mount-athos-768x402.jpg 768w, https:\/\/orisha-ossain.com\/wp-content\/uploads\/2023\/07\/mount-athos.jpg 1200w\" sizes=\"(max-width: 600px) 100vw, 600px\" \/><\/a><figcaption id=\"caption-attachment-827\" class=\"wp-caption-text\">Berg Athos<\/figcaption><\/figure>\n<p>Der Berg Athos ist seit der Antike bewohnt und bekannt f\u00fcr seine lange christliche Pr\u00e4senz und die historischen kl\u00f6sterlichen Traditionen, die bis mindestens 800 n. Chr. in die byzantinische Zeit zur\u00fcckreichen. Aufgrund seiner langen religi\u00f6sen Geschichte, der gut erhaltenen landwirtschaftlichen Architektur in den Kl\u00f6stern und der Erhaltung der Flora und Fauna um den Berg herum wurde der Berg Athos in die Liste der\u00a0<a href=\"https:\/\/whc.unesco.org\/en\/list\/454\/\">UNESCO-Welterbeliste\u00a0<\/a>im Jahr 1988.<\/p>","protected":false},"excerpt":{"rendered":"<p>Eine kr\u00e4ftige Rosenpr\u00e4senz, gemischt mit warmen Beeren und einem Hauch von Honig<\/p>","protected":false},"featured_media":1628,"template":"","meta":{"_seopress_robots_primary_cat":"none","_seopress_titles_title":"%%post_title%% - %%sitetitle%%","_seopress_titles_desc":"%%post_excerpt%%","_seopress_robots_index":"","_kad_blocks_custom_css":"","_kad_blocks_head_custom_js":"","_kad_blocks_body_custom_js":"","_kad_blocks_footer_custom_js":"","_kad_post_transparent":"default","_kad_post_title":"","_kad_post_layout":"default","_kad_post_sidebar_id":"","_kad_post_content_style":"default","_kad_post_vertical_padding":"default","_kad_post_feature":"","_kad_post_feature_position":"","_kad_post_header":false,"_kad_post_footer":false,"_kad_post_classname":""},"product_brand":[],"product_cat":[102],"product_tag":[115,79,117],"class_list":{"0":"post-1814","1":"product","2":"type-product","3":"status-publish","4":"has-post-thumbnail","6":"product_cat-mt-athos-incense","7":"product_tag-frankinsence","8":"product_tag-incense","9":"product_tag-incense-burner","11":"first","12":"instock","13":"taxable","14":"shipping-taxable","15":"purchasable","16":"product-type-variable","17":"entry","18":"content-bg","19":"loop-entry"},"taxonomy_info":{"product_cat":[{"value":102,"label":"Mt. Athos Incense"}],"product_tag":[{"value":115,"label":"Frankinsence"},{"value":79,"label":"Incense"},{"value":117,"label":"Incense Burner"}]},"featured_image_src_large":["https:\/\/orisha-ossain.com\/wp-content\/uploads\/2023\/08\/ATHH001-1024x1024.jpg",1024,1024,true],"author_info":[],"comment_info":"","_links":{"self":[{"href":"https:\/\/orisha-ossain.com\/de\/wp-json\/wp\/v2\/product\/1814","targetHints":{"allow":["GET"]}}],"collection":[{"href":"https:\/\/orisha-ossain.com\/de\/wp-json\/wp\/v2\/product"}],"about":[{"href":"https:\/\/orisha-ossain.com\/de\/wp-json\/wp\/v2\/types\/product"}],"wp:featuredmedia":[{"embeddable":true,"href":"https:\/\/orisha-ossain.com\/de\/wp-json\/wp\/v2\/media\/1628"}],"wp:attachment":[{"href":"https:\/\/orisha-ossain.com\/de\/wp-json\/wp\/v2\/media?parent=1814"}],"wp:term":[{"taxonomy":"product_brand","embeddable":true,"href":"https:\/\/orisha-ossain.com\/de\/wp-json\/wp\/v2\/product_brand?post=1814"},{"taxonomy":"product_cat","embeddable":true,"href":"https:\/\/orisha-ossain.com\/de\/wp-json\/wp\/v2\/product_cat?post=1814"},{"taxonomy":"product_tag","embeddable":true,"href":"https:\/\/orisha-ossain.com\/de\/wp-json\/wp\/v2\/product_tag?post=1814"}],"curies":[{"name":"wp","href":"https:\/\/api.w.org\/{rel}","templated":true}]}}