{"id":1799,"date":"2023-09-21T20:11:12","date_gmt":"2023-09-21T18:11:12","guid":{"rendered":"http:\/\/orisha-ossain.com\/?post_type=product&#038;p=1799"},"modified":"2024-11-14T20:39:18","modified_gmt":"2024-11-14T19:39:18","slug":"gazia-incense","status":"publish","type":"product","link":"https:\/\/orisha-ossain.com\/de\/product\/gazia-incense\/","title":{"rendered":"Gazia Weihrauch"},"content":{"rendered":"<h2>Gazia Weihrauch<\/h2>\n<p>Gazia Incense ist eine einzigartige Aromamischung, die von den zeitlosen Traditionen des Berges Athos inspiriert ist. Sie wird von den Klostergemeinschaften in Handarbeit hergestellt und enth\u00e4lt die unverwechselbare Essenz der Gazia-Bl\u00fcten, gemischt mit nat\u00fcrlichen Harzen und \u00e4therischen \u00d6len, um einen warmen und einladenden Duft zu erzeugen.<\/p>\n<h2><strong>\u00dcber das Werk Gazia<\/strong><\/h2>\n<p>Die Gazia-Pflanze, auch bekannt als Kap-Jasmin (<em>Gardenie Thunbergia<\/em>), wird f\u00fcr ihre zarten, s\u00fc\u00dflich duftenden Bl\u00fcten gesch\u00e4tzt. Die in S\u00fcdafrika beheimateten Gazienbl\u00fcten sind f\u00fcr ihre cremigen Bl\u00fctenbl\u00e4tter und ihr reiches Aroma bekannt und symbolisieren Reinheit und geistige Gelassenheit. Die Essenz der Gazia-Bl\u00fcten wird in R\u00e4ucherst\u00e4bchen verwendet, um Ruhe zu verbreiten und den Geist zu erheben,<\/p>\n<h2><a href=\"http:\/\/orisha-ossain.com\/wp-content\/uploads\/2023\/08\/ath01.jpg\"><img decoding=\"async\" class=\"size-medium wp-image-1627 aligncenter\" src=\"http:\/\/orisha-ossain.com\/wp-content\/uploads\/2023\/08\/ath01-300x300.jpg\" alt=\"\" width=\"300\" height=\"300\" srcset=\"https:\/\/orisha-ossain.com\/wp-content\/uploads\/2023\/08\/ath01-300x300.jpg 300w, https:\/\/orisha-ossain.com\/wp-content\/uploads\/2023\/08\/ath01-1024x1024.jpg 1024w, https:\/\/orisha-ossain.com\/wp-content\/uploads\/2023\/08\/ath01-150x150.jpg 150w, https:\/\/orisha-ossain.com\/wp-content\/uploads\/2023\/08\/ath01-768x768.jpg 768w, https:\/\/orisha-ossain.com\/wp-content\/uploads\/2023\/08\/ath01-465x465.jpg 465w, https:\/\/orisha-ossain.com\/wp-content\/uploads\/2023\/08\/ath01-100x100.jpg 100w, https:\/\/orisha-ossain.com\/wp-content\/uploads\/2023\/08\/ath01.jpg 1500w\" sizes=\"(max-width: 300px) 100vw, 300px\" \/><\/a><\/h2>\n<h2>Berg Athos Weihrauch<\/h2>\n<p>Der vom Berg Athos stammende Weihrauch wird in einer Vielzahl orthodoxer Kl\u00f6ster auf der Halbinsel hergestellt. F\u00fcr die M\u00f6nche ist die Herstellung ihres Weihrauchs Teil ihrer religi\u00f6sen Meditationspraxis. In Stille und Gebet werden ihre hochwertigen Mischungen hergestellt. <a href=\"http:\/\/orisha-ossain.com\/wp-content\/uploads\/2023\/07\/Athos.jpg\"><img decoding=\"async\" class=\"aligncenter wp-image-809\" src=\"http:\/\/orisha-ossain.com\/wp-content\/uploads\/2023\/07\/Athos-1024x768.jpg\" alt=\"Herstellung von Weihrauch auf dem Berg Athos\" width=\"750\" height=\"563\" srcset=\"https:\/\/orisha-ossain.com\/wp-content\/uploads\/2023\/07\/Athos-1024x768.jpg 1024w, https:\/\/orisha-ossain.com\/wp-content\/uploads\/2023\/07\/Athos-300x225.jpg 300w, https:\/\/orisha-ossain.com\/wp-content\/uploads\/2023\/07\/Athos-768x576.jpg 768w, https:\/\/orisha-ossain.com\/wp-content\/uploads\/2023\/07\/Athos-1536x1152.jpg 1536w, https:\/\/orisha-ossain.com\/wp-content\/uploads\/2023\/07\/Athos.jpg 1600w\" sizes=\"(max-width: 750px) 100vw, 750px\" \/><\/a><\/p>\n<h2>Berg Athos<\/h2>\n<p>Der Berg Athos (Heiliger Berg) ist ein Berg auf der Halbinsel Athos im Nordosten Griechenlands. Er ist ein wichtiges Zentrum des orthodoxen M\u00f6nchtums. Der Berg und der gr\u00f6\u00dfte Teil der Athos-Halbinsel werden als autonome Region in Griechenland von der M\u00f6nchsgemeinschaft des Berges Athos verwaltet.<\/p>\n<figure id=\"attachment_827\" aria-describedby=\"caption-attachment-827\" style=\"width: 600px\" class=\"wp-caption aligncenter\"><a href=\"http:\/\/orisha-ossain.com\/wp-content\/uploads\/2023\/07\/mount-athos.jpg\"><img decoding=\"async\" class=\"wp-image-827\" src=\"http:\/\/orisha-ossain.com\/wp-content\/uploads\/2023\/07\/mount-athos-1024x536.jpg\" alt=\"Der Berg Athos aus der Vogelperspektive. Ber\u00fchmt f\u00fcr seinen Berg Athos Weihrauch\" width=\"600\" height=\"314\" srcset=\"https:\/\/orisha-ossain.com\/wp-content\/uploads\/2023\/07\/mount-athos-1024x536.jpg 1024w, https:\/\/orisha-ossain.com\/wp-content\/uploads\/2023\/07\/mount-athos-300x157.jpg 300w, https:\/\/orisha-ossain.com\/wp-content\/uploads\/2023\/07\/mount-athos-768x402.jpg 768w, https:\/\/orisha-ossain.com\/wp-content\/uploads\/2023\/07\/mount-athos.jpg 1200w\" sizes=\"(max-width: 600px) 100vw, 600px\" \/><\/a><figcaption id=\"caption-attachment-827\" class=\"wp-caption-text\">Berg Athos<\/figcaption><\/figure>\n<p>Der Berg Athos ist seit der Antike bewohnt und bekannt f\u00fcr seine lange christliche Pr\u00e4senz und die historischen kl\u00f6sterlichen Traditionen, die bis mindestens 800 n. Chr. in die byzantinische Zeit zur\u00fcckreichen. Aufgrund seiner langen religi\u00f6sen Geschichte, der gut erhaltenen landwirtschaftlichen Architektur in den Kl\u00f6stern und der Erhaltung der Flora und Fauna um den Berg herum wurde der Berg Athos in die Liste der\u00a0<a href=\"https:\/\/whc.unesco.org\/en\/list\/454\/\">UNESCO-Welterbeliste\u00a0<\/a>im Jahr 1988.<\/p>","protected":false},"excerpt":{"rendered":"<p>Reiner griechischer Gaziya-Bl\u00fcten-Weihrauch. Original griechischer Klosterweihrauch<\/p>","protected":false},"featured_media":1628,"template":"","meta":{"_seopress_robots_primary_cat":"none","_seopress_titles_title":"Gazia Incense - a Unique Aromatic Blend - Mount Athos Greece","_seopress_titles_desc":"Gazia incense is a unique aromatic blend inspired by the timeless traditions of Mount Athos.","_seopress_robots_index":"","_kad_blocks_custom_css":"","_kad_blocks_head_custom_js":"","_kad_blocks_body_custom_js":"","_kad_blocks_footer_custom_js":"","_kad_post_transparent":"default","_kad_post_title":"","_kad_post_layout":"default","_kad_post_sidebar_id":"","_kad_post_content_style":"default","_kad_post_vertical_padding":"default","_kad_post_feature":"","_kad_post_feature_position":"","_kad_post_header":false,"_kad_post_footer":false,"_kad_post_classname":""},"product_brand":[],"product_cat":[102],"product_tag":[115,79,117],"class_list":{"0":"post-1799","1":"product","2":"type-product","3":"status-publish","4":"has-post-thumbnail","6":"product_cat-mt-athos-incense","7":"product_tag-frankinsence","8":"product_tag-incense","9":"product_tag-incense-burner","11":"first","12":"instock","13":"taxable","14":"shipping-taxable","15":"purchasable","16":"product-type-variable","17":"entry","18":"content-bg","19":"loop-entry"},"taxonomy_info":{"product_cat":[{"value":102,"label":"Mt. Athos Incense"}],"product_tag":[{"value":115,"label":"Frankinsence"},{"value":79,"label":"Incense"},{"value":117,"label":"Incense Burner"}]},"featured_image_src_large":["https:\/\/orisha-ossain.com\/wp-content\/uploads\/2023\/08\/ATHH001-1024x1024.jpg",1024,1024,true],"author_info":[],"comment_info":"","_links":{"self":[{"href":"https:\/\/orisha-ossain.com\/de\/wp-json\/wp\/v2\/product\/1799","targetHints":{"allow":["GET"]}}],"collection":[{"href":"https:\/\/orisha-ossain.com\/de\/wp-json\/wp\/v2\/product"}],"about":[{"href":"https:\/\/orisha-ossain.com\/de\/wp-json\/wp\/v2\/types\/product"}],"wp:featuredmedia":[{"embeddable":true,"href":"https:\/\/orisha-ossain.com\/de\/wp-json\/wp\/v2\/media\/1628"}],"wp:attachment":[{"href":"https:\/\/orisha-ossain.com\/de\/wp-json\/wp\/v2\/media?parent=1799"}],"wp:term":[{"taxonomy":"product_brand","embeddable":true,"href":"https:\/\/orisha-ossain.com\/de\/wp-json\/wp\/v2\/product_brand?post=1799"},{"taxonomy":"product_cat","embeddable":true,"href":"https:\/\/orisha-ossain.com\/de\/wp-json\/wp\/v2\/product_cat?post=1799"},{"taxonomy":"product_tag","embeddable":true,"href":"https:\/\/orisha-ossain.com\/de\/wp-json\/wp\/v2\/product_tag?post=1799"}],"curies":[{"name":"wp","href":"https:\/\/api.w.org\/{rel}","templated":true}]}}