{"id":1713,"date":"2023-08-24T09:34:22","date_gmt":"2023-08-24T07:34:22","guid":{"rendered":"http:\/\/orisha-ossain.com\/?post_type=product&#038;p=1713"},"modified":"2026-04-18T23:29:11","modified_gmt":"2026-04-18T21:29:11","slug":"serpentine-kuripe","status":"publish","type":"product","link":"https:\/\/orisha-ossain.com\/de\/product\/serpentine-kuripe\/","title":{"rendered":"Serpentinenkurve"},"content":{"rendered":"<h2><span style=\"font-size: 12pt;\">Serpentine Kuripe, Eagle, Jaguar &amp; Kondor<\/span><\/h2>\n<p>Serpentin Kuripe aus Peru. Geschnitten aus einem einzigen St\u00fcck schwarzen Serpentinstein. Diese Kuripe repr\u00e4sentieren f\u00fcnf verschiedene Totemtiere, Adler, Jaguar, Kondor, Eule &amp; Schlange.<br \/>\nSerpentin ist ein marmor\u00e4hnlicher Hartstein. Dieser spezielle schwarze Serpentin stammt von den H\u00e4ngen des Machu Picchu-Gebirges. Im Urubamba-Tal, das auch das heilige Tal der Inkas genannt wird, werden die Steine von Steinmetzen geschnitzt. Nach dem Schnitzen werden verschiedene Werkzeuge ben\u00f6tigt, um den Stein in seine endg\u00fcltige Form zu bringen. Obwohl einige Maschinen eingesetzt werden, wird die meiste Arbeit immer noch von Hand erledigt.<\/p>\n<h2 style=\"text-align: center;\"><a href=\"http:\/\/orisha-ossain.com\/de\/product-category\/tepi\/\">Tepi<\/a> und Kuripe<span style=\"font-size: 16px;\">\u00a0<\/span><\/h2>\n<p style=\"text-align: center;\">Werfen Sie einen Blick auf die Kollektion von Tepi und Kuripe. Verschiedene Stile von verschiedenen K\u00fcnstlern sind verf\u00fcgbar. <a style=\"font-weight: bold; font-family: var(--global-body-font-family);\" href=\"http:\/\/orisha-ossain.com\/wp-content\/uploads\/2023\/06\/Tepi-Blessings.jpg\"><img decoding=\"async\" class=\"wp-image-55 size-medium aligncenter\" src=\"http:\/\/orisha-ossain.com\/wp-content\/uploads\/2023\/06\/Tepi-Blessings-300x199.jpg\" alt=\"Tepis erhalten Segen von ihren Sch\u00f6pfern\" width=\"300\" height=\"199\" srcset=\"https:\/\/orisha-ossain.com\/wp-content\/uploads\/2023\/06\/Tepi-Blessings-300x199.jpg 300w, https:\/\/orisha-ossain.com\/wp-content\/uploads\/2023\/06\/Tepi-Blessings.jpg 640w\" sizes=\"(max-width: 300px) 100vw, 300px\" \/><\/a><span style=\"font-size: 14px; font-family: var(--global-body-font-family);\">Tepis erhalten Segen von ihren Sch\u00f6pfern<\/span><\/p>","protected":false},"excerpt":{"rendered":"<p>Serpentin Kuripe aus Peru. Geschnitten aus einem massiven St\u00fcck schwarzen Serpentinstein. Repr\u00e4sentieren f\u00fcnf verschiedene Totemtiere, Adler, Jaguar, Kondor, Eule &amp; Schlange.<\/p>\n<p>Abmessungen:<br \/>\n9,5 cm, volle L\u00e4nge<br \/>\n0,8 cm Au\u00dfendurchmesser<\/p>","protected":false},"featured_media":1720,"template":"","meta":{"_seopress_robots_primary_cat":"none","_seopress_titles_title":"Serpentine Kuripe from Peru - Eagle, Jaguar, Condor, Owl","_seopress_titles_desc":"Serpentine Kuripe from Peru. Cut from a solid piece of black Serpentine stone. Representing five different totem animals, Eagle, Jaguar, Condor, Owl","_seopress_robots_index":"","_kad_blocks_custom_css":"","_kad_blocks_head_custom_js":"","_kad_blocks_body_custom_js":"","_kad_blocks_footer_custom_js":"","_kad_post_transparent":"default","_kad_post_title":"","_kad_post_layout":"default","_kad_post_sidebar_id":"","_kad_post_content_style":"default","_kad_post_vertical_padding":"default","_kad_post_feature":"","_kad_post_feature_position":"","_kad_post_header":false,"_kad_post_footer":false,"_kad_post_classname":""},"product_brand":[],"product_cat":[67,128],"product_tag":[75],"class_list":{"0":"post-1713","1":"product","2":"type-product","3":"status-publish","4":"has-post-thumbnail","6":"product_cat-kuripe","7":"product_cat-new","8":"product_tag-kuripe","10":"first","11":"instock","12":"taxable","13":"shipping-taxable","14":"purchasable","15":"product-type-variable","16":"entry","17":"content-bg","18":"loop-entry"},"taxonomy_info":{"product_cat":[{"value":67,"label":"Kuripe"},{"value":128,"label":"New"}],"product_tag":[{"value":75,"label":"Kuripe"}]},"featured_image_src_large":["https:\/\/orisha-ossain.com\/wp-content\/uploads\/2023\/08\/st03.jpg",800,548,false],"author_info":[],"comment_info":"","_links":{"self":[{"href":"https:\/\/orisha-ossain.com\/de\/wp-json\/wp\/v2\/product\/1713","targetHints":{"allow":["GET"]}}],"collection":[{"href":"https:\/\/orisha-ossain.com\/de\/wp-json\/wp\/v2\/product"}],"about":[{"href":"https:\/\/orisha-ossain.com\/de\/wp-json\/wp\/v2\/types\/product"}],"wp:featuredmedia":[{"embeddable":true,"href":"https:\/\/orisha-ossain.com\/de\/wp-json\/wp\/v2\/media\/1720"}],"wp:attachment":[{"href":"https:\/\/orisha-ossain.com\/de\/wp-json\/wp\/v2\/media?parent=1713"}],"wp:term":[{"taxonomy":"product_brand","embeddable":true,"href":"https:\/\/orisha-ossain.com\/de\/wp-json\/wp\/v2\/product_brand?post=1713"},{"taxonomy":"product_cat","embeddable":true,"href":"https:\/\/orisha-ossain.com\/de\/wp-json\/wp\/v2\/product_cat?post=1713"},{"taxonomy":"product_tag","embeddable":true,"href":"https:\/\/orisha-ossain.com\/de\/wp-json\/wp\/v2\/product_tag?post=1713"}],"curies":[{"name":"wp","href":"https:\/\/api.w.org\/{rel}","templated":true}]}}