{"id":1565,"date":"2023-08-19T11:13:27","date_gmt":"2023-08-19T09:13:27","guid":{"rendered":"http:\/\/orisha-ossain.com\/?post_type=product&#038;p=1565"},"modified":"2024-01-07T17:00:04","modified_gmt":"2024-01-07T16:00:04","slug":"painted-tepi","status":"publish","type":"product","link":"https:\/\/orisha-ossain.com\/de\/product\/painted-tepi\/","title":{"rendered":"Bemalter Tepi"},"content":{"rendered":"<p>Dieses Kunstwerk stammt von einem brasilianischen Freund aus Sao Paulo. Er ist ein ganz normaler Brasilianer aus der Gro\u00dfstadt. Im Laufe der Jahre hat er einen einzigartigen Stil f\u00fcr die Tepi und Kuripe entwickelt, die er herstellt. Die Inspiration f\u00fcr seine St\u00fccke kommt aus der Natur, von Tieren und indianischer Spiritualit\u00e4t. Diese St\u00fccke sind alle einzigartig. Ich pers\u00f6nlich habe diesen Stil noch nie gesehen und freue mich, die Arbeiten meines Freundes in meinem Gesch\u00e4ft zu pr\u00e4sentieren.<\/p>\n<p><a href=\"http:\/\/orisha-ossain.com\/wp-content\/uploads\/2023\/08\/20210108_224807-rotated-1.jpg\"><img decoding=\"async\" class=\"aligncenter wp-image-1598 size-full\" src=\"http:\/\/orisha-ossain.com\/wp-content\/uploads\/2023\/08\/20210108_224807-rotated-1.jpg\" alt=\"bemalte Tepi\" width=\"600\" height=\"450\" \/><\/a><\/p>\n<p>Bambus wird f\u00fcr das Rohr selbst, aber auch f\u00fcr die verschiedenen Strukturen und Formen verwendet. Einige der St\u00fccke werden auch mit kaltem Porzellan verputzt und dann in die gew\u00fcnschte Form gebracht. Alle St\u00fccke sind sehr detailliert. Sie sind mit normaler Farbe, aber auch mit einer speziellen Farbe verziert, die bei Schwarzlicht leuchtet. In Brasilien f\u00fchren verschiedene Gruppen ihre Zeremonien in der Dunkelheit in Kombination mit Schwarzlicht durch. In diesem Licht zeigt sich die besondere Magie seiner St\u00fccke.<\/p>\n<p>&nbsp;<\/p>\n<figure id=\"attachment_1590\" aria-describedby=\"caption-attachment-1590\" style=\"width: 510px\" class=\"wp-caption aligncenter\"><a href=\"http:\/\/orisha-ossain.com\/wp-content\/uploads\/2023\/08\/blck.jpeg\"><img decoding=\"async\" class=\"wp-image-1590 size-full\" src=\"http:\/\/orisha-ossain.com\/wp-content\/uploads\/2023\/08\/blck.jpeg\" alt=\"Hersteller von bemalten Tepi\" width=\"510\" height=\"800\" srcset=\"https:\/\/orisha-ossain.com\/wp-content\/uploads\/2023\/08\/blck.jpeg 510w, https:\/\/orisha-ossain.com\/wp-content\/uploads\/2023\/08\/blck-191x300.jpeg 191w\" sizes=\"(max-width: 510px) 100vw, 510px\" \/><\/a><figcaption id=\"caption-attachment-1590\" class=\"wp-caption-text\">Mein K\u00fcnstlerfreund aus Sao Paulo<\/figcaption><\/figure>\n<h2 style=\"text-align: center;\">Tepi und <a href=\"http:\/\/orisha-ossain.com\/de\/product-category\/tepi\/\">Kuripe<span style=\"font-size: 16px;\">\u00a0<\/span><\/a><\/h2>\n<p style=\"text-align: center;\">Werfen Sie einen Blick auf die Kollektion von Tepi und Kuripe. Verschiedene Stile von verschiedenen K\u00fcnstlern sind verf\u00fcgbar. <a style=\"font-weight: bold; font-family: var(--global-body-font-family);\" href=\"http:\/\/orisha-ossain.com\/wp-content\/uploads\/2023\/06\/Tepi-Blessings.jpg\"><img decoding=\"async\" class=\"wp-image-55 size-medium aligncenter\" src=\"http:\/\/orisha-ossain.com\/wp-content\/uploads\/2023\/06\/Tepi-Blessings-300x199.jpg\" alt=\"Tepis erhalten Segen von ihren Sch\u00f6pfern\" width=\"300\" height=\"199\" srcset=\"https:\/\/orisha-ossain.com\/wp-content\/uploads\/2023\/06\/Tepi-Blessings-300x199.jpg 300w, https:\/\/orisha-ossain.com\/wp-content\/uploads\/2023\/06\/Tepi-Blessings.jpg 640w\" sizes=\"(max-width: 300px) 100vw, 300px\" \/><\/a><span style=\"font-size: 14px; font-family: var(--global-body-font-family);\">Tepis erhalten Segen von ihren Sch\u00f6pfern<\/span><\/p>","protected":false},"excerpt":{"rendered":"<p>Die Meerjungfrau auf diesem Tepi ist au\u00dfergew\u00f6hnlich!<br \/>\nWas f\u00fcr ein gro\u00dfartiges Kunstwerk!<\/p>","protected":false},"featured_media":0,"template":"","meta":{"_seopress_robots_primary_cat":"none","_seopress_titles_title":"","_seopress_titles_desc":"The mermaid on this painted Tepi is outstanding!\r\nWhat a great piece of art !","_seopress_robots_index":"yes","_kad_blocks_custom_css":"","_kad_blocks_head_custom_js":"","_kad_blocks_body_custom_js":"","_kad_blocks_footer_custom_js":"","_kad_post_transparent":"default","_kad_post_title":"","_kad_post_layout":"default","_kad_post_sidebar_id":"","_kad_post_content_style":"default","_kad_post_vertical_padding":"default","_kad_post_feature":"","_kad_post_feature_position":"","_kad_post_header":false,"_kad_post_footer":false,"_kad_post_classname":""},"product_brand":[],"product_cat":[66],"product_tag":[76],"class_list":{"0":"post-1565","1":"product","2":"type-product","3":"status-publish","5":"product_cat-tepi","6":"product_tag-tepi","8":"first","9":"outofstock","10":"taxable","11":"shipping-taxable","12":"purchasable","13":"product-type-simple","14":"entry","15":"content-bg","16":"loop-entry"},"taxonomy_info":{"product_cat":[{"value":66,"label":"Tepi"}],"product_tag":[{"value":76,"label":"Tepi"}]},"featured_image_src_large":false,"author_info":[],"comment_info":"","_links":{"self":[{"href":"https:\/\/orisha-ossain.com\/de\/wp-json\/wp\/v2\/product\/1565","targetHints":{"allow":["GET"]}}],"collection":[{"href":"https:\/\/orisha-ossain.com\/de\/wp-json\/wp\/v2\/product"}],"about":[{"href":"https:\/\/orisha-ossain.com\/de\/wp-json\/wp\/v2\/types\/product"}],"wp:attachment":[{"href":"https:\/\/orisha-ossain.com\/de\/wp-json\/wp\/v2\/media?parent=1565"}],"wp:term":[{"taxonomy":"product_brand","embeddable":true,"href":"https:\/\/orisha-ossain.com\/de\/wp-json\/wp\/v2\/product_brand?post=1565"},{"taxonomy":"product_cat","embeddable":true,"href":"https:\/\/orisha-ossain.com\/de\/wp-json\/wp\/v2\/product_cat?post=1565"},{"taxonomy":"product_tag","embeddable":true,"href":"https:\/\/orisha-ossain.com\/de\/wp-json\/wp\/v2\/product_tag?post=1565"}],"curies":[{"name":"wp","href":"https:\/\/api.w.org\/{rel}","templated":true}]}}