{"id":1504,"date":"2023-08-17T17:33:10","date_gmt":"2023-08-17T15:33:10","guid":{"rendered":"http:\/\/orisha-ossain.com\/?post_type=product&#038;p=1504"},"modified":"2024-11-05T22:41:52","modified_gmt":"2024-11-05T21:41:52","slug":"myrrh-kua-resin","status":"publish","type":"product","link":"https:\/\/orisha-ossain.com\/de\/product\/myrrh-kua-resin\/","title":{"rendered":"Myrrhe Kua-Harz"},"content":{"rendered":"<h2>Myrrhe Kua-Harz<\/h2>\n<p>Dies ist eine Art von Mhyyr aus dem Jemen. Genauer gesagt stammt es von der isolierten Insel Socrota am Rande des Golfs von Aden. Das Harz der Myrrhe Kua hat ein durchscheinendes Aussehen. Dieses Harz ist einzigartig, mit einer komplexen Mischung aus s\u00fc\u00dfen, bernsteinartigen und erdigen Noten, die ein unvergessliches aromatisches Erlebnis schaffen.<\/p>\n<p><a href=\"http:\/\/orisha-ossain.com\/wp-content\/uploads\/2023\/08\/Kua01.jpg\"><img decoding=\"async\" class=\"aligncenter wp-image-1630 size-full\" src=\"http:\/\/orisha-ossain.com\/wp-content\/uploads\/2023\/08\/Kua01.jpg\" alt=\"Myrrhe Kua-Harz Commiphora Kua\" width=\"794\" height=\"526\" srcset=\"https:\/\/orisha-ossain.com\/wp-content\/uploads\/2023\/08\/Kua01.jpg 794w, https:\/\/orisha-ossain.com\/wp-content\/uploads\/2023\/08\/Kua01-300x199.jpg 300w, https:\/\/orisha-ossain.com\/wp-content\/uploads\/2023\/08\/Kua01-768x509.jpg 768w\" sizes=\"(max-width: 794px) 100vw, 794px\" \/><\/a><\/p>\n<h2>Commiphora Kua<\/h2>\n<p><span class=\"jCAhz ChMk0b\"><span class=\"ryNqvb\">Commiphora kua ist eine Pflanzenart, die zur Familie der Burseraceae geh\u00f6rt.<\/span><\/span> <span class=\"jCAhz ChMk0b\"><span class=\"ryNqvb\">Er ist ein Strauch oder kleiner Baum mit glatter Rinde und oft dornigen \u00c4sten.<br \/>\n<\/span><\/span>Der Baum ist in Ostafrika, von Eritrea bis Sambia, und im s\u00fcdlichen Teil der Arabischen Halbinsel zu finden. Der Strauch w\u00e4chst in trockeneren Gebieten mit (sub)tropischem Klima, haupts\u00e4chlich in Strauchgruppen an den Ufern von Seen und inmitten von Unterholz und W\u00e4ldern.<br \/>\n<a style=\"font-weight: bold; font-family: var(--global-body-font-family);\" href=\"http:\/\/orisha-ossain.com\/wp-content\/uploads\/2023\/08\/kua.jpg\"><img decoding=\"async\" class=\"alignnone wp-image-1515 size-full\" src=\"http:\/\/orisha-ossain.com\/wp-content\/uploads\/2023\/08\/kua.jpg\" alt=\"Myrrhe Kua-Harz Commiphora Kua\" width=\"1000\" height=\"645\" srcset=\"https:\/\/orisha-ossain.com\/wp-content\/uploads\/2023\/08\/kua.jpg 1000w, https:\/\/orisha-ossain.com\/wp-content\/uploads\/2023\/08\/kua-300x194.jpg 300w, https:\/\/orisha-ossain.com\/wp-content\/uploads\/2023\/08\/kua-768x495.jpg 768w\" sizes=\"(max-width: 1000px) 100vw, 1000px\" \/><\/a><span style=\"font-size: 14px; font-family: var(--global-body-font-family);\">Commiphora-Kua-Baum<\/span><\/p>\n<p><span style=\"font-family: inherit; font-size: 20px; font-weight: bold;\">Myrrhe aus dem Jemen.<\/span><\/p>\n<p>Die von mir angebotene Myrrhe stammt aus dem Jemen. Es ist allgemein anerkannt, dass die hochwertigste Myrrhe von der Insel Socrota und aus dem S\u00fcdosten des Jemen stammt. Die Harzst\u00fccke haben eine r\u00f6tlich braune Farbe und der Duft ist sehr intensiv und sauber.<\/p>\n<p><a href=\"http:\/\/orisha-ossain.com\/wp-content\/uploads\/2023\/08\/mrtrs0001-scaled.jpg\"><img decoding=\"async\" class=\"aligncenter wp-image-1500 size-medium\" src=\"http:\/\/orisha-ossain.com\/wp-content\/uploads\/2023\/08\/mrtrs0001-277x300.jpg\" alt=\"Myrrhe Kua-Harz auf einem R\u00e4uchergef\u00e4\u00df Commiphora Kua\" width=\"277\" height=\"300\" srcset=\"https:\/\/orisha-ossain.com\/wp-content\/uploads\/2023\/08\/mrtrs0001-277x300.jpg 277w, https:\/\/orisha-ossain.com\/wp-content\/uploads\/2023\/08\/mrtrs0001-946x1024.jpg 946w, https:\/\/orisha-ossain.com\/wp-content\/uploads\/2023\/08\/mrtrs0001-768x831.jpg 768w, https:\/\/orisha-ossain.com\/wp-content\/uploads\/2023\/08\/mrtrs0001-1419x1536.jpg 1419w, https:\/\/orisha-ossain.com\/wp-content\/uploads\/2023\/08\/mrtrs0001-1893x2048.jpg 1893w\" sizes=\"(max-width: 277px) 100vw, 277px\" \/><\/a><\/p>\n<h2>Myrrhe-Harz<\/h2>\n<p>Myrrhe ist das Harz, das aus dem Commiphora myrrha-Baum gewonnen wird. Das r\u00f6tliche Harz bildet sich in der Rinde der Pflanze. Bei der Gewinnung wird die Pflanze der L\u00e4nge nach in die Rinde geschnitten, aus der das Harz austritt. Die Fl\u00fcssigkeit tropft und trocknet und bildet eine tropfenf\u00f6rmige harte Substanz. Dieser Prozess dauert mindestens 14 Tage. Der Baum wird jedoch dreimal hintereinander im Abstand von zwei Wochen angezapft. Durch das st\u00e4ndige Anzapfen erh\u00f6ht sich die Menge des produzierten Harzes, da der Baum versucht, Infektionen zu bek\u00e4mpfen, die durch die zugef\u00fcgten Verletzungen entstehen.<\/p>\n<p><a href=\"http:\/\/orisha-ossain.com\/wp-content\/uploads\/2023\/07\/Weihrauch.jpg\"><img decoding=\"async\" class=\"wp-image-814 size-medium aligncenter\" src=\"http:\/\/orisha-ossain.com\/wp-content\/uploads\/2023\/07\/Weihrauch-279x300.jpg\" alt=\"Myrrhe brennt auf einer Kohle\" width=\"279\" height=\"300\" srcset=\"https:\/\/orisha-ossain.com\/wp-content\/uploads\/2023\/07\/Weihrauch-279x300.jpg 279w, https:\/\/orisha-ossain.com\/wp-content\/uploads\/2023\/07\/Weihrauch-952x1024.jpg 952w, https:\/\/orisha-ossain.com\/wp-content\/uploads\/2023\/07\/Weihrauch-768x827.jpg 768w, https:\/\/orisha-ossain.com\/wp-content\/uploads\/2023\/07\/Weihrauch-1427x1536.jpg 1427w, https:\/\/orisha-ossain.com\/wp-content\/uploads\/2023\/07\/Weihrauch.jpg 1536w\" sizes=\"(max-width: 279px) 100vw, 279px\" \/><\/a><\/p>\n<h2>Verwendet<\/h2>\n<p>Die Verwendung von Myrrhe ist eng mit der Religion verkn\u00fcpft. Aus biblischer Sicht geh\u00f6rt sie zu den Geschenken, die dem Jesuskind bei seiner Geburt von den drei Weisen \u00fcberreicht wurden. Dies unterstreicht, wie wertvoll das Produkt seit der Antike ist.<br \/>\nEine weitere Verwendung findet dieses Produkt bei der Herstellung von Parf\u00fcms und anderen Kosmetika. Das Produkt hat ein s\u00fc\u00dfes Aroma und ist f\u00fcr die Herstellung komplexer Aromen unerl\u00e4sslich.<\/p>\n<h2>Wie riecht Myrrhe?<\/h2>\n<p>Der holzige Geruch der Myrrhe ist sehr ausgepr\u00e4gt<strong>.<\/strong>\u00a0Es handelt sich um ein hocharomatisches Holz (\u00e4hnlich wie andere aromatische H\u00f6lzer wie Sandelholz). Sein Aroma ist komplex und wird oft mit religi\u00f6sen Ritualen in Verbindung gebracht. Daher wird Myrrhe auch in der Aromatherapie in Kerzen oder in der Parf\u00fcmerie verwendet, um D\u00fcfte aromatisch zu machen. Ihr Aroma wird manchmal zum W\u00fcrzen verschiedener traditioneller Gerichte verwendet.<\/p>\n<h2>Myhhr Qualit\u00e4tsstufen<\/h2>\n<p>Die beste Qualit\u00e4t der Myrrhe stammt von Commiphora myrrha. Es gibt jedoch auch andere Myrrhe produzierende B\u00e4ume wie <span class=\"jCAhz ChMk0b\"><span class=\"ryNqvb\">Commiphora kua, <\/span><\/span>Commiphora serrulata, Commiphora payfairii, Commiphora foliacea, Commiphora erythraea, Commiphora guidotti, Commiphora holiziana, Commiphora habessinica und andere.<\/p>\n<p><a href=\"http:\/\/orisha-ossain.com\/wp-content\/uploads\/2023\/07\/frankincense.harvesting.jpg\"><img decoding=\"async\" class=\"aligncenter wp-image-1063 size-full\" src=\"http:\/\/orisha-ossain.com\/wp-content\/uploads\/2023\/07\/frankincense.harvesting.jpg\" alt=\"\" width=\"939\" height=\"532\" srcset=\"https:\/\/orisha-ossain.com\/wp-content\/uploads\/2023\/07\/frankincense.harvesting.jpg 939w, https:\/\/orisha-ossain.com\/wp-content\/uploads\/2023\/07\/frankincense.harvesting-300x170.jpg 300w, https:\/\/orisha-ossain.com\/wp-content\/uploads\/2023\/07\/frankincense.harvesting-768x435.jpg 768w\" sizes=\"(max-width: 939px) 100vw, 939px\" \/><\/a><\/p>\n<p>Das aus dem Baum gewonnene Myrrheharz wird von Bl\u00e4ttern, Rindenst\u00fccken und Erdpartikeln befreit. Die Qualit\u00e4t des Produkts wird nach Farbe und Geruch beurteilt. Die beste Qualit\u00e4t ist rot oder braun und wird als G\u00fcteklasse A++ bezeichnet. Die (sehr) dunkle Myrrhe hingegen ist durch Fremdpartikel verunreinigt.<\/p>","protected":false},"excerpt":{"rendered":"<p>Myrrhe-Kua-Harz aus dem Jemen ist recht selten. Es handelt sich um eine einzigartige Art von Weihrauchharz von der isolierten Insel Socrota, die zum Jemen geh\u00f6rt.<\/p>\n<p>Heilige Myrrhe Harz Weihrauch<\/p>\n<p><strong>Note: <\/strong>1+<br \/>\n<strong>Herkunft:<\/strong> Insel Socrota, Jemen<br \/>\n<strong>Name der Spezies:<\/strong> Commiphora Kua<br \/>\n<strong>Farbe:<\/strong> Transluzentes Rotbraun<\/p>\n<p>&nbsp;<\/p>","protected":false},"featured_media":1501,"template":"","meta":{"_seopress_robots_primary_cat":"none","_seopress_titles_title":"Myrrh Kua Resin -Sacred Myrrh from Socrota Island - Yemen -","_seopress_titles_desc":"Myrrh Kua resin from Yemen is quite rare. This is a unique type of incense resin from the isolated Socrota island belonging to Yemen. Commiphora Kua","_seopress_robots_index":"","_kad_blocks_custom_css":"","_kad_blocks_head_custom_js":"","_kad_blocks_body_custom_js":"","_kad_blocks_footer_custom_js":"","_kad_post_transparent":"default","_kad_post_title":"","_kad_post_layout":"default","_kad_post_sidebar_id":"","_kad_post_content_style":"default","_kad_post_vertical_padding":"default","_kad_post_feature":"","_kad_post_feature_position":"","_kad_post_header":false,"_kad_post_footer":false,"_kad_post_classname":""},"product_brand":[],"product_cat":[101,125],"product_tag":[115,79,81],"class_list":{"0":"post-1504","1":"product","2":"type-product","3":"status-publish","4":"has-post-thumbnail","6":"product_cat-frankincense","7":"product_cat-incense","8":"product_tag-frankinsence","9":"product_tag-incense","10":"product_tag-yemen","12":"first","13":"instock","14":"taxable","15":"shipping-taxable","16":"purchasable","17":"product-type-variable","18":"entry","19":"content-bg","20":"loop-entry"},"taxonomy_info":{"product_cat":[{"value":101,"label":"Frankincense"},{"value":125,"label":"Incense"}],"product_tag":[{"value":115,"label":"Frankinsence"},{"value":79,"label":"Incense"},{"value":81,"label":"Yemen"}]},"featured_image_src_large":["https:\/\/orisha-ossain.com\/wp-content\/uploads\/2023\/08\/mtrs001-1024x762.jpg",1024,762,true],"author_info":[],"comment_info":"","_links":{"self":[{"href":"https:\/\/orisha-ossain.com\/de\/wp-json\/wp\/v2\/product\/1504","targetHints":{"allow":["GET"]}}],"collection":[{"href":"https:\/\/orisha-ossain.com\/de\/wp-json\/wp\/v2\/product"}],"about":[{"href":"https:\/\/orisha-ossain.com\/de\/wp-json\/wp\/v2\/types\/product"}],"wp:featuredmedia":[{"embeddable":true,"href":"https:\/\/orisha-ossain.com\/de\/wp-json\/wp\/v2\/media\/1501"}],"wp:attachment":[{"href":"https:\/\/orisha-ossain.com\/de\/wp-json\/wp\/v2\/media?parent=1504"}],"wp:term":[{"taxonomy":"product_brand","embeddable":true,"href":"https:\/\/orisha-ossain.com\/de\/wp-json\/wp\/v2\/product_brand?post=1504"},{"taxonomy":"product_cat","embeddable":true,"href":"https:\/\/orisha-ossain.com\/de\/wp-json\/wp\/v2\/product_cat?post=1504"},{"taxonomy":"product_tag","embeddable":true,"href":"https:\/\/orisha-ossain.com\/de\/wp-json\/wp\/v2\/product_tag?post=1504"}],"curies":[{"name":"wp","href":"https:\/\/api.w.org\/{rel}","templated":true}]}}