{"id":1376,"date":"2023-09-30T12:17:33","date_gmt":"2023-09-30T10:17:33","guid":{"rendered":"http:\/\/orisha-ossain.com\/?post_type=product&#038;p=1376"},"modified":"2023-09-30T12:17:33","modified_gmt":"2023-09-30T10:17:33","slug":"al-hojari-frankincense","status":"publish","type":"product","link":"https:\/\/orisha-ossain.com\/de\/product\/al-hojari-frankincense\/","title":{"rendered":"Al Hojari Weihrauch"},"content":{"rendered":"<h2>Al Hojari Weihrauch<\/h2>\n<p>Seit dem Altertum kommt der beste Weihrauch der Welt aus dem s\u00fcdlichen Oman, der an den Jemen grenzt. Hier befand sich der Ausgangspunkt der ber\u00fchmten Weihrauchstra\u00dfe. Dieser sehr feine und traditionell balsamisch duftende Weihrauch aus dem Dhofar-Gebirge setzt durch seinen hohen Gehalt an \u00e4therischen \u00d6len intensive Aromen frei.<\/p>\n<p>Dieser hochwertige Weihrauch Al Hojari wird unter den besten Anbaubedingungen f\u00fcr Weihrauch in der Welt produziert. Dieser hochwertige Weihrauch ist in verschiedenen Qualit\u00e4tsstufen erh\u00e4ltlich. Seine Farben variieren von wei\u00dflich, gelb, bernsteinfarben bis hin zu verschiedenen Braunt\u00f6nen.<\/p>\n<p><a href=\"http:\/\/orisha-ossain.com\/wp-content\/uploads\/2023\/07\/hojari-on-table.png\"><img decoding=\"async\" class=\"size-medium wp-image-1020 alignright\" src=\"http:\/\/orisha-ossain.com\/wp-content\/uploads\/2023\/07\/hojari-on-table-300x227.png\" alt=\"\" width=\"300\" height=\"227\" srcset=\"https:\/\/orisha-ossain.com\/wp-content\/uploads\/2023\/07\/hojari-on-table-300x227.png 300w, https:\/\/orisha-ossain.com\/wp-content\/uploads\/2023\/07\/hojari-on-table-1024x776.png 1024w, https:\/\/orisha-ossain.com\/wp-content\/uploads\/2023\/07\/hojari-on-table-768x582.png 768w, https:\/\/orisha-ossain.com\/wp-content\/uploads\/2023\/07\/hojari-on-table-1536x1164.png 1536w, https:\/\/orisha-ossain.com\/wp-content\/uploads\/2023\/07\/hojari-on-table-2048x1552.png 2048w\" sizes=\"(max-width: 300px) 100vw, 300px\" \/><\/a>Die noch exotischeren und selteneren wei\u00df-gr\u00fcn-grauen oder rein wei\u00dfen St\u00fccke werden von arabischen H\u00e4ndlern oft komplett aufgekauft, so dass diese h\u00f6chsten Weihrauchqualit\u00e4ten im Westen nur sehr selten zu bekommen sind. Ich habe das Gl\u00fcck, dass ich einen Kontakt habe, der sie direkt aus dem Oman zu mir exportiert.<\/p>\n<p>Weihrauch wird seit jeher zur Weihe, Segnung, Reinigung und zum Schutz verwendet. Der Duft von Al Hojari ist s\u00fc\u00df und schwer und schafft eine Atmosph\u00e4re der Klarheit, Reinheit und Ruhe. Er ist anregend und doch entspannend. Der Rauch zerstreut auch negative Energie zwischen den Menschen in einem Raum.<\/p>\n<h2>Al Hojari Geschichte und Verwendung<\/h2>\n<p>Al Hojari Weihrauch gilt als der beste Weihrauch der Welt, und seine historische Verwendung reicht Jahrtausende zur\u00fcck. Es hei\u00dft, dass einer der drei K\u00f6nige in der christlichen Weihnachtsgeschichte aus Oman nach Bethlehem kam und Weihrauch als kostbares Geschenk mitbrachte.<\/p>\n<p>Al Hojari Weihrauch wird bei gesellschaftlichen Anl\u00e4ssen, bei der Herstellung von Arzneimitteln, Duftstoffen, Pulvern, Parf\u00fcms und Kerzen sowie in Gottesh\u00e4usern in aller Welt verwendet. Im Oman wird der Rauch zum Parf\u00fcmieren von Kleidung verwendet, w\u00e4hrend er auch desinfizierend wirkt. Er wird gekaut, um den Atem zu erfrischen und Erk\u00e4ltungen vorzubeugen, und er ist gut f\u00fcr die Verdauung.<\/p>\n<p><span lang=\"en-US\">F<\/span><span lang=\"en-US\">Weihrauch verbindet die omanischen St\u00e4dte\u00a0<\/span><span lang=\"en-US\">Leben<\/span><span lang=\"en-US\">\u00a0zu ihrem Erbe, zur Natur und zum geistigen Leben. Auf der\u00a0<em>Sultan Qaboos<\/em> Gro\u00dfe Moschee, hochwertiger Weihrauch brennt in der unterirdischen Klimaanlage, und\u00a0<\/span><span lang=\"en-US\">Sein Duft schwebt \u00fcber die Regale mit den Koranen und in die M\u00e4nnerhalle, die Platz f\u00fcr sechstausend Gl\u00e4ubige bietet.<\/span><\/p>\n<p>\"In der Moschee gut zu riechen ist ein Zeichen des Respekts vor der Religion und den Mitmenschen\".<br \/>\n<span lang=\"en-US\">\"Es<\/span><span lang=\"en-US\">\u00a0bereitet deine kleine Seele darauf vor, die gro\u00dfe Seele zu treffen.\"\u00a0<\/span><\/p>\n<p><a href=\"http:\/\/orisha-ossain.com\/wp-content\/uploads\/2023\/07\/incense-01.png\"><img decoding=\"async\" class=\"aligncenter wp-image-819 size-full\" src=\"http:\/\/orisha-ossain.com\/wp-content\/uploads\/2023\/07\/incense-01.png\" alt=\"\" width=\"800\" height=\"554\" srcset=\"https:\/\/orisha-ossain.com\/wp-content\/uploads\/2023\/07\/incense-01.png 800w, https:\/\/orisha-ossain.com\/wp-content\/uploads\/2023\/07\/incense-01-300x208.png 300w, https:\/\/orisha-ossain.com\/wp-content\/uploads\/2023\/07\/incense-01-768x532.png 768w\" sizes=\"(max-width: 800px) 100vw, 800px\" \/><\/a><\/p>\n<p>Der feine balsamische, leicht zitronige Duft von Weihrauch ist in der Tat ein Erlebnis und unterscheidet sich deutlich von dem, was man heute allgemein aus der christlichen Liturgie kennt. Ihm wird auch eine entspannende, konzentrationsf\u00f6rdernde Wirkung nachgesagt.<\/p>\n<h2>Der Boswellia Sacra Baum<\/h2>\n<p>Boswellia sacra (auch Weihrauch- und Olibanumbaum) ist ein Baum aus der Familie der Burseraceae, der die Hauptbaumart der Gattung\u00a0<i>Boswellia<\/i> aus dem Weihrauch (ein harziger, getrockneter Saft) geerntet wird.<\/p>\n<p>Der widerstandsf\u00e4hige Boswellia sacra-Baum gedeiht in der unwirtlichen Landschaft der s\u00fcdlichen Provinz Dhofar in Oman. Der Wert des Weihrauchharzes wird durch seine Farbe, Klumpengr\u00f6\u00dfe und \u00d6lkonzentration bestimmt. Die wertvollste Sorte, die als k\u00f6niglicher Hojari bekannt ist, stammt aus einem schmalen, trockenen Mikroklimag\u00fcrtel des Dhofar-Gebirges, der au\u00dferhalb der Reichweite des Sommermonsuns liegt, der die Spitze der Arabischen Halbinsel in Nebel h\u00fcllt.<\/p>\n<p><span lang=\"en-US\">Die <\/span><span lang=\"en-US\">Boswellia-Baum<i>,<\/i><\/span><span lang=\"en-US\">\u00a0die die\u00a0<\/span><span lang=\"en-US\">Weihrauchharz\u00a0<\/span><span lang=\"en-US\">Gummi, kommt nicht nur im S\u00fcden vor\u00a0<\/span><span lang=\"en-US\">Arabien, aber auch in Somalia und Indien. Aber von den etwa 25 Arten von <\/span><span lang=\"en-US\"><i>Boswellia,<\/i><\/span><span lang=\"en-US\">\u00a0Die Herstellung des besten Weihrauchs erfolgt nach allgemeiner Auffassung\u00a0<\/span><span lang=\"en-US\"><i>Boswellia sacra,<\/i><\/span><span lang=\"en-US\">\u00a0die ausschlie\u00dflich in Dhofar und in geringerem Umfang in den Regionen al-Mahrah und Hadhramaut im Jemen w\u00e4chst.<\/span><span lang=\"en-US\"><a href=\"http:\/\/orisha-ossain.com\/wp-content\/uploads\/2023\/07\/436498Image1.jpg\"><img decoding=\"async\" class=\"aligncenter wp-image-1018 size-large\" src=\"http:\/\/orisha-ossain.com\/wp-content\/uploads\/2023\/07\/436498Image1-1024x459.jpg\" alt=\"\" width=\"1024\" height=\"459\" srcset=\"https:\/\/orisha-ossain.com\/wp-content\/uploads\/2023\/07\/436498Image1-1024x459.jpg 1024w, https:\/\/orisha-ossain.com\/wp-content\/uploads\/2023\/07\/436498Image1-300x134.jpg 300w, https:\/\/orisha-ossain.com\/wp-content\/uploads\/2023\/07\/436498Image1-768x344.jpg 768w, https:\/\/orisha-ossain.com\/wp-content\/uploads\/2023\/07\/436498Image1.jpg 1500w\" sizes=\"(max-width: 1024px) 100vw, 1024px\" \/><\/a><\/span><\/p>\n<h2>Harzernte<\/h2>\n<p>Die Ernte der B\u00e4ume, die in der K\u00fcstenebene stehen, erfolgt etwa von Ende M\u00e4rz bis Juni. Bei den B\u00e4umen hinter den Dhofar-Bergen (W\u00fcstengebiet) wird das Harz von April bis September geerntet. Sobald die Temperaturen zu steigen beginnen, schneiden die Weihrauchsammler die Boswellia-B\u00e4ume mit einer\u00a0<em>manqaf<\/em>\u00a0(ein traditionelles arabisches Werkzeug wie eine Miniatursense).<\/p>\n<p><a href=\"http:\/\/orisha-ossain.com\/wp-content\/uploads\/2023\/07\/manqaf-ae861e26.jpeg\"><img decoding=\"async\" class=\"size-medium wp-image-1015 aligncenter\" src=\"http:\/\/orisha-ossain.com\/wp-content\/uploads\/2023\/07\/manqaf-ae861e26-300x110.jpeg\" alt=\"\" width=\"300\" height=\"110\" srcset=\"https:\/\/orisha-ossain.com\/wp-content\/uploads\/2023\/07\/manqaf-ae861e26-300x110.jpeg 300w, https:\/\/orisha-ossain.com\/wp-content\/uploads\/2023\/07\/manqaf-ae861e26.jpeg 381w\" sizes=\"(max-width: 300px) 100vw, 300px\" \/><\/a><\/p>\n<p>Der erste \"Schnitt\" wird als\u00a0<em>tawqii<\/em> und besteht darin, die \u00e4u\u00dfere Rinde der \u00c4ste und des Stammes abzusch\u00e4len. Dabei sickert eine milchig-wei\u00dfe Fl\u00fcssigkeit aus dem Baum, die sich schnell verfestigt und etwa 14 Tage lang in diesem Zustand verbleibt. Der zweite \"Schnitt\", \"wei\u00dfer Weihrauch\" genannt, der auf diesen Zeitraum folgt, produziert Harz von minderer Qualit\u00e4t, und die eigentliche Ernte beginnt zwei Wochen nach dem zweiten \"Schnitt\". Bei diesem dritten \"Schnitt\" produziert der Baum Weihrauchharz von gelblicher Farbe. \"Brauner Weihrauch\" wird nur in der K\u00fcstenebene nach den Wintereinschnitten geerntet.<\/p>\n<p>Auch an einem Baum und erst recht an verschiedenen B\u00e4umen bilden sich unterschiedliche Harzarten.<br \/>\nDas h\u00e4ngt davon ab:<\/p>\n<p><a href=\"http:\/\/orisha-ossain.com\/wp-content\/uploads\/2023\/07\/frank-ooze-01.jpg\"><img decoding=\"async\" class=\"alignright wp-image-1016\" src=\"http:\/\/orisha-ossain.com\/wp-content\/uploads\/2023\/07\/frank-ooze-01-1024x685.jpg\" alt=\"\" width=\"500\" height=\"334\" srcset=\"https:\/\/orisha-ossain.com\/wp-content\/uploads\/2023\/07\/frank-ooze-01-1024x685.jpg 1024w, https:\/\/orisha-ossain.com\/wp-content\/uploads\/2023\/07\/frank-ooze-01-300x201.jpg 300w, https:\/\/orisha-ossain.com\/wp-content\/uploads\/2023\/07\/frank-ooze-01-768x514.jpg 768w, https:\/\/orisha-ossain.com\/wp-content\/uploads\/2023\/07\/frank-ooze-01.jpg 1500w\" sizes=\"(max-width: 500px) 100vw, 500px\" \/><\/a><\/p>\n<ul>\n<li>\u00a0Lage der Wunde am Baum<\/li>\n<li><span style=\"font-family: var(--global-body-font-family);\">\u00a0Sonneneinstrahlung<\/span><\/li>\n<li><span style=\"font-family: var(--global-body-font-family);\">\u00a0Alter des Baumes<\/span><\/li>\n<li><span style=\"font-family: var(--global-body-font-family);\">\u00a0N\u00e4hrstoffe am Standort<\/span><\/li>\n<li><span style=\"font-family: var(--global-body-font-family);\">\u00a0Mikroklima am Standort<\/span><\/li>\n<li><span style=\"font-family: var(--global-body-font-family);\">\u00a0Saisonales Klima, wie Luftfeuchtigkeit und Temperatur<\/span><\/li>\n<li><span style=\"font-family: var(--global-body-font-family);\">\u00a0Einschl\u00fcsse im Harz von Sand, Rinde<\/span><\/li>\n<li><span style=\"font-family: var(--global-body-font-family);\">\u00a0Gr\u00f6\u00dfe der Harzst\u00fccke aufgrund des unterschiedlichen Harzflusses<\/span><\/li>\n<li><span style=\"font-family: var(--global-body-font-family);\">\u00a0Einige der Harzst\u00fccke k\u00f6nnen auch auf den Boden fallen und werden trotzdem gesammelt<\/span><\/li>\n<\/ul>\n<p>&nbsp;<\/p>\n<p>&nbsp;<\/p>\n<h2>Chemische Zusammensetzung<\/h2>\n<p>Dies sind einige der chemischen Verbindungen, die in Weihrauch enthalten sind:<\/p>\n<ul>\n<li lang=\"en-US\">Saures Harz (6%), l\u00f6slich in Alkohol und mit der Formel C20H32O4<\/li>\n<li lang=\"en-US\">Gummi (\u00e4hnlich Gummi arabicum) 30-36%<\/li>\n<li lang=\"en-US\">3-Acetyl-beta-Boswellias\u00e4ure<\/li>\n<li lang=\"en-US\">Aalpha-Boswellias\u00e4ure<\/li>\n<li lang=\"en-US\">Incensolacetat, C21H34O3<\/li>\n<li lang=\"en-US\">Phellandren<\/li>\n<\/ul>\n<h2>Psychoaktivit\u00e4t von Weihrauch<\/h2>\n<p>Vor nicht allzu langer Zeit (2008) ver\u00f6ffentlichte die Federation of American Societies for Experimental Biology ihre vorl\u00e4ufigen Ergebnisse, dass das Einatmen von brennendem Weihrauch antidepressive Eigenschaften hat.<\/p>\n<p>Diese Ver\u00f6ffentlichung ist zu finden unter <a href=\"https:\/\/www.sciencedaily.com\/releases\/2008\/05\/080520110415.htm\">hier<\/a>.<\/p>\n<p>Einen sehr ausf\u00fchrlichen Blog \u00fcber Hojai-Weihrauch finden Sie hier <a href=\"https:\/\/www.earthstoriez.com\/oman-myth-history-folklore-use-of-frankincense-hojari\/\">hier<\/a>.<\/p>\n<h2 style=\"text-align: center;\">UNESCO-Welterbe<\/h2>\n<p>Weihrauch ist in Oman nach wie vor ein wichtiges Handelsgut und geh\u00f6rt seit dem Jahr 2000 zum UNESCO-Weltkulturerbe. Weitere Informationen zu diesem Thema finden Sie unter <em><a href=\"https:\/\/whc.unesco.org\/en\/list\/1010\">hier<\/a><\/em><\/p>\n<p><b>Der angebotene Weihrauch ist nur zum Verbrennen zu verwenden. Es muss darauf hingewiesen werden, dass die Informationen aus der Beschreibung, die sich mit den Wirkungen des Rauches befassen, nicht wissenschaftlich untermauert sind. Diese Hinweise stammen aus den traditionellen Br\u00e4uchen der Omanis.<\/b><\/p>\n<p><strong>Vor der medizinischen Anwendung sollte der Rat eines Arztes eingeholt werden. F\u00fcr die richtige Anwendung und Dosierung ist der K\u00e4ufer verantwortlich.<\/strong><\/p>","protected":false},"excerpt":{"rendered":"<p>Hochwertige Al Hojari Frankeninsence aus dem Oman. Dies ist eine Charge mit verschiedenen Farben und Gr\u00f6\u00dfen. Diese Charge ist Grad 4. Die Farben neigen zu etwas mehr Dunkelheit.<\/p>\n<p>&nbsp;<\/p>\n<p>&nbsp;<\/p>","protected":false},"featured_media":1695,"template":"","meta":{"_seopress_robots_primary_cat":"none","_seopress_titles_title":"Al Hojari Frankeninsence - Grade 4 from Oman - Orisha Ossain","_seopress_titles_desc":"High-Quality Al Hojari Frankeninsence from Oman. This is a batch with various colors and sizes. This batch is grade 4. The colors lean towards a bit","_seopress_robots_index":"","_kad_blocks_custom_css":"","_kad_blocks_head_custom_js":"","_kad_blocks_body_custom_js":"","_kad_blocks_footer_custom_js":"","_kad_post_transparent":"default","_kad_post_title":"","_kad_post_layout":"default","_kad_post_sidebar_id":"","_kad_post_content_style":"default","_kad_post_vertical_padding":"default","_kad_post_feature":"","_kad_post_feature_position":"","_kad_post_header":false,"_kad_post_footer":false,"_kad_post_classname":""},"product_brand":[],"product_cat":[101],"product_tag":[115,80],"class_list":{"0":"post-1376","1":"product","2":"type-product","3":"status-publish","4":"has-post-thumbnail","6":"product_cat-frankincense","7":"product_tag-frankinsence","8":"product_tag-oman","10":"first","11":"instock","12":"taxable","13":"shipping-taxable","14":"purchasable","15":"product-type-variable","16":"entry","17":"content-bg","18":"loop-entry"},"taxonomy_info":{"product_cat":[{"value":101,"label":"Frankincense"}],"product_tag":[{"value":115,"label":"Frankinsence"},{"value":80,"label":"Oman"}]},"featured_image_src_large":["https:\/\/orisha-ossain.com\/wp-content\/uploads\/2023\/08\/al-hojari-001-1024x1024.jpg",1024,1024,true],"author_info":[],"comment_info":"","_links":{"self":[{"href":"https:\/\/orisha-ossain.com\/de\/wp-json\/wp\/v2\/product\/1376","targetHints":{"allow":["GET"]}}],"collection":[{"href":"https:\/\/orisha-ossain.com\/de\/wp-json\/wp\/v2\/product"}],"about":[{"href":"https:\/\/orisha-ossain.com\/de\/wp-json\/wp\/v2\/types\/product"}],"wp:featuredmedia":[{"embeddable":true,"href":"https:\/\/orisha-ossain.com\/de\/wp-json\/wp\/v2\/media\/1695"}],"wp:attachment":[{"href":"https:\/\/orisha-ossain.com\/de\/wp-json\/wp\/v2\/media?parent=1376"}],"wp:term":[{"taxonomy":"product_brand","embeddable":true,"href":"https:\/\/orisha-ossain.com\/de\/wp-json\/wp\/v2\/product_brand?post=1376"},{"taxonomy":"product_cat","embeddable":true,"href":"https:\/\/orisha-ossain.com\/de\/wp-json\/wp\/v2\/product_cat?post=1376"},{"taxonomy":"product_tag","embeddable":true,"href":"https:\/\/orisha-ossain.com\/de\/wp-json\/wp\/v2\/product_tag?post=1376"}],"curies":[{"name":"wp","href":"https:\/\/api.w.org\/{rel}","templated":true}]}}