{"id":1298,"date":"2023-08-17T00:34:35","date_gmt":"2023-08-16T22:34:35","guid":{"rendered":"http:\/\/orisha-ossain.com\/?post_type=product&#038;p=1298"},"modified":"2026-04-12T18:04:51","modified_gmt":"2026-04-12T16:04:51","slug":"rape-dosage-scoop","status":"publish","type":"product","link":"https:\/\/orisha-ossain.com\/de\/product\/rape-dosage-scoop\/","title":{"rendered":"Rap\u00e9 Dosierung Schaufel"},"content":{"rendered":"<h2>Bambus Rap\u00e9 Dosierl\u00f6ffel<\/h2>\n<p>Der rap\u00e9 Dosierl\u00f6ffel ist ein einfaches Werkzeug, um den Schnupftabak einfach und sauber aus dem Beh\u00e4lter in das Blasrohr zu bekommen. Sie werden in Brasilien aus hartem Bambus hergestellt und mit einheimischen Mustern verziert. Sie haben verschiedene Breiten und sind mit K\u00fcnstlerton verziert. Erh\u00e4ltlich in 2 verschiedenen Ausf\u00fchrungen. Die eine hat einen schwarzen und roten Samen an der Spitze, der Olho de Cabra genannt wird. Die andere hat einen Samen namens Rusraksa an der Spitze.<a href=\"http:\/\/orisha-ossain.com\/wp-content\/uploads\/2023\/08\/099.jpg\"><img decoding=\"async\" class=\"aligncenter wp-image-1301 size-medium\" src=\"http:\/\/orisha-ossain.com\/wp-content\/uploads\/2023\/08\/099-300x227.jpg\" alt=\"rap\u00e9-Dosierl\u00f6ffel \" width=\"300\" height=\"227\" srcset=\"https:\/\/orisha-ossain.com\/wp-content\/uploads\/2023\/08\/099-300x227.jpg 300w, https:\/\/orisha-ossain.com\/wp-content\/uploads\/2023\/08\/099-768x580.jpg 768w, https:\/\/orisha-ossain.com\/wp-content\/uploads\/2023\/08\/099.jpg 794w\" sizes=\"(max-width: 300px) 100vw, 300px\" \/><\/a><\/p>\n<h2>Traditionelle Dosierung von Rap\u00e9<\/h2>\n<p>Wenn Brasilianer ihr rap\u00e9 nehmen, landet es immer zuerst auf ihrer Hand. Im Allgemeinen nehmen alle brasilianischen Indianer, Caboclos und andere rap\u00e9-Benutzer, die ich in den 10 Jahren, in denen ich dieses intensive und sch\u00f6ne Land besucht habe, getroffen habe, ihre Flasche rap\u00e9 und geben dann eine Menge Schnupftabak auf ihre Hand. Sie dr\u00fccken das rap\u00e9 mit der Spitze ihres Tepis platt und teilen es in gleiche Portionen auf. Eine f\u00fcr jedes Nasenloch.<\/p>\n<p>Wenn das rap\u00e9 auf der Hand ruht, ist dies der Moment, in dem das Gebet und die Absicht bekr\u00e4ftigt werden. Danach wird eine Dosis von der Hand in das Tepi gesch\u00f6pft. Nach der zweiten Anwendung wird die Hand geblasen und weitere Reste werden von der Hand abgewischt.<\/p>\n<p><a href=\"http:\/\/orisha-ossain.com\/wp-content\/uploads\/2023\/08\/dos03.jpg\"><img decoding=\"async\" class=\"size-medium wp-image-1304 aligncenter\" src=\"http:\/\/orisha-ossain.com\/wp-content\/uploads\/2023\/08\/dos03-300x254.jpg\" alt=\"multipe rap\u00e9 Dosierl\u00f6ffel\" width=\"300\" height=\"254\" srcset=\"https:\/\/orisha-ossain.com\/wp-content\/uploads\/2023\/08\/dos03-300x254.jpg 300w, https:\/\/orisha-ossain.com\/wp-content\/uploads\/2023\/08\/dos03.jpg 710w\" sizes=\"(max-width: 300px) 100vw, 300px\" \/><\/a><\/p>\n<h2>Die Erfindung des Dosador\/Rap\u00e9 Dosierl\u00f6ffels<\/h2>\n<p>Als ich das erste Mal mit rap\u00e9 in Ber\u00fchrung kam, benutzte ein Freund von mir einen kleinen Bambusstab, um die Schnupftabakanwendung vorzubereiten. Das schien mir eine sehr einfache und saubere Methode zu sein. Als ich meinen Freund fragte, woher er die Idee hatte, das so zu machen, erz\u00e4hlte er mir eine kleine Geschichte. Mein Freund Marco war mit seinem Caboclo-Schamanen-Lehrer und Freund Antonio im Wald von Acre. Als sie rap\u00e9 anwenden wollten, nahm Francisco sein Messer und machte innerhalb weniger Minuten einen einfachen Dosierl\u00f6ffel aus einem kleinen Holzstab. Als mein Freund Marco Antonio fragte, wie er es nennen sollte, sagte er: \"Es ist ein Dosador\". Diese Geschichte, die mir mein Freund Marco erz\u00e4hlte, ereignete sich vor 18 Jahren.<\/p>\n<figure id=\"attachment_1305\" aria-describedby=\"caption-attachment-1305\" style=\"width: 240px\" class=\"wp-caption aligncenter\"><a href=\"http:\/\/orisha-ossain.com\/wp-content\/uploads\/2023\/08\/Antonio-Francisco-dos-Santos-Francisquinho.jpg\"><img decoding=\"async\" class=\"wp-image-1305 size-medium\" src=\"http:\/\/orisha-ossain.com\/wp-content\/uploads\/2023\/08\/Antonio-Francisco-dos-Santos-Francisquinho-240x300.jpg\" alt=\"Antonio Francisco dos Santos , einer der Erfinder des Dosador, rap\u00e9-Dosiersch\u00f6pfer\" width=\"240\" height=\"300\" srcset=\"https:\/\/orisha-ossain.com\/wp-content\/uploads\/2023\/08\/Antonio-Francisco-dos-Santos-Francisquinho-240x300.jpg 240w, https:\/\/orisha-ossain.com\/wp-content\/uploads\/2023\/08\/Antonio-Francisco-dos-Santos-Francisquinho.jpg 480w\" sizes=\"(max-width: 240px) 100vw, 240px\" \/><\/a><figcaption id=\"caption-attachment-1305\" class=\"wp-caption-text\">Antonio Francisco dos Santos<\/figcaption><\/figure>\n<h2>Vorteile der Verwendung eines Dosadors<\/h2>\n<p>Es ist leicht einzusehen, dass die Verwendung eines Dosierl\u00f6ffels Ihre H\u00e4nde sauber h\u00e4lt. Au\u00dferdem verhindern Sie so den Verlust Ihres kostbaren Schnupftabaks. Au\u00dferdem ist es ein besserer und pr\u00e4ziserer Weg, zwei identische Dosen herzustellen.<\/p>\n<h2>Rap\u00e9-Dosierl\u00f6ffel\/Dosador selbst herstellen<\/h2>\n<p>F\u00fcr die Herstellung der Schaufel brauchst du getrockneten Bambus, ein kleines K\u00fcchenmesser und eine kleine Hands\u00e4ge. Bambus w\u00e4chst an vielen Orten und kann auch trocken in Gartengesch\u00e4ften gekauft werden. Kreative K\u00f6pfe werden keine Probleme haben, ihren Dosador herzustellen.<\/p>\n<h2 style=\"text-align: center;\"><a href=\"http:\/\/orisha-ossain.com\/de\/product-category\/tepi\/\">Tepi<\/a> und <a href=\"http:\/\/orisha-ossain.com\/de\/kuripe\/\">Kuripe<\/a><span style=\"font-size: 16px;\">\u00a0<\/span><\/h2>\n<p style=\"text-align: center;\">Werfen Sie einen Blick auf die Kollektion von Tepi und Kuripe. Verschiedene Stile von verschiedenen K\u00fcnstlern sind verf\u00fcgbar. <a style=\"font-weight: bold; font-family: var(--global-body-font-family);\" href=\"http:\/\/orisha-ossain.com\/wp-content\/uploads\/2023\/06\/Tepi-Blessings.jpg\"><img decoding=\"async\" class=\"wp-image-55 size-medium aligncenter\" src=\"http:\/\/orisha-ossain.com\/wp-content\/uploads\/2023\/06\/Tepi-Blessings-300x199.jpg\" alt=\"Tepis erhalten Segen von ihren Sch\u00f6pfern\" width=\"300\" height=\"199\" srcset=\"https:\/\/orisha-ossain.com\/wp-content\/uploads\/2023\/06\/Tepi-Blessings-300x199.jpg 300w, https:\/\/orisha-ossain.com\/wp-content\/uploads\/2023\/06\/Tepi-Blessings.jpg 640w\" sizes=\"(max-width: 300px) 100vw, 300px\" \/><\/a><span style=\"font-size: 14px; font-family: var(--global-body-font-family);\">Tepis erhalten Segen von ihren Sch\u00f6pfern<\/span><\/p>","protected":false},"excerpt":{"rendered":"<p>Der rap\u00e9 Dosierl\u00f6ffel ist ein einfaches Werkzeug, um den Schnupftabak einfach und sauber aus dem Beh\u00e4lter in das Blasrohr zu bekommen. Hergestellt in Brasilien aus hartem Bambus und verziert mit einheimischen Mustern. Sie haben verschiedene Breiten und sind mit K\u00fcnstlerton verziert. Jetzt erh\u00e4ltlich in 2 verschiedenen Stilen, Olho de Cabra &amp; Rusraksa.<\/p>\n<p>Passt in die meisten Tepi.<br \/>\nAchtung ! Wenn Sie eine Kurpfeife mit kleinem Durchmesser haben, wird die Schaufel nicht passen!<\/p>","protected":false},"featured_media":3581,"template":"","meta":{"_seopress_robots_primary_cat":"none","_seopress_titles_title":"Rap\u00e9 Dosage Scoop - Easy ,Clean & Precise - Orisha Ossain","_seopress_titles_desc":"A rap\u00e9 dosage scoop is a simple tool to get your snuff from your container in your blowpipe in a easy and clean way. Now availeble in two styles.","_seopress_robots_index":"","_kad_blocks_custom_css":"","_kad_blocks_head_custom_js":"","_kad_blocks_body_custom_js":"","_kad_blocks_footer_custom_js":"","_kad_post_transparent":"default","_kad_post_title":"","_kad_post_layout":"default","_kad_post_sidebar_id":"","_kad_post_content_style":"default","_kad_post_vertical_padding":"default","_kad_post_feature":"","_kad_post_feature_position":"","_kad_post_header":false,"_kad_post_footer":false,"_kad_post_classname":""},"product_brand":[],"product_cat":[67,66],"product_tag":[75,76],"class_list":{"0":"post-1298","1":"product","2":"type-product","3":"status-publish","4":"has-post-thumbnail","6":"product_cat-kuripe","7":"product_cat-tepi","8":"product_tag-kuripe","9":"product_tag-tepi","11":"first","12":"instock","13":"featured","14":"taxable","15":"shipping-taxable","16":"purchasable","17":"product-type-variable","18":"entry","19":"content-bg","20":"loop-entry"},"taxonomy_info":{"product_cat":[{"value":67,"label":"Kuripe"},{"value":66,"label":"Tepi"}],"product_tag":[{"value":75,"label":"Kuripe"},{"value":76,"label":"Tepi"}]},"featured_image_src_large":["https:\/\/orisha-ossain.com\/wp-content\/uploads\/2024\/07\/scoopr-011-1024x906.jpg",1024,906,true],"author_info":[],"comment_info":"","_links":{"self":[{"href":"https:\/\/orisha-ossain.com\/de\/wp-json\/wp\/v2\/product\/1298","targetHints":{"allow":["GET"]}}],"collection":[{"href":"https:\/\/orisha-ossain.com\/de\/wp-json\/wp\/v2\/product"}],"about":[{"href":"https:\/\/orisha-ossain.com\/de\/wp-json\/wp\/v2\/types\/product"}],"wp:featuredmedia":[{"embeddable":true,"href":"https:\/\/orisha-ossain.com\/de\/wp-json\/wp\/v2\/media\/3581"}],"wp:attachment":[{"href":"https:\/\/orisha-ossain.com\/de\/wp-json\/wp\/v2\/media?parent=1298"}],"wp:term":[{"taxonomy":"product_brand","embeddable":true,"href":"https:\/\/orisha-ossain.com\/de\/wp-json\/wp\/v2\/product_brand?post=1298"},{"taxonomy":"product_cat","embeddable":true,"href":"https:\/\/orisha-ossain.com\/de\/wp-json\/wp\/v2\/product_cat?post=1298"},{"taxonomy":"product_tag","embeddable":true,"href":"https:\/\/orisha-ossain.com\/de\/wp-json\/wp\/v2\/product_tag?post=1298"}],"curies":[{"name":"wp","href":"https:\/\/api.w.org\/{rel}","templated":true}]}}