{"id":1176,"date":"2023-08-01T15:49:41","date_gmt":"2023-08-01T13:49:41","guid":{"rendered":"http:\/\/orisha-ossain.com\/?post_type=product&#038;p=1176"},"modified":"2025-12-15T14:37:34","modified_gmt":"2025-12-15T13:37:34","slug":"breu-branco-incense-resin","status":"publish","type":"product","link":"https:\/\/orisha-ossain.com\/de\/product\/breu-branco-incense-resin\/","title":{"rendered":"Breu Branco Weihrauch-Harz"},"content":{"rendered":"<h2>Breu Branco<\/h2>\n<p>Breu Branco ist das heilige Harz des Amazonas-Regenwaldes mit einem angenehmen und frischen Duft. Die Indianer verwenden es bei Zeremonien, Heilungsritualen und zur Erzeugung guter Energie. Es wird aus dem Herzen des Stammes des Baumes geerntet, der lokal als Almecegueira bekannt ist. Seine wichtigsten therapeutic Eigenschaften sind die Reinigung des astralen Feldes und spirituelle Erhebung.<\/p>\n<figure id=\"attachment_1185\" aria-describedby=\"caption-attachment-1185\" style=\"width: 300px\" class=\"wp-caption alignright\"><a href=\"http:\/\/orisha-ossain.com\/wp-content\/uploads\/2023\/08\/Breu-branco-1-1.jpg\"><img decoding=\"async\" class=\"size-medium wp-image-1185\" src=\"http:\/\/orisha-ossain.com\/wp-content\/uploads\/2023\/08\/Breu-branco-1-1-300x185.jpg\" alt=\"breu branco\" width=\"300\" height=\"185\" srcset=\"https:\/\/orisha-ossain.com\/wp-content\/uploads\/2023\/08\/Breu-branco-1-1-300x185.jpg 300w, https:\/\/orisha-ossain.com\/wp-content\/uploads\/2023\/08\/Breu-branco-1-1.jpg 680w\" sizes=\"(max-width: 300px) 100vw, 300px\" \/><\/a><figcaption id=\"caption-attachment-1185\" class=\"wp-caption-text\">Breu Branco Harz flie\u00dft aus einem Baum<\/figcaption><\/figure>\n<p class=\"font-weight-bold text-white line-height-lg\">Breu Branco ist einer der geheimnisvollen Sch\u00e4tze des Amazonas. Aus einem Baumstamm im Schatten des Waldes tropft das wei\u00df gef\u00e4rbte Harz, das die Umgebung mit einem seltenen und \u00fcberraschenden Duft erf\u00fcllt. Nach dem Trocknen kann das Harz, das im Stamm verbleibt, von Hand entfernt werden.<\/p>\n<p>Obwohl das Wort \"branco\" wei\u00df bedeutet, \u00e4ndert sich die Farbe des Harzes nach dem Trocknen vollst\u00e4ndig.<\/p>\n<h2>Breu branco, <span class=\"tile--img__title\">Protium heptaphyllum<\/span><\/h2>\n<p>Protium heptaphyllum ist ein gro\u00dfer, holziger Baum, der immergr\u00fcn ist und 10 bis 20 Meter hoch werden kann. <i>Protium heptaphyllum<\/i>\u00a0ist in Amazonien heimisch geworden. Der Lebensraum, den diese Art bewohnt, ist der tropische Regenwald. In diesen feuchten Regionen findet man diese Art auf sandigen B\u00f6den.<\/p>\n<figure id=\"attachment_1181\" aria-describedby=\"caption-attachment-1181\" style=\"width: 300px\" class=\"wp-caption aligncenter\"><a href=\"http:\/\/orisha-ossain.com\/wp-content\/uploads\/2023\/08\/breu_branco_tree.jpg\"><img decoding=\"async\" class=\"wp-image-1181 size-medium\" src=\"http:\/\/orisha-ossain.com\/wp-content\/uploads\/2023\/08\/breu_branco_tree-300x199.jpg\" alt=\"Breu branco\" width=\"300\" height=\"199\" srcset=\"https:\/\/orisha-ossain.com\/wp-content\/uploads\/2023\/08\/breu_branco_tree-300x199.jpg 300w, https:\/\/orisha-ossain.com\/wp-content\/uploads\/2023\/08\/breu_branco_tree-768x511.jpg 768w, https:\/\/orisha-ossain.com\/wp-content\/uploads\/2023\/08\/breu_branco_tree.jpg 940w\" sizes=\"(max-width: 300px) 100vw, 300px\" \/><\/a><figcaption id=\"caption-attachment-1181\" class=\"wp-caption-text\">Protium heptaphyllum Baum<\/figcaption><\/figure>","protected":false},"excerpt":{"rendered":"<p>Gro\u00dfe Brocken Breu branco Resin<\/p>\n<p><strong>Note: <\/strong>A<br \/>\n<strong>Herkunft:<\/strong> Brasilien<br \/>\n<strong>Name der Spezies:<\/strong> Protium heptaphyllum alm\u00e9cega, breu, alm\u00edscar, breuzinho<br \/>\n<strong>Farben:<\/strong> Grau, dunkelgrau<\/p>\n<p>&nbsp;<\/p>","protected":false},"featured_media":1290,"template":"","meta":{"_seopress_robots_primary_cat":"none","_seopress_titles_title":"Breu Branco Resin - Protium Heptaphyllum - Orisha Ossain","_seopress_titles_desc":"Big chunks of Breu branco Resin\r\n\r\nGrade: A\r\nOrigin: Brazil\r\nSpecies Name: Protium heptaphyllum alm\u00e9cega,\u00a0breu, alm\u00edscar, breuzinho\r\nColors: Grey, dark grey","_seopress_robots_index":"","_kad_blocks_custom_css":"","_kad_blocks_head_custom_js":"","_kad_blocks_body_custom_js":"","_kad_blocks_footer_custom_js":"","_kad_post_transparent":"default","_kad_post_title":"","_kad_post_layout":"default","_kad_post_sidebar_id":"","_kad_post_content_style":"default","_kad_post_vertical_padding":"default","_kad_post_feature":"","_kad_post_feature_position":"","_kad_post_header":false,"_kad_post_footer":false,"_kad_post_classname":""},"product_brand":[],"product_cat":[101],"product_tag":[94,115],"class_list":{"0":"post-1176","1":"product","2":"type-product","3":"status-publish","4":"has-post-thumbnail","6":"product_cat-frankincense","7":"product_tag-brazil","8":"product_tag-frankinsence","10":"first","11":"outofstock","12":"taxable","13":"shipping-taxable","14":"purchasable","15":"product-type-variable","16":"entry","17":"content-bg","18":"loop-entry"},"taxonomy_info":{"product_cat":[{"value":101,"label":"Frankincense"}],"product_tag":[{"value":94,"label":"Brazil"},{"value":115,"label":"Frankinsence"}]},"featured_image_src_large":["https:\/\/orisha-ossain.com\/wp-content\/uploads\/2023\/08\/breu01-1024x736.jpg",1024,736,true],"author_info":[],"comment_info":"","_links":{"self":[{"href":"https:\/\/orisha-ossain.com\/de\/wp-json\/wp\/v2\/product\/1176","targetHints":{"allow":["GET"]}}],"collection":[{"href":"https:\/\/orisha-ossain.com\/de\/wp-json\/wp\/v2\/product"}],"about":[{"href":"https:\/\/orisha-ossain.com\/de\/wp-json\/wp\/v2\/types\/product"}],"wp:featuredmedia":[{"embeddable":true,"href":"https:\/\/orisha-ossain.com\/de\/wp-json\/wp\/v2\/media\/1290"}],"wp:attachment":[{"href":"https:\/\/orisha-ossain.com\/de\/wp-json\/wp\/v2\/media?parent=1176"}],"wp:term":[{"taxonomy":"product_brand","embeddable":true,"href":"https:\/\/orisha-ossain.com\/de\/wp-json\/wp\/v2\/product_brand?post=1176"},{"taxonomy":"product_cat","embeddable":true,"href":"https:\/\/orisha-ossain.com\/de\/wp-json\/wp\/v2\/product_cat?post=1176"},{"taxonomy":"product_tag","embeddable":true,"href":"https:\/\/orisha-ossain.com\/de\/wp-json\/wp\/v2\/product_tag?post=1176"}],"curies":[{"name":"wp","href":"https:\/\/api.w.org\/{rel}","templated":true}]}}