{"id":1164,"date":"2023-08-01T15:10:01","date_gmt":"2023-08-01T13:10:01","guid":{"rendered":"http:\/\/orisha-ossain.com\/?post_type=product&#038;p=1164"},"modified":"2026-04-15T00:08:04","modified_gmt":"2026-04-14T22:08:04","slug":"rape-sample-pack","status":"publish","type":"product","link":"https:\/\/orisha-ossain.com\/de\/product\/rape-sample-pack\/","title":{"rendered":"Rap\u00e9 Sample Pack"},"content":{"rendered":"<h2>Rap\u00e9 Probepackung von 5 Gramm.<\/h2>\n<p>Nachdem Sie Ihr(e) Musterpaket(e) in den Warenkorb gelegt haben, gelangen Sie zur <strong>Kassenfeld<\/strong>. Es gibt zwei Dinge, die Sie tun k\u00f6nnen.<\/p>\n<ol>\n<li>Vervollst\u00e4ndigen Sie Ihre Bestellung und <strong>Ich w\u00e4hle f\u00fcr Sie eine Vielzahl von Typen aus.<\/strong><\/li>\n<li><strong>Verwenden Sie das Feld \"Auftragsnotiz\", um mir mitzuteilen, was Sie suchen<\/strong> <strong>f\u00fcr<\/strong>ob Sie hellere oder st\u00e4rkere Typen erforschen wollen oder in welche Richtungen Sie forschen und testen wollen.<\/li>\n<\/ol>\n<p>Das Feld f\u00fcr die Bestellnotiz befindet sich am Ende der Kassenseite.<\/p>","protected":false},"excerpt":{"rendered":"<p>Hier k\u00f6nnen Sie eine rap\u00e9-Probenpackung (zum Testen) bestellen. Eine Probepackung enth\u00e4lt 5 Gramm rap\u00e9.<\/p>\n<p>Sie k\u00f6nnen sich entweder f\u00fcr ein von mir ausgew\u00e4hltes Musterpaket oder f\u00fcr ein auf Ihre speziellen W\u00fcnsche zugeschnittenes Paket entscheiden.<\/p>","protected":false},"featured_media":34576,"template":"","meta":{"_seopress_robots_primary_cat":"none","_seopress_titles_title":"Rap\u00e9 Sample Pack - Test Before Ordering Large Quantities","_seopress_titles_desc":"This is the place to order a rap\u00e9 sample pack. One sample pack holds 5 grams of rap\u00e9. I will send you these packs according to your desire.","_seopress_robots_index":"","_kad_blocks_custom_css":"","_kad_blocks_head_custom_js":"","_kad_blocks_body_custom_js":"","_kad_blocks_footer_custom_js":"","_kad_post_transparent":"default","_kad_post_title":"","_kad_post_layout":"default","_kad_post_sidebar_id":"","_kad_post_content_style":"default","_kad_post_vertical_padding":"default","_kad_post_feature":"","_kad_post_feature_position":"","_kad_post_header":false,"_kad_post_footer":false,"_kad_post_classname":""},"product_brand":[],"product_cat":[50],"product_tag":[],"class_list":{"0":"post-1164","1":"product","2":"type-product","3":"status-publish","4":"has-post-thumbnail","6":"product_cat-rape","8":"first","9":"instock","10":"taxable","11":"shipping-taxable","12":"purchasable","13":"product-type-simple","14":"entry","15":"content-bg","16":"loop-entry"},"taxonomy_info":{"product_cat":[{"value":50,"label":"Rap\u00e9"}]},"featured_image_src_large":["https:\/\/orisha-ossain.com\/wp-content\/uploads\/2024\/11\/20241106_173539-e1730936333152-1024x1024.jpg",1024,1024,true],"author_info":[],"comment_info":"","_links":{"self":[{"href":"https:\/\/orisha-ossain.com\/de\/wp-json\/wp\/v2\/product\/1164","targetHints":{"allow":["GET"]}}],"collection":[{"href":"https:\/\/orisha-ossain.com\/de\/wp-json\/wp\/v2\/product"}],"about":[{"href":"https:\/\/orisha-ossain.com\/de\/wp-json\/wp\/v2\/types\/product"}],"wp:featuredmedia":[{"embeddable":true,"href":"https:\/\/orisha-ossain.com\/de\/wp-json\/wp\/v2\/media\/34576"}],"wp:attachment":[{"href":"https:\/\/orisha-ossain.com\/de\/wp-json\/wp\/v2\/media?parent=1164"}],"wp:term":[{"taxonomy":"product_brand","embeddable":true,"href":"https:\/\/orisha-ossain.com\/de\/wp-json\/wp\/v2\/product_brand?post=1164"},{"taxonomy":"product_cat","embeddable":true,"href":"https:\/\/orisha-ossain.com\/de\/wp-json\/wp\/v2\/product_cat?post=1164"},{"taxonomy":"product_tag","embeddable":true,"href":"https:\/\/orisha-ossain.com\/de\/wp-json\/wp\/v2\/product_tag?post=1164"}],"curies":[{"name":"wp","href":"https:\/\/api.w.org\/{rel}","templated":true}]}}