{"id":103,"date":"2023-06-21T19:28:08","date_gmt":"2023-06-21T17:28:08","guid":{"rendered":"http:\/\/orisha-ossain.com\/?post_type=product&#038;p=103"},"modified":"2025-12-08T16:22:45","modified_gmt":"2025-12-08T15:22:45","slug":"pau-pereira-ash","status":"publish","type":"product","link":"https:\/\/orisha-ossain.com\/de\/product\/pau-pereira-ash\/","title":{"rendered":"Pau Pereira Esche"},"content":{"rendered":"<h1><span style=\"font-size: 12pt;\">Pau Pereira Identifizierung<\/span><\/h1>\n<p>Ich bin vorsichtig mit Informationen dar\u00fcber, welcher Baum Pau Pereira ist, und wie sein lateinischer Name lautet.  Durch einfaches Googeln Pau Pereira k\u00f6nnte Platycyamus regnellii sein, aber es gibt auch Informationen sagen, es ist Geissospermum vellosii.<\/p>\n<p>Was ich wei\u00df, ist, dass Pau Pereira nicht Tsunu ist. Bei meinen Besuchen in Brasilien habe ich erfahren, dass Pau Pereira ein Baum ist, der eher im brasilianischen Atlantikwald vorkommt. Dennoch erwerben einige St\u00e4mme diesen ash aus dem Amazonaswald.<\/p>\n<p>Auch jetzt noch gibt es Brasilianer, die behaupten, Tsunu und Pau Pereira seien dasselbe. Viele Orte, die rap\u00e9 im Internet verkaufen, haben ihre Informationen nicht aktualisiert oder kennen den Unterschied einfach nicht.<\/p>\n<h2><a href=\"http:\/\/orisha-ossain.com\/wp-content\/uploads\/2023\/06\/fire-and-work-space-in-bature.jpeg\"><img decoding=\"async\" class=\"alignright wp-image-54 size-medium\" src=\"http:\/\/orisha-ossain.com\/wp-content\/uploads\/2023\/06\/fire-and-work-space-in-bature-300x231.jpeg\" alt=\"Ort in der Natur mit einem Feuer im Vordergrund und Werkzeugen im Hintergrund, brennende Rinde f\u00fcr Pau Pereira ash\" width=\"300\" height=\"231\" srcset=\"https:\/\/orisha-ossain.com\/wp-content\/uploads\/2023\/06\/fire-and-work-space-in-bature-300x231.jpeg 300w, https:\/\/orisha-ossain.com\/wp-content\/uploads\/2023\/06\/fire-and-work-space-in-bature-1024x789.jpeg 1024w, https:\/\/orisha-ossain.com\/wp-content\/uploads\/2023\/06\/fire-and-work-space-in-bature-768x592.jpeg 768w, https:\/\/orisha-ossain.com\/wp-content\/uploads\/2023\/06\/fire-and-work-space-in-bature.jpeg 1059w\" sizes=\"(max-width: 300px) 100vw, 300px\" \/><\/a><span style=\"font-size: 12pt;\">Das brennende Feuer\u00a0<\/span><\/h2>\n<p>Drei Rinden ashes sind ein wesentlicher Bestandteil der meisten brasilianischen Rap\u00e9-Arten. Die Rinde stammt von verschiedenen Heilb\u00e4umen. Oft wird sie in der Region gefunden, in der indigene St\u00e4mme leben, manchmal aber auch von anderen B\u00e4umen aus anderen Regionen Brasiliens.<\/p>\n<p>Die Herstellung von ash ist ein Prozess, den ich miterlebt und mitgestaltet habe. Die Art und Weise, wie man die Rinde brennt, um ein gutes Ergebnis zu erzielen, erfordert Erfahrung. Das Feuer, das die Rinde verbrennt, sollte nicht zu hart, aber auch nicht zu weich brennen.<br \/>\nEin Rindenfeuer kann viele Stunden lang brennen und braucht etwas Aufmerksamkeit. Bei einer guten Verbrennung sollte so viel wie m\u00f6glich auf ash reduziert werden. Es soll so wenig Holzkohle wie m\u00f6glich in der Grube verbleiben.<\/p>\n<p><a href=\"http:\/\/orisha-ossain.com\/wp-content\/uploads\/2023\/06\/working-on-the-fire-tsunu-bark-burning.jpeg\"><img decoding=\"async\" class=\"aligncenter wp-image-56 size-medium\" src=\"http:\/\/orisha-ossain.com\/wp-content\/uploads\/2023\/06\/working-on-the-fire-tsunu-bark-burning-225x300.jpeg\" alt=\"Mann legt seinen Feuerstab in die Feuergrube, in der Rinde f\u00fcr die Herstellung von Pau Pereira ash verbrannt wird\" width=\"225\" height=\"300\" srcset=\"https:\/\/orisha-ossain.com\/wp-content\/uploads\/2023\/06\/working-on-the-fire-tsunu-bark-burning-225x300.jpeg 225w, https:\/\/orisha-ossain.com\/wp-content\/uploads\/2023\/06\/working-on-the-fire-tsunu-bark-burning-768x1024.jpeg 768w, https:\/\/orisha-ossain.com\/wp-content\/uploads\/2023\/06\/working-on-the-fire-tsunu-bark-burning.jpeg 960w\" sizes=\"(max-width: 225px) 100vw, 225px\" \/><\/a><\/p>\n<h2><span style=\"font-size: 12pt;\">Siebung und Reinigung<\/span><\/h2>\n<p>Nach dem Einsammeln des ash am n\u00e4chsten Tag folgt eine Reihe von Siebstufen. Durch den Siebvorgang werden verschiedene Verunreinigungen wie Sand und winzige St\u00fccke von unverbranntem Holz entfernt. Jetzt sind die gereinigten ash fertig. Das erneute Erhitzen der ashes auf einem hei\u00dfen Feuer sorgt daf\u00fcr, dass die ashes knochentrocken sind.<\/p>\n<h2><span style=\"font-size: 12pt;\">Verringerung der Masse<\/span><\/h2>\n<p>Die Verbrennung von Rinde zur Gewinnung von ash bringt nat\u00fcrlich einen enormen Verlust an Masse mit sich. Im Allgemeinen kann man bei guter Kenntnis der Herstellung von ash aus 10 Kilo Rinde etwa 500 Gramm ash gewinnen. Nach dem Verbrennen von 10 Kilo Rinde und der Verarbeitung der Reste sind also 20% des Ausgangsgewichts sauberes und verwertbares ash.<br \/>\nDiese Zahl kann je nach Art der Rinde, der Art der Verbrennung, der Feuchtigkeit der Rinde und anderen Faktoren variieren.<\/p>\n<h2><span style=\"font-size: 12pt;\">Der alchemistische K\u00f6rper, Salz<\/span><\/h2>\n<p>Aus alchemistischer Sicht stellen die ashes den K\u00f6rper der Rinde in konzentrierter Form dar. Diese ashes enthalten das Mineralsalz der Rinde. Die Verwendung von medizinischen ashes hat eine lange Geschichte. Bereits in der altindischen alchemistischen Tradition wurde die Arbeit mit ashes aufgezeichnet.<br \/>\nDies geht auf mindestens 4000 v. Chr. zur\u00fcck (<a href=\"https:\/\/www.google.nl\/url?sa=t&amp;rct=j&amp;q=&amp;esrc=s&amp;source=web&amp;cd=7&amp;cad=rja&amp;uact=8&amp;ved=2ahUKEwi29oKQ6srhAhXFbFAKHTmRABAQFjAGegQIDBAC&amp;url=http%3A%2F%2Fwww.ccras.nic.in%2Fsites%2Fdefault%2Ffiles%2Fviewpdf%2Fjimh%2FBIIHM_1996%2F11%2520to%252038.pdf&amp;usg=AOvVaw2i8Vq-xMI8RnpjblcMZ5Ab\">Quelle<\/a>). Es ist interessant zu wissen, dass w\u00e4hrend unserer irdischen Geschichte das Wissen um die Arbeit mit ashes irgendwie seinen Weg zu den Amazonas-Indianern fand. Ein interessanter Artikel \u00fcber die Verwendung von ash durch die Witoto-Indianer im Amazonasgebiet kann gelesen werden <a href=\"https:\/\/www.ncbi.nlm.nih.gov\/pubmed\/21986228\">hier<\/a>. In der neoalchemistischen Tradition der\u00a0<a href=\"https:\/\/www.evolvedalchemy.com\/what-is-spagyrics\">Spagyrik<\/a>Auch die alchemistischen Salze haben eine wichtige Funktion.<\/p>\n<p><strong>Auszug aus dem Buch: Der alchemistische K\u00f6rper: Siddha-Traditionen im mittelalterlichen Indien.<\/strong><\/p>\n<p style=\"text-align: center;\">Visnu erschafft die Erde mit ashes aus Gorakh's dhuni.<\/p>\n<p style=\"text-align: center;\">Doch es sind auch die ashes, zu denen das Universum zur\u00fcckkehren wird, und das sind die ashes, die den K\u00f6rper der kosmischen Schlange Sesa bilden. Aber Sesa ist auch eine giftige Schlange, deren feuriger Atem selbst alle Materie zu ashes reduziert.<\/p>\n<p style=\"text-align: center;\">Als solcher ist er wie Siva, der, der einen ashen-K\u00f6rper besitzt und ashes an seinem yogischen K\u00f6rper tr\u00e4gt, ebenfalls alle Materie in der universellen Aufl\u00f6sung zu ashes reduziert. Eine Aufl\u00f6sung, die in seiner Verbrennung von Kama mit dem yogischen Feuer, das er aus seinem dritten Auge ausstrahlt, dramatisch dargestellt wird. Sivas sch\u00f6pferischer Samen wird zerst\u00f6rerisch, wenn er sich yogisch, durch die Erh\u00f6hung der inneren Kundalini-Schlange, in Feuer verwandelt hat; doch ist er auch aufgrund seiner yogischen Praxis immun gegen das kalkhaltige Gift, das von der gro\u00dfen Schlange Vasuki ausgespuckt wird und das, wenn er es im Mythos der Aufw\u00fchlung des Milchozeans trinkt, seine Kehle blau f\u00e4rbt.<\/p>\n<h2><span style=\"font-size: 12pt;\">Wie zu verwenden<\/span><\/h2>\n<p>Sie k\u00f6nnen dieses ash mit pulverisierten Kr\u00e4utern mischen, um Ihre eigene Rap\u00e9-Variante zu kreieren. Wenn du die Energie und Kraft des ash studieren und lernen m\u00f6chtest, dann verwende es auf die gleiche Weise wie Rap\u00e9.<br \/>\nWenn Sie Ihren Finger befeuchten und ein wenig ash von Ihrem Finger auf Ihre Zunge geben, sp\u00fcren Sie ein kurzes, prickelndes Taubheitsgef\u00fchl, das einige Sekunden anh\u00e4lt.<br \/>\nEinige ashs geben Ihnen diese Empfindungen und andere nicht (das bedeutet nicht, dass das eine weniger stark ist als das andere). Es ist nur eine weitere einfache M\u00f6glichkeit, mehr \u00fcber ash zu erfahren und sich mit seiner Energie zu verbinden. Die alkalischen ashes helfen dabei, die Mischung zu basifizieren.<\/p>\n<h2><span style=\"font-size: 12pt;\">Ablage<\/span><\/h2>\n<p>Asche ist hygroskopisch. Das bedeutet, dass sie die Tendenz hat, Wasser aus der Luft an sich zu ziehen. Wenn Sie Ihre eigenen Rap\u00e9-Mischungen herstellen, sollten Sie die Zeit, in der Sie sie der Luft aussetzen, begrenzen. Nach dem Mischen ist es ratsam, das neu hergestellte rap\u00e9 in einen beliebigen luftdichten Beh\u00e4lter zu geben. Die rap\u00e9 ashes, die Sie hier finden, sind alle vor der Lagerung entfeuchtet worden.<\/p>\n<h2 style=\"text-align: center;\"><span style=\"font-size: 12pt;\"><a href=\"http:\/\/orisha-ossain.com\/de\/product-category\/tepi\/\">Tepi <\/a>und <a href=\"http:\/\/orisha-ossain.com\/de\/product-category\/kuripe\/\">Kuripe<\/a><\/span><\/h2>\n<p style=\"text-align: center;\">Werfen Sie einen Blick auf die Kollektion von Tepi und Kuripe. Verschiedene Stile von verschiedenen K\u00fcnstlern sind verf\u00fcgbar. <a style=\"font-weight: bold; font-family: var(--global-body-font-family);\" href=\"http:\/\/orisha-ossain.com\/wp-content\/uploads\/2023\/06\/Tepi-Blessings.jpg\"><img decoding=\"async\" class=\"wp-image-55 size-medium aligncenter\" src=\"http:\/\/orisha-ossain.com\/wp-content\/uploads\/2023\/06\/Tepi-Blessings-300x199.jpg\" alt=\"Tepis erhalten Segen von ihren Sch\u00f6pfern\" width=\"300\" height=\"199\" srcset=\"https:\/\/orisha-ossain.com\/wp-content\/uploads\/2023\/06\/Tepi-Blessings-300x199.jpg 300w, https:\/\/orisha-ossain.com\/wp-content\/uploads\/2023\/06\/Tepi-Blessings.jpg 640w\" sizes=\"(max-width: 300px) 100vw, 300px\" \/><\/a><span style=\"font-size: 14px; font-family: var(--global-body-font-family);\">Tepis erhalten Segen von ihren Sch\u00f6pfern<\/span><\/p>\n<h2><span style=\"font-size: 12pt;\">Handhabung und Lagerung<\/span><\/h2>\n<p>Ich dehydriere dieses Pau Pereira ash und alle anderen ash aus meinem Gesch\u00e4ft. Anschlie\u00dfend siebe ich das ash durch ein 35-Mikron-Edelstahlsieb. Au\u00dferdem lagere ich die ash-Vorr\u00e4te trocken und in Vakuumbeh\u00e4ltern, um die Frische und Qualit\u00e4t zu erhalten.<\/p>\n<p>Dies f\u00fchrt zu.<\/p>\n<ul>\n<li>ein extrem feines Pulver.<\/li>\n<li>eine garantiert gleichbleibende Feinheit<\/li>\n<li>optimale Aufnahme des Schnupftabaks<\/li>\n<\/ul>","protected":false},"excerpt":{"rendered":"<p>Dieses Pau Pereira ash wird von einem Caboclo aus dem atlantischen Wald im westlichen Teil Brasiliens hergestellt. Oft wird Pau Pereira als Tsunu oder andersherum verwendet und verkauft. In Wirklichkeit sind es zwei verschiedene Arten von B\u00e4umen, aus denen die ashes hergestellt werden.<\/p>","protected":false},"featured_media":35714,"template":"","meta":{"_seopress_robots_primary_cat":"none","_seopress_titles_title":"Pau Pereira Ash - Pure & Dry for Blending Rap\u00e9 - Ossain","_seopress_titles_desc":"his Pau Pereira ash is made by a caboclo from the Atlantic forest in the western part of Brazil. Many times Pau Pereira is used and sold as Tsunu or the","_seopress_robots_index":"","_kad_blocks_custom_css":"","_kad_blocks_head_custom_js":"","_kad_blocks_body_custom_js":"","_kad_blocks_footer_custom_js":"","_kad_post_transparent":"default","_kad_post_title":"","_kad_post_layout":"default","_kad_post_sidebar_id":"","_kad_post_content_style":"default","_kad_post_vertical_padding":"default","_kad_post_feature":"","_kad_post_feature_position":"","_kad_post_header":false,"_kad_post_footer":false,"_kad_post_classname":""},"product_brand":[],"product_cat":[16],"product_tag":[146],"class_list":{"0":"post-103","1":"product","2":"type-product","3":"status-publish","4":"has-post-thumbnail","6":"product_cat-ashes","7":"product_tag-traditional-ashes","9":"first","10":"instock","11":"taxable","12":"shipping-taxable","13":"purchasable","14":"product-type-variable","15":"entry","16":"content-bg","17":"loop-entry"},"taxonomy_info":{"product_cat":[{"value":16,"label":"Ashes"}],"product_tag":[{"value":146,"label":"Traditional Ash"}]},"featured_image_src_large":["https:\/\/orisha-ossain.com\/wp-content\/uploads\/2024\/11\/Pau-Pereira_Orisha_Ossain.png",736,736,false],"author_info":[],"comment_info":"","_links":{"self":[{"href":"https:\/\/orisha-ossain.com\/de\/wp-json\/wp\/v2\/product\/103","targetHints":{"allow":["GET"]}}],"collection":[{"href":"https:\/\/orisha-ossain.com\/de\/wp-json\/wp\/v2\/product"}],"about":[{"href":"https:\/\/orisha-ossain.com\/de\/wp-json\/wp\/v2\/types\/product"}],"wp:featuredmedia":[{"embeddable":true,"href":"https:\/\/orisha-ossain.com\/de\/wp-json\/wp\/v2\/media\/35714"}],"wp:attachment":[{"href":"https:\/\/orisha-ossain.com\/de\/wp-json\/wp\/v2\/media?parent=103"}],"wp:term":[{"taxonomy":"product_brand","embeddable":true,"href":"https:\/\/orisha-ossain.com\/de\/wp-json\/wp\/v2\/product_brand?post=103"},{"taxonomy":"product_cat","embeddable":true,"href":"https:\/\/orisha-ossain.com\/de\/wp-json\/wp\/v2\/product_cat?post=103"},{"taxonomy":"product_tag","embeddable":true,"href":"https:\/\/orisha-ossain.com\/de\/wp-json\/wp\/v2\/product_tag?post=103"}],"curies":[{"name":"wp","href":"https:\/\/api.w.org\/{rel}","templated":true}]}}