{"id":372,"date":"2023-06-29T16:23:52","date_gmt":"2023-06-29T14:23:52","guid":{"rendered":"http:\/\/orisha-ossain.com\/?page_id=372"},"modified":"2025-01-15T19:32:59","modified_gmt":"2025-01-15T18:32:59","slug":"shipping-policy","status":"publish","type":"page","link":"https:\/\/orisha-ossain.com\/de\/shipping-policy\/","title":{"rendered":"Versand Richtlinie"},"content":{"rendered":"<p>Die Preise sind in (\u20ac) Euro angegeben. F\u00fcr die Umrechnung empfehle ich die Verwendung eines W\u00e4hrungsumrechners. Jegliche Einfuhrz\u00f6lle, Steuern oder Vermittlungsgeb\u00fchren, die zum Zeitpunkt der Lieferung f\u00e4llig werden, liegen in der alleinigen Verantwortung des empfangenden Kunden. Packzettel f\u00fcr internationale Sendungen k\u00f6nnen nicht als \"Geschenk\" oder mit ge\u00e4nderten Preisen gekennzeichnet werden.<\/p>\n\n\n\n<p>Einige Artikel k\u00f6nnen aufgrund von Beschr\u00e4nkungen nicht in bestimmte L\u00e4nder versandt werden. Es liegt in der Verantwortung des Kunden, zu pr\u00fcfen, ob es in seinem Land Einschr\u00e4nkungen gibt. Alle Artikel, die per Nachnahme versandt werden oder f\u00fcr die Orisha Ossain bei der Lieferung zus\u00e4tzliche Vermittlungsgeb\u00fchren berechnet werden, werden abgelehnt.<\/p>\n\n\n\n<p>Um eine Bestellung aufzugeben, legen Sie bitte die gew\u00fcnschten Artikel in den Warenkorb und nutzen Sie unsere Standard-Kaufabwicklung, um Ihre Bestellung aufzugeben. Die Versandkosten und der Zeitrahmen werden vor der Eingabe Ihrer Zahlungsinformationen f\u00fcr Sie berechnet. Kunden mit Fragen k\u00f6nnen mich per E-Mail kontaktieren.<\/p>","protected":false},"excerpt":{"rendered":"<p>Prices are shown in (\u20ac) Euro. For conversion, I recommend using a Currency Converter. Any import duties, taxes, or brokerage fees due at the time of delivery are the sole responsibility of the receiving customer. Packing slips for International Shipments cannot be marked as a &#8220;gift&#8221; or with altered prices. Some items may not be&#8230;<\/p>","protected":false},"author":1,"featured_media":0,"parent":0,"menu_order":0,"comment_status":"closed","ping_status":"closed","template":"","meta":{"_seopress_robots_primary_cat":"","_seopress_titles_title":"","_seopress_titles_desc":"","_seopress_robots_index":"","_kad_blocks_custom_css":"","_kad_blocks_head_custom_js":"","_kad_blocks_body_custom_js":"","_kad_blocks_footer_custom_js":"","_kad_post_transparent":"","_kad_post_title":"","_kad_post_layout":"right","_kad_post_sidebar_id":"","_kad_post_content_style":"","_kad_post_vertical_padding":"","_kad_post_feature":"","_kad_post_feature_position":"","_kad_post_header":false,"_kad_post_footer":false,"_kad_post_classname":"","footnotes":""},"class_list":["post-372","page","type-page","status-publish"],"taxonomy_info":[],"featured_image_src_large":false,"author_info":{"display_name":"admin","author_link":"https:\/\/orisha-ossain.com\/de\/author\/admin\/"},"comment_info":0,"_links":{"self":[{"href":"https:\/\/orisha-ossain.com\/de\/wp-json\/wp\/v2\/pages\/372","targetHints":{"allow":["GET"]}}],"collection":[{"href":"https:\/\/orisha-ossain.com\/de\/wp-json\/wp\/v2\/pages"}],"about":[{"href":"https:\/\/orisha-ossain.com\/de\/wp-json\/wp\/v2\/types\/page"}],"author":[{"embeddable":true,"href":"https:\/\/orisha-ossain.com\/de\/wp-json\/wp\/v2\/users\/1"}],"replies":[{"embeddable":true,"href":"https:\/\/orisha-ossain.com\/de\/wp-json\/wp\/v2\/comments?post=372"}],"version-history":[{"count":0,"href":"https:\/\/orisha-ossain.com\/de\/wp-json\/wp\/v2\/pages\/372\/revisions"}],"wp:attachment":[{"href":"https:\/\/orisha-ossain.com\/de\/wp-json\/wp\/v2\/media?parent=372"}],"curies":[{"name":"wp","href":"https:\/\/api.w.org\/{rel}","templated":true}]}}