{"id":368,"date":"2023-06-29T16:21:12","date_gmt":"2023-06-29T14:21:12","guid":{"rendered":"http:\/\/orisha-ossain.com\/?page_id=368"},"modified":"2025-01-15T19:32:04","modified_gmt":"2025-01-15T18:32:04","slug":"terms-conditions","status":"publish","type":"page","link":"https:\/\/orisha-ossain.com\/de\/terms-conditions\/","title":{"rendered":"Bedingungen und Konditionen"},"content":{"rendered":"<h6 class=\"wp-block-heading\"><strong>Vereinbarung<\/strong><\/h6>\n\n\n\n<p>Die Nutzung dieser Website unterliegt den nachstehenden Bedingungen, sei es f\u00fcr historische, wissenschaftliche und\/oder p\u00e4dagogische Zwecke oder f\u00fcr die Bestellung von Produkten. Wenn Sie Orisha Ossain besuchen oder dort einkaufen, erkl\u00e4ren Sie sich mit diesen Bedingungen einverstanden. Bitte lesen Sie sie sorgf\u00e4ltig durch.<\/p>\n\n\n\n<h6 class=\"wp-block-heading\"><strong>Recht<\/strong><\/h6>\n\n\n\n<p>Ich mache keine Annahmen oder Zusicherungen, dass die Produkte oder die Informationen, auf die auf dieser Website verwiesen wird, au\u00dferhalb der Niederlande erh\u00e4ltlich, angemessen oder legal sind. Jeder, der auf diese Website zugreift, ist selbst daf\u00fcr verantwortlich, sich zu vergewissern, dass die genannten Produkte und Informationen in seinem eigenen Land legal sind. Die Nutzung dieser Website erfolgt auf eigenes Risiko des Kunden.<\/p>\n\n\n\n<h6 class=\"wp-block-heading\"><strong>Informationen<\/strong><\/h6>\n\n\n\n<p>Die von Orisha Ossain \u00fcber diese Website, E-Mail oder andere \u00dcbermittlungsformen bereitgestellten Informationen, einschlie\u00dflich aller Links zu oder von dieser Website, dienen ausschlie\u00dflich historischen, wissenschaftlichen und p\u00e4dagogischen Zwecken und sollten niemals als Empfehlung f\u00fcr eine bestimmte Verwendung unserer Produkte ausgelegt werden. Ich kann keine Verantwortung oder Haftung f\u00fcr die bereitgestellten Informationen \u00fcbernehmen. Die Verwendung, Anwendung, Verpackung, Kennzeichnung, Vermarktung und der Weiterverkauf unserer Produkte erfolgt ausschlie\u00dflich auf eigene Entscheidung, Verantwortung und Risiko des Kunden.<\/p>\n\n\n\n<h6 class=\"wp-block-heading\"><strong>Alter<\/strong><\/h6>\n\n\n\n<p>Um eine Bestellung aufzugeben, muss der Kunde 18 Jahre oder \u00e4lter sein. Jede Bestellung gilt daher als in \u00dcbereinstimmung mit dieser Bedingung eingereicht werden.<\/p>\n\n\n\n<h6 class=\"wp-block-heading\"><strong>Konto<\/strong><\/h6>\n\n\n\n<p>Wenn Sie ein Kundenkonto anlegen, m\u00fcssen Sie Ihren vollst\u00e4ndigen und korrekten Namen angeben. Wenn Sie eine Bestellung aufgeben, m\u00fcssen Sie die korrekte Lieferadresse und Telefonnummer angeben. Andernfalls kann es zu einer Verz\u00f6gerung oder R\u00fccksendung Ihrer Sendung kommen. Ich \u00fcbernehme keine Verantwortung f\u00fcr Lieferprobleme, die auf falsche Angaben zur\u00fcckzuf\u00fchren sind.<\/p>\n\n\n\n<h6 class=\"wp-block-heading\"><strong>Produkt Zweck<\/strong><\/h6>\n\n\n\n<p>Keines unserer Produkte wird zum Zweck des Verzehrs verkauft oder ist dazu bestimmt. Unsere Produkte sind botanische Exemplare von ethnographischem Wert und Interesse und werden ohne ausdr\u00fcckliche oder implizite Eignung f\u00fcr einen bestimmten Zweck geliefert.<\/p>\n\n\n\n<h6 class=\"wp-block-heading\"><strong>Produktunterst\u00fctzung<\/strong><\/h6>\n\n\n\n<p>Ich gebe weder Informationen noch kommuniziere ich \u00fcber die Verwendung unserer Produkte.<\/p>\n\n\n\n<h6 class=\"wp-block-heading\"><strong>Versand Richtlinie<\/strong><\/h6>\n\n\n\n<p>Da die Produkte, die ich verkaufe, nat\u00fcrlich und pflanzlich sind, k\u00f6nnen einige in Ihrem Land eingeschr\u00e4nkt sein. Produkte, von denen ich wei\u00df, dass sie in Ihrem Land illegal sind, sind von der Bestellung ausgeschlossen. Allerdings ist es Ihre letzte Verantwortung, um sicherzustellen, dass alle Artikel in Ihrer Bestellung sind in Ihrem Land erlaubt. Ich bin nicht verantwortlich f\u00fcr Pakete aufgrund von Verlust, durch den Spediteur oder Produkte zur\u00fcckgegeben, beschlagnahmt oder zerst\u00f6rt aufgrund von unvorhergesehenen Zollbestimmungen und unvorhergesehenen globalen Ereignissen.<\/p>\n\n\n\n<h6 class=\"wp-block-heading\"><strong>R\u00fcckgabe- und Erstattungsbedingungen<\/strong><\/h6>\n\n\n\n<p>F\u00fcr die meisten Produkte gilt ein R\u00fccknahme- und R\u00fcckerstattungsverbot. F\u00fcr Tepis und Kuripes und verschiedene R\u00e4ucherst\u00e4bchen gilt ebenfalls ein R\u00fccknahme- und Erstattungsverbot. W\u00e4hrend die Richtlinien aus offensichtlichen Gr\u00fcnden fest sind, werde ich alles tun, was ich kann, um mit Ihnen zu arbeiten und sicherzustellen, dass Ihre Erfahrung positiv ist.<\/p>\n\n\n\n<h6 class=\"wp-block-heading\"><strong>Zur\u00fcckgesandte Bestellungen<\/strong><\/h6>\n\n\n\n<p>Wenn eine Sendung aus irgendeinem Grund, der au\u00dferhalb unserer Kontrolle liegt, zur\u00fcckgeschickt wird, muss ich die Kosten f\u00fcr den erneuten Versand der Bestellung in Rechnung stellen.<\/p>\n\n\n\n<h6 class=\"wp-block-heading\"><strong>R\u00fcckerstattung zur\u00fcckgesandter Bestellungen<\/strong><\/h6>\n\n\n\n<p>Erstattungen werden von Fall zu Fall gepr\u00fcft. Ich erstatte keine Versandkosten.<\/p>\n\n\n\n<h6 class=\"wp-block-heading\"><strong>Lieferzeiten<\/strong><\/h6>\n\n\n\n<p>Ich kann die Lieferzeiten nicht garantieren und kann nicht f\u00fcr die Verz\u00f6gerung verantwortlich gemacht werden. Zoll- oder Werkskontrollbeh\u00f6rden k\u00f6nnen Ihr Paket untersuchen und die Lieferung verz\u00f6gern,<br>was sich meiner Kontrolle entzieht.<\/p>\n\n\n\n<h6 class=\"wp-block-heading\"><strong>Urheberrecht<\/strong><\/h6>\n\n\n\n<p>Alle Inhalte dieser Website sind urheberrechtlich gesch\u00fctzt. Die Weiterverbreitung, Weitergabe, Wiederver\u00f6ffentlichung oder kommerzielle Nutzung der Inhalte oder Bilder auf dieser Website sind ohne die Zustimmung von Orisha Ossain ausdr\u00fccklich untersagt. Alle Rechte vorbehalten.<\/p>\n\n\n\n<h6 class=\"wp-block-heading\"><strong>Beschr\u00e4nkte Haftung<\/strong><\/h6>\n\n\n\n<p>Orisha Ossain haftet nicht f\u00fcr Sch\u00e4den jeglicher Art, die sich aus oder im Zusammenhang mit der Nutzung dieser Website oder der Produkte ergeben. Die Nutzung dieser Website und diese Nutzungsbedingungen unterliegen dem niederl\u00e4ndischen Recht.<\/p>\n\n\n\n<h6 class=\"wp-block-heading\">Haftungsausschluss<\/h6>\n\n\n\n<p>Diese Website und die Materialien und Produkte auf dieser Website werden ohne M\u00e4ngelgew\u00e4hr und ohne ausdr\u00fcckliche oder stillschweigende Garantien jeglicher Art bereitgestellt. Soweit dies nach geltendem Recht zul\u00e4ssig ist, lehnen wir jegliche ausdr\u00fcckliche oder stillschweigende Gew\u00e4hrleistung ab, einschlie\u00dflich, aber nicht beschr\u00e4nkt auf die stillschweigende Gew\u00e4hrleistung der Marktg\u00e4ngigkeit und der Eignung f\u00fcr einen bestimmten Zweck sowie der Nichtverletzung von Rechten Dritter.<\/p>","protected":false},"excerpt":{"rendered":"<p>Agreement The use of this website is subject to the conditions laid down below, be it for historical, scientific and\/or educational purposes or the ordering of products. This means that when you visit or shop at Orisha Ossain you are agreeing to these conditions. Please make sure you read them carefully. Law I make no&#8230;<\/p>","protected":false},"author":1,"featured_media":0,"parent":0,"menu_order":0,"comment_status":"closed","ping_status":"closed","template":"","meta":{"_seopress_robots_primary_cat":"","_seopress_titles_title":"Terms &amp; Conditions","_seopress_titles_desc":"","_seopress_robots_index":"","_kad_blocks_custom_css":"","_kad_blocks_head_custom_js":"","_kad_blocks_body_custom_js":"","_kad_blocks_footer_custom_js":"","_kad_post_transparent":"","_kad_post_title":"","_kad_post_layout":"right","_kad_post_sidebar_id":"","_kad_post_content_style":"","_kad_post_vertical_padding":"","_kad_post_feature":"","_kad_post_feature_position":"","_kad_post_header":false,"_kad_post_footer":false,"_kad_post_classname":"","footnotes":""},"class_list":["post-368","page","type-page","status-publish"],"taxonomy_info":[],"featured_image_src_large":false,"author_info":{"display_name":"admin","author_link":"https:\/\/orisha-ossain.com\/de\/author\/admin\/"},"comment_info":0,"_links":{"self":[{"href":"https:\/\/orisha-ossain.com\/de\/wp-json\/wp\/v2\/pages\/368","targetHints":{"allow":["GET"]}}],"collection":[{"href":"https:\/\/orisha-ossain.com\/de\/wp-json\/wp\/v2\/pages"}],"about":[{"href":"https:\/\/orisha-ossain.com\/de\/wp-json\/wp\/v2\/types\/page"}],"author":[{"embeddable":true,"href":"https:\/\/orisha-ossain.com\/de\/wp-json\/wp\/v2\/users\/1"}],"replies":[{"embeddable":true,"href":"https:\/\/orisha-ossain.com\/de\/wp-json\/wp\/v2\/comments?post=368"}],"version-history":[{"count":0,"href":"https:\/\/orisha-ossain.com\/de\/wp-json\/wp\/v2\/pages\/368\/revisions"}],"wp:attachment":[{"href":"https:\/\/orisha-ossain.com\/de\/wp-json\/wp\/v2\/media?parent=368"}],"curies":[{"name":"wp","href":"https:\/\/api.w.org\/{rel}","templated":true}]}}