{"id":2721,"date":"2024-01-27T13:04:53","date_gmt":"2024-01-27T12:04:53","guid":{"rendered":"http:\/\/orisha-ossain.com\/?page_id=2721"},"modified":"2025-01-15T19:26:55","modified_gmt":"2025-01-15T18:26:55","slug":"privacy-policy","status":"publish","type":"page","link":"https:\/\/orisha-ossain.com\/de\/privacy-policy\/","title":{"rendered":"Datenschutzbestimmungen"},"content":{"rendered":"<p>Sobald Sie meine Website besuchen oder mich kontaktieren, erhalte ich Informationen \u00fcber Sie. In dieser Datenschutzerkl\u00e4rung erkl\u00e4re ich, was ich mit diesen Informationen mache. Ich gehe mit Ihren Daten stets sorgf\u00e4ltig um und bewahre sie sicher auf. Wenn Sie Fragen haben oder wissen m\u00f6chten, welche Informationen ich \u00fcber Sie habe, kontaktieren Sie mich bitte. Ich kann diese Datenschutzerkl\u00e4rung bei Bedarf \u00e4ndern. Ich empfehle Ihnen, diese Datenschutzerkl\u00e4rung regelm\u00e4\u00dfig zu lesen, damit Sie \u00fcber diese \u00c4nderungen informiert sind. Diese Datenschutzerkl\u00e4rung wurde zuletzt am 27-01-2024 ge\u00e4ndert.<\/p>\n\n\n\n<p><strong>Inhalt<\/strong><strong>&nbsp;<\/strong><strong><\/strong><\/p>\n\n\n\n<p>1. <strong>Wann wenden Sie diese Datenschutzerkl\u00e4rung an?<\/strong><\/p>\n\n\n\n<p>2. <strong>Wer nutzt Ihre Daten?<\/strong><\/p>\n\n\n\n<p>3. <strong>Wessen Daten werden <\/strong><strong>I <\/strong><strong>verwenden?<\/strong><\/p>\n\n\n\n<p>4. <strong>Wie werden <\/strong><strong>I <\/strong><strong>Ihre Daten erhalten?<\/strong><\/p>\n\n\n\n<p>5. <strong>Welche Daten von Ihnen machen <\/strong><strong>I<\/strong><strong>&nbsp;verwenden?<\/strong><\/p>\n\n\n\n<p>6. <strong>Was tun <\/strong><strong>I<\/strong><strong>&nbsp;Ihre Daten zu verwenden?<\/strong><\/p>\n\n\n\n<p>7. <strong>Wie lange dauert <\/strong><strong>I<\/strong><strong>&nbsp;Ihre Daten speichern?<\/strong><\/p>\n\n\n\n<p>8. <strong>Wer hat <\/strong><strong>I<\/strong><strong>&nbsp;Ihre Daten mit anderen teilen?<\/strong><\/p>\n\n\n\n<p>9. <strong>Wo werden <\/strong><strong>I<\/strong><strong>&nbsp;Ihre Daten speichern?<\/strong><\/p>\n\n\n\n<p>10. <strong>Wie sicher sind Ihre Daten bei <\/strong><strong>ich<\/strong><strong>?<\/strong><\/p>\n\n\n\n<p>11. <strong>Welche Rechte haben Sie?<\/strong><\/p>\n\n\n\n<p>12. <strong>Welche Regeln gelten f\u00fcr diese Datenschutzerkl\u00e4rung?<\/strong><\/p>\n\n\n\n<p>13. <strong>Welche Cookies gibt es <\/strong><strong>I<\/strong><strong>&nbsp;verwenden?<\/strong><\/p>\n\n\n\n<p>14. <strong>Was tun <\/strong><strong>I<\/strong><strong>&nbsp;mit den Daten von Minderj\u00e4hrigen zu tun?<\/strong><\/p>\n\n\n\n<p>15. <strong>Haben Sie eine Frage zu dieser Datenschutzrichtlinie?<\/strong><\/p>\n\n\n\n<p><strong>1. Wann wenden Sie diese Datenschutzerkl\u00e4rung an?<\/strong><\/p>\n\n\n\n<p><strong>&nbsp;<\/strong>Diese Datenschutzerkl\u00e4rung gilt f\u00fcr alle personenbezogenen Daten, die ich verarbeite und f\u00fcr alle Domains, die mit mir in Verbindung stehen. Dies betrifft die personenbezogenen Daten aller Personen, die jemals mit mir in Kontakt standen oder meine Website besucht haben, wie Besucher, Kunden und Gesch\u00e4ftskontakte. Personenbezogene Daten sind alle Daten, die auf Sie als Person zur\u00fcckgef\u00fchrt werden k\u00f6nnen, wie zum Beispiel Ihr Name, Ihre Telefonnummer, Ihre IP-Adresse, Ihre Kundennummer oder Ihr Surfverhalten. Wenn Sie mehr \u00fcber personenbezogene Daten erfahren m\u00f6chten, besuchen Sie bitte die Website der niederl\u00e4ndischen Datenschutzbeh\u00f6rde.<\/p>\n\n\n\n<p><strong>2. Wer nutzt Ihre Daten? <\/strong><strong><\/strong><\/p>\n\n\n\n<p>BTS Trading ist verantwortlich f\u00fcr die Website orisha-ossain und damit die verantwortliche Organisation f\u00fcr die Verwendung Ihrer Daten, wie in dieser Datenschutzerkl\u00e4rung beschrieben. Die vollst\u00e4ndigen Details sind:<\/p>\n\n\n\n<p>BTS- Trading<br>Nieuwstraat 1b<br>5911 JS Venlo<br>14115593<\/p>\n\n\n\n<p><strong>3. Wessen Daten werden <\/strong><strong>I<\/strong><strong>&nbsp;verwenden?<\/strong><\/p>\n\n\n\n<p>Ich verarbeite die personenbezogenen Daten aller Personen, die mit mir in Kontakt getreten sind oder meine Website besucht haben. Dazu geh\u00f6ren Besucher, Privatkunden, Gesch\u00e4ftskunden und Kontaktpersonen meiner Partner.<\/p>\n\n\n\n<p><strong>4. Wie erhalte ich Ihre Daten?<\/strong><\/p>\n\n\n\n<p>Ich erhalte die Daten direkt von Ihnen, sobald Sie:<\/p>\n\n\n\n<p>Eine Bestellung auf der Website aufgeben<\/p>\n\n\n\n<p><strong>5. Welche Daten von Ihnen verwende ich<\/strong><\/p>\n\n\n\n<p>Ich verwende die folgenden Daten:<\/p>\n\n\n\n<p>Name<br>Anschrift oder Gesch\u00e4ftsadresse<br>Lieferadresse<br>E-Mail Adresse<br>Rufnummer<\/p>\n\n\n\n<p><strong>6. Wof\u00fcr verwende ich Ihre Daten?<\/strong><\/p>\n\n\n\n<p>Ich verwende Ihre Daten nur f\u00fcr den Zweck, f\u00fcr den ich sie verwenden darf:<\/p>\n\n\n\n<p>Ich verwende Ihre Daten, um Ihnen als Kunden den besten Service zu bieten, was ohne diese Daten nicht m\u00f6glich ist.<\/p>\n\n\n\n<p><strong>7. Wie lange dauert <\/strong><strong>I<\/strong><strong>&nbsp;Ihre Daten behalten? <\/strong><strong><\/strong><\/p>\n\n\n\n<p>Ich bewahre Ihre Daten so lange auf, wie ich gesetzlich dazu verpflichtet bin und so lange, wie es f\u00fcr den Zweck, f\u00fcr den ich Ihre Daten verwende, erforderlich ist. Solange Sie zum Beispiel Kunde bei mir sind, speichere ich Ihre Daten gem\u00e4\u00df der gesetzlichen Aufbewahrungsfrist von sieben Jahren. Danach bewahre ich Ihre Daten nur noch zu statistischen Zwecken und zur Bearbeitung von Beschwerden oder Rechtsangelegenheiten auf. Wenn Sie mehr dar\u00fcber wissen wollen, wie lange ich bestimmte Daten \u00fcber Sie speichere, nehmen Sie bitte Kontakt mit mir auf.<\/p>\n\n\n\n<p><strong>8. Wer tun <\/strong><strong>I<\/strong><strong>&nbsp;Ihre Daten mit anderen teilen? <\/strong><\/p>\n\n\n\n<p>Ich verarbeite Ihre Daten nur selbst. Ich gebe Ihre Daten nicht an andere weiter.<\/p>\n\n\n\n<p><strong>9. Wo speichere ich Ihre Daten?&nbsp;<\/strong><\/p>\n\n\n\n<p>Ich verarbeite Ihre Daten innerhalb des Europ\u00e4ischen Wirtschaftsraums. Das bedeutet, dass ich Ihre Daten auch innerhalb des EWR speichere. Wenn Sie Fragen dazu haben, k\u00f6nnen Sie mich gerne kontaktieren.<\/p>\n\n\n\n<p><strong>10. Wie sicher sind Ihre Daten bei mir?<\/strong> <\/p>\n\n\n\n<p>Ich habe viel getan, um Ihre Daten so gut wie m\u00f6glich zu sch\u00fctzen, sowohl organisatorisch als auch technisch. Ich habe meine Systeme und verschiedene Kommunikationsmittel gesichert, damit Ihre Daten nicht in fremde H\u00e4nde gelangen. Ihre Daten sind also bei mir sicher. Ich sorge auch daf\u00fcr, dass Ihre Daten nur von Personen verwendet werden, die von mir die Erlaubnis dazu erhalten haben.<\/p>\n\n\n\n<p><strong>11. Welche Rechte haben Sie? <\/strong><\/p>\n\n\n\n<p>Da ich Ihre Daten verwende, haben Sie verschiedene Rechte. Ich habe diese Rechte im Folgenden f\u00fcr Sie aufgelistet.<\/p>\n\n\n\n<p><strong>Recht auf Information <\/strong><strong><\/strong><\/p>\n\n\n\n<p>Ich muss Ihnen verst\u00e4ndlich und klar erkl\u00e4ren, was ich mit Ihren Daten mache und welche Kontrolle Sie dar\u00fcber haben. Deshalb erkl\u00e4re ich in dieser Datenschutzerkl\u00e4rung ausf\u00fchrlich, welche Daten ich von Ihnen erhebe und wie ich mit Ihren Daten umgehe.<\/p>\n\n\n\n<p><strong>Recht auf Zugang<\/strong><strong><\/strong><\/p>\n\n\n\n<p>Sie k\u00f6nnen mich jederzeit auffordern, die \u00fcber Sie gespeicherten Daten einzusehen.<\/p>\n\n\n\n<p><strong>Recht auf Berichtigung <\/strong><strong><\/strong><\/p>\n\n\n\n<p>Sie k\u00f6nnen mich bitten, Ihre Daten zu berichtigen, wenn sie falsch oder unvollst\u00e4ndig sind.<\/p>\n\n\n\n<p><strong>Recht auf Widerspruch <\/strong><strong><\/strong><\/p>\n\n\n\n<p>Sie k\u00f6nnen der Verarbeitung Ihrer Daten widersprechen, wenn Sie mit der Art und Weise, wie ich Ihre personenbezogenen Daten verwende, nicht einverstanden sind. Dieses Recht gilt f\u00fcr die Daten, die ich f\u00fcr Direktmarketing verwende. Sie k\u00f6nnen mir mitteilen, dass Sie keine E-Mails mehr von mir erhalten m\u00f6chten. Dies gilt auch f\u00fcr personalisierte Empfehlungen auf meiner Website.<\/p>\n\n\n\n<p><strong>Recht auf Daten\u00fcbertragbarkeit<\/strong><\/p>\n\n\n\n<p>Wenn Sie ein Kunde von mir sind oder wenn Sie der Verwendung Ihrer Daten zugestimmt haben, k\u00f6nnen Sie mich bitten, Ihnen die digitalen Daten, die ich \u00fcber Sie habe, zu schicken. Auf diese Weise k\u00f6nnen Sie diese Daten an eine andere Organisation weitergeben, wenn Sie dies w\u00fcnschen.<br>&nbsp;<\/p>\n\n\n\n<p><strong>Recht auf Einschr\u00e4nkung <\/strong><\/p>\n\n\n\n<p>Sie k\u00f6nnen darum bitten, die Verwendung Ihrer Daten einzuschr\u00e4nken. Das bedeutet, dass ich in bestimmten F\u00e4llen Ihre Daten nur speichern, aber nicht verwenden darf.<\/p>\n\n\n\n<p><strong>Recht auf Vergessenwerden <\/strong><strong><\/strong><\/p>\n\n\n\n<p>Sie k\u00f6nnen mich auffordern, alle Daten, die ich \u00fcber Sie habe, zu l\u00f6schen. Ich werde dann alle Daten l\u00f6schen, die zu Ihnen zur\u00fcckverfolgt werden k\u00f6nnen. In manchen F\u00e4llen kann oder darf ich Ihre Daten noch nicht l\u00f6schen. Zum Beispiel muss ich einige Daten f\u00fcr die Steuerbeh\u00f6rden 7 Jahre lang aufbewahren.<\/p>\n\n\n\n<p><strong>Recht auf Einreichung einer Beschwerde <\/strong><strong><\/strong><\/p>\n\n\n\n<p>Sie k\u00f6nnen eine Beschwerde dar\u00fcber einreichen, wie ich Ihre Daten behandle. Wenn Sie eine Beschwerde haben, bin ich gerne bereit, diese f\u00fcr Sie zu l\u00f6sen. Nehmen Sie dazu bitte Kontakt mit mir auf. Sie k\u00f6nnen Ihre Beschwerde auch bei der niederl\u00e4ndischen Datenschutzbeh\u00f6rde einreichen. Nat\u00fcrlich hoffe ich, dass es nicht so weit kommt, aber wenn es n\u00f6tig ist, k\u00f6nnen Sie auch vor Gericht gehen. In diesem Fall ist das Gericht am Gesch\u00e4ftssitz von BTS Trading f\u00fcr Ihre Beschwerde zust\u00e4ndig.<\/p>\n\n\n\n<p><strong>Wie kann ich einen Antrag oder eine Beschwerde einreichen? <\/strong><strong><\/strong><\/p>\n\n\n\n<p>Sie k\u00f6nnen Ihre Anfrage oder Beschwerde an mich richten, indem Sie eine E-Mail an info@orsiha-ossain.com senden. Ich bearbeite jeden Antrag oder jede Beschwerde innerhalb von 30 Tagen. Wenn Sie mehrere Antr\u00e4ge oder Beschwerden einreichen oder wenn Sie einen komplexen Antrag oder eine komplexe Beschwerde einreichen, kann dies mehr Zeit in Anspruch nehmen. In diesem Fall werde ich mich sp\u00e4testens nach 60 Tagen mit Ihnen in Verbindung setzen. Ich kann Sie auffordern, sich zu identifizieren. In diesem Fall werde ich Sie bitten, bestimmte Informationen zu \u00fcbermitteln, um sicherzustellen, dass Sie die richtige Person sind, deren personenbezogene Daten betroffen sind.<\/p>\n\n\n\n<p><strong>12. Welche Regeln gelten f\u00fcr diese Datenschutzerkl\u00e4rung?<\/strong><\/p>\n\n\n\n<p>Meine Datenschutzerkl\u00e4rung muss mehrere Bedingungen erf\u00fcllen. Diese Bedingungen sind insbesondere in der niederl\u00e4ndischen allgemeinen Datenschutzverordnung zu finden. Dar\u00fcber hinaus gelten f\u00fcr meine Datenschutzerkl\u00e4rung die allgemeinen Regeln des niederl\u00e4ndischen Rechts.<\/p>\n\n\n\n<p><strong>13. Welche Cookies verwende ich?<\/strong><\/p>\n\n\n\n<p>Sie k\u00f6nnen selbst angeben, welche Daten ich von Ihnen verwenden darf. Wenn Sie mir erlaubt haben, Ihr Profil auf der Grundlage Ihres Surf- und Suchverhaltens zu personalisieren,<\/p>\n\n\n\n<p>Ich kann meine Website speziell f\u00fcr Sie einrichten, damit die Nutzung einfacher und pers\u00f6nlicher wird. Ich verwende dazu Cookies. Ein Cookie ist eine kleine Textdatei, die auf Ihrer Hardware gespeichert wird, wenn Sie meine Website besuchen.<\/p>\n\n\n\n<p>Ich verwende die folgenden Arten von Cookies auf meiner Website:<\/p>\n\n\n\n<p>Funktionale Cookies: wie Sitzungs- und Anmeldecookies zur Erfassung von Sitzungs- und Anmeldeinformationen.<\/p>\n\n\n\n<p><strong>14. Was mache ich mit den Daten von Minderj\u00e4hrigen?<\/strong><\/p>\n\n\n\n<p>Ich wende mich mit meiner Website oder als Organisation nicht an Minderj\u00e4hrige. Das bedeutet, dass Sie, wenn Sie unter 18 Jahre alt sind, die Erlaubnis eines Elternteils oder Erziehungsberechtigten ben\u00f6tigen, um meine Website zu nutzen. Wenn Sie minderj\u00e4hrig sind und meine Website oder meinen Webshop besuchen, gehe ich davon aus, dass Sie diese Erlaubnis vor Ihrem Besuch erhalten haben.<\/p>\n\n\n\n<p><strong>15. Haben Sie eine Frage zu dieser Datenschutzrichtlinie?<\/strong><\/p>\n\n\n\n<p>Wenn Sie eine Frage zu meiner Datenschutzpolitik haben, k\u00f6nnen Sie mich gerne unter folgender Adresse kontaktieren.<\/p>\n\n\n\n<p>info@orsisha-ossain.com. <\/p>\n\n\n\n<p>Ich helfe gerne.<\/p>","protected":false},"excerpt":{"rendered":"<p>As soon as you visit my&nbsp;website or contact me, I&nbsp;receive information about you. In this privacy statement, I explain what I do with that information. I&nbsp;always handle your information with care and store it securely. If you have any questions or want to know what information&nbsp;I&nbsp;have on you, please contact me. I&nbsp;may amend this privacy&#8230;<\/p>","protected":false},"author":1,"featured_media":0,"parent":0,"menu_order":0,"comment_status":"closed","ping_status":"closed","template":"","meta":{"_seopress_robots_primary_cat":"","_seopress_titles_title":"Privacy Policy","_seopress_titles_desc":"","_seopress_robots_index":"yes","_kad_blocks_custom_css":"","_kad_blocks_head_custom_js":"","_kad_blocks_body_custom_js":"","_kad_blocks_footer_custom_js":"","_kad_post_transparent":"","_kad_post_title":"","_kad_post_layout":"right","_kad_post_sidebar_id":"","_kad_post_content_style":"","_kad_post_vertical_padding":"","_kad_post_feature":"","_kad_post_feature_position":"","_kad_post_header":false,"_kad_post_footer":false,"_kad_post_classname":"","footnotes":""},"class_list":["post-2721","page","type-page","status-publish"],"taxonomy_info":[],"featured_image_src_large":false,"author_info":{"display_name":"admin","author_link":"https:\/\/orisha-ossain.com\/de\/author\/admin\/"},"comment_info":0,"_links":{"self":[{"href":"https:\/\/orisha-ossain.com\/de\/wp-json\/wp\/v2\/pages\/2721","targetHints":{"allow":["GET"]}}],"collection":[{"href":"https:\/\/orisha-ossain.com\/de\/wp-json\/wp\/v2\/pages"}],"about":[{"href":"https:\/\/orisha-ossain.com\/de\/wp-json\/wp\/v2\/types\/page"}],"author":[{"embeddable":true,"href":"https:\/\/orisha-ossain.com\/de\/wp-json\/wp\/v2\/users\/1"}],"replies":[{"embeddable":true,"href":"https:\/\/orisha-ossain.com\/de\/wp-json\/wp\/v2\/comments?post=2721"}],"version-history":[{"count":0,"href":"https:\/\/orisha-ossain.com\/de\/wp-json\/wp\/v2\/pages\/2721\/revisions"}],"wp:attachment":[{"href":"https:\/\/orisha-ossain.com\/de\/wp-json\/wp\/v2\/media?parent=2721"}],"curies":[{"name":"wp","href":"https:\/\/api.w.org\/{rel}","templated":true}]}}